{"id":1883,"date":"2021-10-07T11:29:40","date_gmt":"2021-10-07T09:29:40","guid":{"rendered":"https:\/\/feuerwehrwoerth.de\/?page_id=1883"},"modified":"2021-10-07T12:02:30","modified_gmt":"2021-10-07T10:02:30","slug":"warum-martinshorn-bei-nacht","status":"publish","type":"page","link":"https:\/\/feuerwehrwoerth.de\/index.php\/buergerinformationen\/warum-martinshorn-bei-nacht\/","title":{"rendered":"Warum Martinshorn bei Nacht?"},"content":{"rendered":"\n<p>Ja, auch bei Nacht m\u00fcssen Feuerwehr und Co. das Martinshorn anschalten!<\/p>\n\n\n\n<p>Ein Einsatzfahrzeug rauscht vor dem Haus vorbei, mitten in der Nacht. Jetzt ist man wach! Was ist denn passiert? Wieso m\u00fcssen die so einen L\u00e4rm verursachen? Kann ich nicht in Ruhe schlafen? Immer wieder \u00e4rgern sich Menschen dar\u00fcber, wenn Feuerwehr, Rettungsdienste und Polizei \u201eKrach\u201c machen und das Martinshorn auch dann benutzen, wenn sowieso kein Verkehr herrscht. Dass sich die Retter, die \u00fcbrigens an einer Stelle dringend gebraucht werden, nur an die gesetzlichen Vorgaben halten, wissen wenige.<\/p>\n\n\n\n<p>R\u00fcckt zum Beispiel der Rettungsdienst aus, dann z\u00e4hlt in der Regel jede Minute. Das legt auch der Disponent der Leitstelle bei der Alarmierung auf Basis der gesammelten Informationen des Anrufes fest, ob die Anfahrt mit oder ohne Sondersignal erfolgen muss. Zudem besteht eine sogenannte Hilfsfrist. Vom Eingang der Notfallmeldung bis zum Eintreffen am Notfallort d\u00fcrfen in Rheinland-Pfalz 15 Minuten vergehen. In den Stadtgebieten kann dies auch meist eingehalten werden. Schwieriger wird das ganze meist in den l\u00e4ndlicheren Gegenden, denn hier sind die Strecken zwischen Ortschaften weiter &#8211; die Anfahrt dauert l\u00e4nger.<\/p>\n\n\n\n<p>Im \u00a738 der Stra\u00dfenverkehrsordnung hei\u00dft es im Absatz 1: &#8222;Blaues Blinklicht zusammen mit dem Einsatzhorn darf nur verwendet werden, wenn h\u00f6chste Eile geboten ist, um Menschenleben zu retten oder schwere gesundheitliche Sch\u00e4den abzuwenden, eine Gefahr f\u00fcr die \u00f6ffentliche Sicherheit oder Ordnung abzuwenden, fl\u00fcchtige Personen zu verfolgen oder bedeutende Sachwerte zu erhalten&#8220;. Umgehend haben die Verkehrsteilnehmer freie Bahn zu schaffen. Insbesondere auf Autobahnen muss \u00fcbrigens schon bei stockendem Verkehr eine Rettungsgasse zwischen dem linken und den rechts daneben befindlichen Fahrstreifen gebildet werden.<\/p>\n\n\n\n<p>Autofahrer m\u00fcssen die M\u00f6glichkeit haben, rechtzeitig reagieren zu k\u00f6nnen und gef\u00e4hrliche Fahrman\u00f6ver oder gar Unf\u00e4lle zu vermeiden. Dabei spielt die Uhrzeit gar keine Rolle. Nur, wenn Blaulicht und Martinshorn zusammen aktiv sind, m\u00fcssen die Verkehrsteilnehmer zur Seite fahren. In Kurven oder un\u00fcbersichtlichen Stra\u00dfenbereichen k\u00f6nnen Fu\u00dfg\u00e4nger herannahende Rettungsfahrzeuge mit Blaulicht erst sp\u00e4t erkennen. Ist aber auch ein akustisches Signal wahrnehmbar, wird auf eine \u201eGefahrensituation\u201c aufmerksam gemacht. So kann man sich rechtzeitig darauf &#8222;vorbereiten&#8220;.<\/p>\n\n\n\n<p>Jeder sollte froh sein, wenn Feuerwehr, Rettungsdienst, Notarzt, Polizei und Technisches Hilfswerk schnell zur Stelle sind. Jeder kann in eine Situation kommen, in der er diese Hilfe braucht. Jeder kann dazu beitragen, den Rettern auf der Stra\u00dfe ein schnelles Durchkommen zu erm\u00f6glichen. Egal, ob mittags oder mitten in der Nacht. <\/p>\n\n\n\n<blockquote class=\"wp-block-quote\"><p>Mit freundlicher Genehmigung<\/p><cite><a href=\"https:\/\/www.facebook.com\/FWMRN\/\" class=\"ek-link is-layout-flow wp-block-quote-is-layout-flow\">Feuerwehren Metropolregion Rhein-Neckar<\/a><\/cite><\/blockquote>\n","protected":false},"excerpt":{"rendered":"<p>Ja, auch bei Nacht m\u00fcssen Feuerwehr und Co. das Martinshorn anschalten! Ein Einsatzfahrzeug rauscht vor dem Haus vorbei, mitten in der Nacht. Jetzt ist man wach! Was ist denn passiert? Wieso m\u00fcssen die so einen L\u00e4rm verursachen? Kann ich nicht in Ruhe schlafen? Immer wieder \u00e4rgern sich Menschen dar\u00fcber, wenn Feuerwehr, Rettungsdienste und Polizei \u201eKrach\u201c [&hellip;]<\/p>\n","protected":false},"author":1,"featured_media":1638,"parent":1903,"menu_order":0,"comment_status":"closed","ping_status":"closed","template":"","meta":{"advgb_blocks_editor_width":"","advgb_blocks_columns_visual_guide":"","ngg_post_thumbnail":0,"footnotes":""},"class_list":["post-1883","page","type-page","status-publish","has-post-thumbnail","hentry"],"coauthors":[],"author_meta":{"author_link":"https:\/\/feuerwehrwoerth.de\/index.php\/author\/chris\/","display_name":"Christian"},"relative_dates":{"created":"Posted 5\u00a0Jahren ago","modified":"Updated 5\u00a0Jahren ago"},"absolute_dates":{"created":"Posted on 7. Oktober 2021","modified":"Updated on 7. Oktober 2021"},"absolute_dates_time":{"created":"Posted on 7. Oktober 2021 11:29","modified":"Updated on 7. Oktober 2021 12:02"},"featured_img_caption":"","featured_img":"https:\/\/feuerwehrwoerth.de\/wp-content\/uploads\/2021\/10\/ab-tank-e1641155729620.jpg","series_order":"","jetpack_sharing_enabled":true,"_links":{"self":[{"href":"https:\/\/feuerwehrwoerth.de\/index.php\/wp-json\/wp\/v2\/pages\/1883","targetHints":{"allow":["GET"]}}],"collection":[{"href":"https:\/\/feuerwehrwoerth.de\/index.php\/wp-json\/wp\/v2\/pages"}],"about":[{"href":"https:\/\/feuerwehrwoerth.de\/index.php\/wp-json\/wp\/v2\/types\/page"}],"author":[{"embeddable":true,"href":"https:\/\/feuerwehrwoerth.de\/index.php\/wp-json\/wp\/v2\/users\/1"}],"replies":[{"embeddable":true,"href":"https:\/\/feuerwehrwoerth.de\/index.php\/wp-json\/wp\/v2\/comments?post=1883"}],"version-history":[{"count":3,"href":"https:\/\/feuerwehrwoerth.de\/index.php\/wp-json\/wp\/v2\/pages\/1883\/revisions"}],"predecessor-version":[{"id":1914,"href":"https:\/\/feuerwehrwoerth.de\/index.php\/wp-json\/wp\/v2\/pages\/1883\/revisions\/1914"}],"up":[{"embeddable":true,"href":"https:\/\/feuerwehrwoerth.de\/index.php\/wp-json\/wp\/v2\/pages\/1903"}],"wp:featuredmedia":[{"embeddable":true,"href":"https:\/\/feuerwehrwoerth.de\/index.php\/wp-json\/wp\/v2\/media\/1638"}],"wp:attachment":[{"href":"https:\/\/feuerwehrwoerth.de\/index.php\/wp-json\/wp\/v2\/media?parent=1883"}],"curies":[{"name":"wp","href":"https:\/\/api.w.org\/{rel}","templated":true}]}}