{"id":1899,"date":"2021-10-07T11:28:55","date_gmt":"2021-10-07T09:28:55","guid":{"rendered":"https:\/\/feuerwehrwoerth.de\/?page_id=1899"},"modified":"2023-04-11T11:11:48","modified_gmt":"2023-04-11T09:11:48","slug":"irrtuemer-zur-feuerwehr","status":"publish","type":"page","link":"https:\/\/feuerwehrwoerth.de\/index.php\/buergerinformationen\/irrtuemer-zur-feuerwehr\/","title":{"rendered":"Irrt\u00fcmer \u00fcber die Feuerwehr"},"content":{"rendered":"\n<h2 class=\"wp-block-heading advgb-dyn-281ddae3\">Die Freiwillige Feuerwehr vs. Berufsfeuerwehr<\/h2>\n\n\n\n<p>&#8222;Wenn ihr nicht kommt, dann kommt ja die Berufsfeuerwehr&#8220; oder &#8222;Seid ihr von der <em>richtigen<\/em> Feuerwehr?&#8220; Solche S\u00e4tze hat sicherlich jeder Angeh\u00f6rige einer Freiwilligen Feuerwehr schon einmal geh\u00f6rt. Fakt ist, nur etwa 4% (in 111 St\u00e4dten, Stand 10\/2021) der Feuerwehren in Deutschland sind Berufsfeuerwehren. Die restlichen rund 96% (ca. 22.346, Stand 12\/2018) sind freiwillige Feuerwehren mit circa 1 Million Mitgliedern im aktiven Einsatzdienst. Eine Berufsfeuerwehr ist in Rheinland-Pfalz erst ab 90.000 Einwohnern gesetzlich vorgeschrieben. Und selbst in Gro\u00dfst\u00e4dten sind freiwillige Feuerwehren wichtig f\u00fcr die Gefahrenabwehr. In kleineren St\u00e4dten wie W\u00f6rth am Rhein gibt es ausschlie\u00dflich freiwillige Feuerwehrleute. Wenn Sie also in W\u00f6rth die 112 anrufen, kommen in jedem Fall wir, ihre Freiwillige Feuerwehr.<\/p>\n\n\n\n<h2 class=\"wp-block-heading advgb-dyn-5e8be6ee\">Im Feuerwehrger\u00e4tehaus ist rund um die Uhr jemand da<\/h2>\n\n\n\n<p>Oft wird die \u00f6rtliche Rufnummer vom n\u00e4chsten Feuerwehrger\u00e4tehaus, statt der 112 angerufen. Da wir eine freiwillige Feuerwehr sind und unsere Einsatzkr\u00e4fte nur ehrenamtlich arbeiten, sitzen wir nicht dauerhaft im Ger\u00e4tehaus und warten auf den n\u00e4chsten Einsatz. Wir sind wie Sie, arbeiten, bei der Familie oder bei Freunden. Erst wenn \u00fcber die Notrufnummer 112 ein Notruf abgesetzt wird, alarmiert uns die Integrierte Leitstelle S\u00fcdpfalz (ILS) \u00fcber unsere Funkmelder. Nach der Alarmierung per Funkmelder fahren wir das Ger\u00e4tehaus an, ziehen uns um, besetzen die Fahrzeuge und fahren zum Hilfesuchenden.<\/p>\n\n\n\n<h2 class=\"wp-block-heading advgb-dyn-12b8cef3\">Wer den Notruf w\u00e4hlt, muss auch f\u00fcr den Einsatz der Feuerwehr zahlen<\/h2>\n\n\n\n<p>Wenn Sie einen Brand, Verkehrsunfall oder \u00e4hnliches entdecken und diesen \u00fcber die 112 melden, m\u00fcssen sie <strong><em>nichts zahlen<\/em><\/strong>. Dieser Irrtum ist noch weit verbreitet und er ist gef\u00e4hrlich. Wenn Sie aus Angst vor Kosten bei einem Notfall nicht helfen oder die 112 anrufen, k\u00f6nnen Sie sich sogar der unterlassenen Hilfeleistung schuldig machen. Jedoch gibt es F\u00e4lle, in denen der Einsatz in Rechnung gestellt werden kann &#8211; m\u00fcssen wir z.B. bei einem nicht angemeldeten Gartenabfallfeuer anr\u00fccken, kann das f\u00fcr den Gartenbesitzer Kosten zur Folge haben, aber nicht f\u00fcr den Anrufer.<\/p>\n\n\n\n<h2 class=\"wp-block-heading advgb-dyn-98ebcf7e\">Bei der Feuerwehr gibt\u2019s nur M\u00e4nner<\/h2>\n\n\n\n<p>Ganz klar nein. Von aktuell 53 ehrenamtlich T\u00e4tigen sind bei uns 8 Frauen t\u00e4tig. Das sind rund 15%. Damit liegen wir sogar \u00fcber dem deutschen Durchschnitt von rund 9,9%. Erfreulicherweise entscheiden sich immer mehr Frauen f\u00fcr den Dienst in ihrer Freiwilligen Feuerwehr, <a class=\"ek-link\" href=\"https:\/\/feuerwehrwoerth.de\/index.php\/mitmachen\/\">denn helfen kann jeder<\/a>, egal ob Mann oder Frau.<\/p>\n\n\n\n<h2 class=\"wp-block-heading advgb-dyn-eac8e0aa\">Die freiwilligen Feuerwehrleute werden f\u00fcr Ihre Arbeit bezahlt<\/h2>\n\n\n\n<p>Auch das ist nicht ganz richtig. Wir sind wie der Name schon sagt, <em>freiwillig <\/em>in der Feuerwehr. Wir opfern hierzu unsere Freizeit und \u00fcben diese T\u00e4tigkeit ehrenamtlich aus, werden also nicht daf\u00fcr bezahlt. Lediglich f\u00fcr kostenpflichtige Eins\u00e4tze erhalten wir eine <em>geringe Aufwandsentsch\u00e4digung<\/em>. Einige F\u00fchrungspositionen der Freiwilligen Feuerwehr bekommen ebenfalls eine <em>geringe Aufwandsentsch\u00e4digung<\/em>. <\/p>\n","protected":false},"excerpt":{"rendered":"<p>Die Freiwillige Feuerwehr vs. Berufsfeuerwehr &#8222;Wenn ihr nicht kommt, dann kommt ja die Berufsfeuerwehr&#8220; oder &#8222;Seid ihr von der richtigen Feuerwehr?&#8220; Solche S\u00e4tze hat sicherlich jeder Angeh\u00f6rige einer Freiwilligen Feuerwehr schon einmal geh\u00f6rt. Fakt ist, nur etwa 4% (in 111 St\u00e4dten, Stand 10\/2021) der Feuerwehren in Deutschland sind Berufsfeuerwehren. Die restlichen rund 96% (ca. 22.346, [&hellip;]<\/p>\n","protected":false},"author":1,"featured_media":1962,"parent":1903,"menu_order":0,"comment_status":"closed","ping_status":"closed","template":"","meta":{"advgb_blocks_editor_width":"","advgb_blocks_columns_visual_guide":"","ngg_post_thumbnail":0,"footnotes":""},"class_list":["post-1899","page","type-page","status-publish","has-post-thumbnail","hentry"],"coauthors":[],"author_meta":{"author_link":"https:\/\/feuerwehrwoerth.de\/index.php\/author\/chris\/","display_name":"Christian"},"relative_dates":{"created":"Posted 5\u00a0Jahren ago","modified":"Updated 3\u00a0Jahren ago"},"absolute_dates":{"created":"Posted on 7. Oktober 2021","modified":"Updated on 11. April 2023"},"absolute_dates_time":{"created":"Posted on 7. Oktober 2021 11:28","modified":"Updated on 11. April 2023 11:11"},"featured_img_caption":"","featured_img":"https:\/\/feuerwehrwoerth.de\/wp-content\/uploads\/2021\/10\/2021-10-07-irrtuemer-feuerwehr.jpg","series_order":"","jetpack_sharing_enabled":true,"_links":{"self":[{"href":"https:\/\/feuerwehrwoerth.de\/index.php\/wp-json\/wp\/v2\/pages\/1899","targetHints":{"allow":["GET"]}}],"collection":[{"href":"https:\/\/feuerwehrwoerth.de\/index.php\/wp-json\/wp\/v2\/pages"}],"about":[{"href":"https:\/\/feuerwehrwoerth.de\/index.php\/wp-json\/wp\/v2\/types\/page"}],"author":[{"embeddable":true,"href":"https:\/\/feuerwehrwoerth.de\/index.php\/wp-json\/wp\/v2\/users\/1"}],"replies":[{"embeddable":true,"href":"https:\/\/feuerwehrwoerth.de\/index.php\/wp-json\/wp\/v2\/comments?post=1899"}],"version-history":[{"count":15,"href":"https:\/\/feuerwehrwoerth.de\/index.php\/wp-json\/wp\/v2\/pages\/1899\/revisions"}],"predecessor-version":[{"id":4918,"href":"https:\/\/feuerwehrwoerth.de\/index.php\/wp-json\/wp\/v2\/pages\/1899\/revisions\/4918"}],"up":[{"embeddable":true,"href":"https:\/\/feuerwehrwoerth.de\/index.php\/wp-json\/wp\/v2\/pages\/1903"}],"wp:featuredmedia":[{"embeddable":true,"href":"https:\/\/feuerwehrwoerth.de\/index.php\/wp-json\/wp\/v2\/media\/1962"}],"wp:attachment":[{"href":"https:\/\/feuerwehrwoerth.de\/index.php\/wp-json\/wp\/v2\/media?parent=1899"}],"curies":[{"name":"wp","href":"https:\/\/api.w.org\/{rel}","templated":true}]}}