{"id":1919,"date":"2021-10-07T14:43:10","date_gmt":"2021-10-07T12:43:10","guid":{"rendered":"https:\/\/feuerwehrwoerth.de\/?page_id=1919"},"modified":"2021-10-25T23:41:18","modified_gmt":"2021-10-25T21:41:18","slug":"informationen-zu-rauchmeldern","status":"publish","type":"page","link":"https:\/\/feuerwehrwoerth.de\/index.php\/buergerinformationen\/informationen-zu-rauchmeldern\/","title":{"rendered":"Informationen zu Rauchmeldern"},"content":{"rendered":"\n<div class=\"wp-block-advgb-infobox advgb-infobox-wrapper has-text-align-center advgb-infobox-9f69c302-2190-4b03-bc08-7a27f8cfabce\"><div class=\"advgb-infobox-wrap\"><div class=\"advgb-infobox-icon-container\"><div class=\"advgb-infobox-icon-inner-container\"><i class=\"material-icons-outlined\">info<\/i><\/div><\/div><div class=\"advgb-infobox-textcontent\"><h3 class=\"advgb-infobox-title\">Tipps zur richtigen Handhabe von Rauchmeldern in Rheinland-Pfalz<\/h3><p class=\"advgb-infobox-text\"><\/p><\/div><\/div><\/div>\n\n\n\n<p>Der Satz Rauchmelder retten Leben h\u00f6rt man sehr h\u00e4ufig von Feuerwehren und deren Angeh\u00f6rigen. Doch was steckt dahinter? Auf dieser Seite wollen wir Ihnen ein paar Informationen zum Thema Rauchmelder vorstellen und Ihnen sagen, wie Sie sich weitergehend informieren k\u00f6nnen.<\/p>\n\n\n\n<p>Wieso sind Rauchmelder wichtig? Die meisten Todesopfer von Wohnungsbr\u00e4nden sterben nicht &#8211; wie h\u00e4ufig vermutet &#8211; am Feuer selbst, sondern durch eine Rauchvergiftung. Diese kann bereits nach wenigen Minuten t\u00f6dlich sein. Wenn also ein Feuer ausbricht, ist es wichtig, sich und alle weiteren Bewohner eines Hauses schnellstm\u00f6glich in Sicherheit zu bringen. Da handels\u00fcbliche Rauchmelder weder das Feuer bek\u00e4mpfen noch die Feuerwehr alarmieren k\u00f6nnen, muss der Brand anschlie\u00dfend \u00fcber die <strong>europaweite Notrufnummer 112<\/strong> gemeldet werden. Anschlie\u00dfend wird durch die zust\u00e4ndige Stelle die Feuerwehr alarmiert die n\u00e4chstgelegene Feuerwehr.<\/p>\n\n\n\n<p>Inzwischen gibt es im gesamten Bundesgebiet eine <strong>Einbaupflicht<\/strong> f\u00fcr Rauchmelder. In Rheinland-Pfalz ist das bereits seit einigen Jahren f\u00fcr alle Neu- und Altbauten der Fall. Doch wo m\u00fcssen Rauchmelder in Rheinland-Pfalz angebracht werden? In der Landesbauordnung Rheinland-Pfalz (LBauO) vom 24. November 1998 steht unter <a href=\"http:\/\/landesrecht.rlp.de\/jportal\/?quelle=jlink&amp;query=BauO+RP+%C2%A7+44&amp;psml=bsrlpprod.psml\" target=\"_blank\" aria-label=\" (opens in a new tab)\" rel=\"noreferrer noopener\" class=\"ek-link\">\u00a7 44 Abs. 7<\/a> geschrieben:<\/p>\n\n\n\n<blockquote class=\"wp-block-quote is-layout-flow wp-block-quote-is-layout-flow\"><p>In Wohnungen m\u00fcssen Schlafr\u00e4ume und Kinderzimmer sowie Flure, \u00fcber die Rettungswege von Aufenthaltsr\u00e4umen f\u00fchren, jeweils mindestens einen Rauchwarnmelder haben. Die Rauchwarnmelder m\u00fcssen so eingebaut und betrieben werden, dass Brandrauch fr\u00fchzeitig erkannt und gemeldet wird. Bestehende Wohnungen sind entsprechend auszustatten.<\/p><\/blockquote>\n\n\n\n<p>Somit ist es Pflicht, Rauchmelder in Wohngeb\u00e4uden in allen Schlaf- und Kinderzimmern anzubringen. Zus\u00e4tzlich m\u00fcssen alle Flure, die als Rettungswege aus dem Geb\u00e4ude genutzt werden, mit Rauchmeldern ausgestattet werden. Weitere Melder (bspw. im Arbeitszimmer) schaden nat\u00fcrlich auch nicht. Bei der Installation ist zu beachten, dass eine Funktions\u00fcberpr\u00fcfung des Melders m\u00f6glich sein, er also zug\u00e4nglich sein muss. Zudem muss Rauch von allen Seiten in die Messkammer des Melder eindringen k\u00f6nnen. Darum sollte er nicht am Rand eines Zimmers, sondern mit ausreichendem Abstand zur Wand angebracht sein. Eine ordnungsgem\u00e4\u00dfe Grundausstattung ist eine Investition in das h\u00f6chste Gut: Es geht um Ihre Sicherheit und die Ihrer Familie!<\/p>\n\n\n\n<p>Wir werden oft angesprochen, wer denn daf\u00fcr sorgen muss, dass ausreichend Rauchmelder im Wohnraum vorhanden sind. Auch daf\u00fcr haben wir eine eindeutige Antwort f\u00fcr Sie: Sowohl bei selbst genutztem als auch bei vermietetem Wohnraum ist der Eigent\u00fcrmer verantwortlich, dass gen\u00fcgend Rauchmelder installiert sind. Das Ger\u00fccht, dass die Feuerwehren die ben\u00f6tigten Rauchmelder montieren w\u00fcrden, entspricht nicht der Wahrheit. Ebenfalls falsch ist, dass Feuerwehren die installierten Rauchmelder in Wohnungen \u00fcberpr\u00fcfen und warten w\u00fcrden. In selbst genutzem Wohnraum ist auch hier der Eigent\u00fcmer daf\u00fcr verantwortlich. Bei Mietwohnungen liegt diese Pflicht bei dem Bewohner bzw. Mieter der Wohnung (Ausnahme: Der Eigent\u00fcmer f\u00fchrt die Wartung selbst durch). Es muss immer sichergestellt werden, dass alle Rauchmelder zu jeder Zeit betriebsbereit bleiben. Zur regelm\u00e4\u00dfigen \u00dcberpr\u00fcfung befindet sich auf den Meldern ein Testknopf. Dadurch kann die eingebaute Sirene testweise ausgel\u00f6st werden.<\/p>\n\n\n\n<p>Rauchmelder gibt es an zahlreichen Orten im Einzel- und Onlinehandel zu kaufen. Wichtig ist dabei, dass die folgenden Mindestleistungsmerkmale nach der DIN-Norm DIN EN 14604 erf\u00fcllt werden:<\/p>\n\n\n\n<ul class=\"wp-block-list\"><li>CE-Kennzeichnung (inklusive Pr\u00fcfnummer)<\/li><li>Kennzeichnung des Herstellers\/Lieferanten<\/li><li>Herstellungsdatum und sp\u00e4testes Austauschdatum<\/li><li>Sichtbarer Hinweis, dass die ordnungsgem\u00e4\u00dfe Funktion nach jedem Batteriewechsel mit der Pr\u00fcftaste getestet werden muss<\/li><\/ul>\n\n\n\n<p>Weiterhin empfehlen wir Ihnen die Internetseite des <a href=\"https:\/\/www.rauchmelder-lebensretter.de\" target=\"_blank\" aria-label=\" (opens in a new tab)\" rel=\"noreferrer noopener\" class=\"ek-link\">Forum Brandrauchpr\u00e4vention e.V.<\/a> Dort finden Sie immer die aktuellsten Informationen zum richtigen Umgang mit Rauchmeldern.<\/p>\n<style class=\"advgb-styles-renderer\">#advgb-infobox-9f69c302-2190-4b03-bc08-7a27f8cfabce, .advgb-infobox-9f69c302-2190-4b03-bc08-7a27f8cfabce {background-color: #f5f5f5;padding: 20px 20px 20px 20px;border: 0px solid #e8e8e8 ;border-radius: 0px;}#advgb-infobox-9f69c302-2190-4b03-bc08-7a27f8cfabce .advgb-infobox-icon-container, .advgb-infobox-9f69c302-2190-4b03-bc08-7a27f8cfabce .advgb-infobox-icon-container {background-color: #f5f5f5;padding: 0;margin: 0;border: 0px solid #e8e8e8 ;border-radius: 0px;}#advgb-infobox-9f69c302-2190-4b03-bc08-7a27f8cfabce .advgb-infobox-icon-container i, .advgb-infobox-9f69c302-2190-4b03-bc08-7a27f8cfabce .advgb-infobox-icon-container i {color: #333;font-size: 70px;display: block;}#advgb-infobox-9f69c302-2190-4b03-bc08-7a27f8cfabce .advgb-infobox-textcontent .advgb-infobox-title, .advgb-infobox-9f69c302-2190-4b03-bc08-7a27f8cfabce .advgb-infobox-textcontent .advgb-infobox-title {color: #333;padding: 0;margin: 5px 0 10px 0;white-space: pre-wrap;}#advgb-infobox-9f69c302-2190-4b03-bc08-7a27f8cfabce .advgb-infobox-textcontent .advgb-infobox-text, .advgb-infobox-9f69c302-2190-4b03-bc08-7a27f8cfabce .advgb-infobox-textcontent .advgb-infobox-text {color: #333;padding: 0;margin: 0;white-space: pre-wrap;}<\/style>","protected":false},"excerpt":{"rendered":"<p>Der Satz Rauchmelder retten Leben h\u00f6rt man sehr h\u00e4ufig von Feuerwehren und deren Angeh\u00f6rigen. Doch was steckt dahinter? Auf dieser Seite wollen wir Ihnen ein paar Informationen zum Thema Rauchmelder vorstellen und Ihnen sagen, wie Sie sich weitergehend informieren k\u00f6nnen. Wieso sind Rauchmelder wichtig? Die meisten Todesopfer von Wohnungsbr\u00e4nden sterben nicht &#8211; wie h\u00e4ufig vermutet [&hellip;]<\/p>\n","protected":false},"author":1,"featured_media":1931,"parent":1903,"menu_order":0,"comment_status":"closed","ping_status":"closed","template":"","meta":{"advgb_blocks_editor_width":"","advgb_blocks_columns_visual_guide":"","ngg_post_thumbnail":0,"footnotes":""},"class_list":["post-1919","page","type-page","status-publish","has-post-thumbnail","hentry"],"coauthors":[],"author_meta":{"author_link":"https:\/\/feuerwehrwoerth.de\/index.php\/author\/chris\/","display_name":"Christian"},"relative_dates":{"created":"Posted 5\u00a0Jahren ago","modified":"Updated 5\u00a0Jahren ago"},"absolute_dates":{"created":"Posted on 7. Oktober 2021","modified":"Updated on 25. Oktober 2021"},"absolute_dates_time":{"created":"Posted on 7. Oktober 2021 14:43","modified":"Updated on 25. Oktober 2021 23:41"},"featured_img_caption":"","featured_img":"https:\/\/feuerwehrwoerth.de\/wp-content\/uploads\/2021\/10\/2021-10-07-rauchmelder-e1681295619143.jpg","series_order":"","jetpack_sharing_enabled":true,"_links":{"self":[{"href":"https:\/\/feuerwehrwoerth.de\/index.php\/wp-json\/wp\/v2\/pages\/1919","targetHints":{"allow":["GET"]}}],"collection":[{"href":"https:\/\/feuerwehrwoerth.de\/index.php\/wp-json\/wp\/v2\/pages"}],"about":[{"href":"https:\/\/feuerwehrwoerth.de\/index.php\/wp-json\/wp\/v2\/types\/page"}],"author":[{"embeddable":true,"href":"https:\/\/feuerwehrwoerth.de\/index.php\/wp-json\/wp\/v2\/users\/1"}],"replies":[{"embeddable":true,"href":"https:\/\/feuerwehrwoerth.de\/index.php\/wp-json\/wp\/v2\/comments?post=1919"}],"version-history":[{"count":9,"href":"https:\/\/feuerwehrwoerth.de\/index.php\/wp-json\/wp\/v2\/pages\/1919\/revisions"}],"predecessor-version":[{"id":2219,"href":"https:\/\/feuerwehrwoerth.de\/index.php\/wp-json\/wp\/v2\/pages\/1919\/revisions\/2219"}],"up":[{"embeddable":true,"href":"https:\/\/feuerwehrwoerth.de\/index.php\/wp-json\/wp\/v2\/pages\/1903"}],"wp:featuredmedia":[{"embeddable":true,"href":"https:\/\/feuerwehrwoerth.de\/index.php\/wp-json\/wp\/v2\/media\/1931"}],"wp:attachment":[{"href":"https:\/\/feuerwehrwoerth.de\/index.php\/wp-json\/wp\/v2\/media?parent=1919"}],"curies":[{"name":"wp","href":"https:\/\/api.w.org\/{rel}","templated":true}]}}