{"id":1944,"date":"2021-10-07T16:25:45","date_gmt":"2021-10-07T14:25:45","guid":{"rendered":"https:\/\/feuerwehrwoerth.de\/?page_id=1944"},"modified":"2021-10-07T16:29:55","modified_gmt":"2021-10-07T14:29:55","slug":"weihnachten","status":"publish","type":"page","link":"https:\/\/feuerwehrwoerth.de\/index.php\/buergerinformationen\/weihnachten\/","title":{"rendered":"Informationen zur Weihnachtszeit"},"content":{"rendered":"\n<div class=\"wp-block-advgb-infobox advgb-infobox-wrapper has-text-align-center advgb-infobox-9f69c302-2190-4b03-bc08-7a27f8cfabce\"><div class=\"advgb-infobox-wrap\"><div class=\"advgb-infobox-icon-container\"><div class=\"advgb-infobox-icon-inner-container\"><i class=\"material-icons-outlined\">info<\/i><\/div><\/div><div class=\"advgb-infobox-textcontent\"><h3 class=\"advgb-infobox-title\">Tipps zur Verh\u00fctung von Br\u00e4nden an Adventskranz und Weihnachtsbaum<\/h3><p class=\"advgb-infobox-text\"><\/p><\/div><\/div><\/div>\n\n\n\n<p>Jedes Jahr in der Advents- und Weihnachtszeit ereignen sich zahlreiche Br\u00e4nde von Adventskr\u00e4nzen, -gestecken und Weihnachtsb\u00e4umen. Brandursache in fast allen F\u00e4llen: unsachgem\u00e4\u00dfer oder leichtsinniger Umgang mit brennenden Wachskerzen.<\/p>\n\n\n\n<ul class=\"wp-block-list\"><li>Kann ein Entstehungsbrand nicht beim allerersten Versuch gel\u00f6scht werden &#8211; Raum verlassen &#8211; T\u00fcren schlie\u00dfen &#8211; Mitbewohner warnen und die Feuerwehr (Notruf 112) alarmieren.<\/li><li>Kaufen Sie den Weihnachtsbaum erst kurz vor dem Weihnachtsfest und bewahren Sie ihn in einem Gef\u00e4\u00df mit Wasser auf, damit er nicht schon fr\u00fch austrocknet.<\/li><li>W\u00e4hlen Sie bei der Aufstellung des Adventskranzes bzw. des Weihnachtsbaumes einen geeigneten Standort im Raum und achten Sie auf ausreichenden Abstand zu leicht brennbaren Einrichtungsgegenst\u00e4nden (Vorh\u00e4nge etc.).<\/li><li>Lassen Sie Kinder nie alleine in einem Raum, wenn Kerzen brennen.<\/li><li>Lassen Sie Wachskerzen an Adventskr\u00e4nzen und Weihnachtsb\u00e4umen niemals ohne Aufsicht brennen.<\/li><li>Verwenden Sie nicht-brennbare Kerzenhalter.<\/li><li>Halten Sie zwischen den Kerzen und den Tannenzweigen gen\u00fcgend Abstand ein.<\/li><li>Stellen Sie den Adventskranz auf eine nicht-brennbare Unterlage; Sorgen Sie bei der Aufstellung des Weihnachtsbaumes f\u00fcr festen und sicheren Stand des Baumes.<\/li><li>Bei elektrischer Weihnachtsbaumbeleuchtung achten Sie unbedingt auf das VDE- und GS- Pr\u00fcfzeichen.<\/li><li>Halten Sie f\u00fcr alle F\u00e4lle geeignete L\u00f6schmittel (z.B. Feuerl\u00f6scher mit dem L\u00f6schmittel Wasser, Eimer mit Wasser) bereit; ein Glas Wasser wird in der Regel nicht ausreichend sein.<\/li><li>Z\u00f6gern Sie bei Brandausbruch nicht, die Feuerwehr unter Notruf 112 zu alarmieren.<\/li><li>Auch bei der Zubereitung eines Festessens kann einmal etwas schiefgehen. Bedenken Sie, dass brennendes Fett in Pfanne oder Friteuse nie mit Wasser gel\u00f6scht werden darf. Beim Einsatz von Wasser w\u00e4re eine Fettexplosion die Folge; spritzendes Fett ist h\u00f6chst gef\u00e4hrlich. Legen Sie im Falle eines Falles den Deckel auf den Topf oder Pfanne, und nehmen Sie das Beh\u00e4ltnis von der Herdplatte und schalten Sie die Herdplatte aus. Ein festsitzender Deckel erstickt das Feuer, die Flamme erlischt.<\/li><\/ul>\n<style class=\"advgb-styles-renderer\">#advgb-infobox-9f69c302-2190-4b03-bc08-7a27f8cfabce, .advgb-infobox-9f69c302-2190-4b03-bc08-7a27f8cfabce {background-color: #f5f5f5;padding: 20px 20px 20px 20px;border: 0px solid #e8e8e8 ;border-radius: 0px;}#advgb-infobox-9f69c302-2190-4b03-bc08-7a27f8cfabce .advgb-infobox-icon-container, .advgb-infobox-9f69c302-2190-4b03-bc08-7a27f8cfabce .advgb-infobox-icon-container {background-color: #f5f5f5;padding: 0;margin: 0;border: 0px solid #e8e8e8 ;border-radius: 0px;}#advgb-infobox-9f69c302-2190-4b03-bc08-7a27f8cfabce .advgb-infobox-icon-container i, .advgb-infobox-9f69c302-2190-4b03-bc08-7a27f8cfabce .advgb-infobox-icon-container i {color: #333;font-size: 70px;display: block;}#advgb-infobox-9f69c302-2190-4b03-bc08-7a27f8cfabce .advgb-infobox-textcontent .advgb-infobox-title, .advgb-infobox-9f69c302-2190-4b03-bc08-7a27f8cfabce .advgb-infobox-textcontent .advgb-infobox-title {color: #333;padding: 0;margin: 5px 0 10px 0;white-space: pre-wrap;}#advgb-infobox-9f69c302-2190-4b03-bc08-7a27f8cfabce .advgb-infobox-textcontent .advgb-infobox-text, .advgb-infobox-9f69c302-2190-4b03-bc08-7a27f8cfabce .advgb-infobox-textcontent .advgb-infobox-text {color: #333;padding: 0;margin: 0;white-space: pre-wrap;}<\/style>","protected":false},"excerpt":{"rendered":"<p>Jedes Jahr in der Advents- und Weihnachtszeit ereignen sich zahlreiche Br\u00e4nde von Adventskr\u00e4nzen, -gestecken und Weihnachtsb\u00e4umen. Brandursache in fast allen F\u00e4llen: unsachgem\u00e4\u00dfer oder leichtsinniger Umgang mit brennenden Wachskerzen. Kann ein Entstehungsbrand nicht beim allerersten Versuch gel\u00f6scht werden &#8211; Raum verlassen &#8211; T\u00fcren schlie\u00dfen &#8211; Mitbewohner warnen und die Feuerwehr (Notruf 112) alarmieren. Kaufen Sie den [&hellip;]<\/p>\n","protected":false},"author":1,"featured_media":1949,"parent":1903,"menu_order":0,"comment_status":"closed","ping_status":"closed","template":"","meta":{"advgb_blocks_editor_width":"","advgb_blocks_columns_visual_guide":"","ngg_post_thumbnail":0,"footnotes":""},"class_list":["post-1944","page","type-page","status-publish","has-post-thumbnail","hentry"],"coauthors":[],"author_meta":{"author_link":"https:\/\/feuerwehrwoerth.de\/index.php\/author\/chris\/","display_name":"Christian"},"relative_dates":{"created":"Posted 5\u00a0Jahren ago","modified":"Updated 5\u00a0Jahren ago"},"absolute_dates":{"created":"Posted on 7. Oktober 2021","modified":"Updated on 7. Oktober 2021"},"absolute_dates_time":{"created":"Posted on 7. Oktober 2021 16:25","modified":"Updated on 7. Oktober 2021 16:29"},"featured_img_caption":"","featured_img":"https:\/\/feuerwehrwoerth.de\/wp-content\/uploads\/2021\/10\/2021-10-07-weihnachtsbaum-e1681295594251.jpg","series_order":"","jetpack_sharing_enabled":true,"_links":{"self":[{"href":"https:\/\/feuerwehrwoerth.de\/index.php\/wp-json\/wp\/v2\/pages\/1944","targetHints":{"allow":["GET"]}}],"collection":[{"href":"https:\/\/feuerwehrwoerth.de\/index.php\/wp-json\/wp\/v2\/pages"}],"about":[{"href":"https:\/\/feuerwehrwoerth.de\/index.php\/wp-json\/wp\/v2\/types\/page"}],"author":[{"embeddable":true,"href":"https:\/\/feuerwehrwoerth.de\/index.php\/wp-json\/wp\/v2\/users\/1"}],"replies":[{"embeddable":true,"href":"https:\/\/feuerwehrwoerth.de\/index.php\/wp-json\/wp\/v2\/comments?post=1944"}],"version-history":[{"count":3,"href":"https:\/\/feuerwehrwoerth.de\/index.php\/wp-json\/wp\/v2\/pages\/1944\/revisions"}],"predecessor-version":[{"id":1948,"href":"https:\/\/feuerwehrwoerth.de\/index.php\/wp-json\/wp\/v2\/pages\/1944\/revisions\/1948"}],"up":[{"embeddable":true,"href":"https:\/\/feuerwehrwoerth.de\/index.php\/wp-json\/wp\/v2\/pages\/1903"}],"wp:featuredmedia":[{"embeddable":true,"href":"https:\/\/feuerwehrwoerth.de\/index.php\/wp-json\/wp\/v2\/media\/1949"}],"wp:attachment":[{"href":"https:\/\/feuerwehrwoerth.de\/index.php\/wp-json\/wp\/v2\/media?parent=1944"}],"curies":[{"name":"wp","href":"https:\/\/api.w.org\/{rel}","templated":true}]}}