{"id":1951,"date":"2021-10-07T16:36:45","date_gmt":"2021-10-07T14:36:45","guid":{"rendered":"https:\/\/feuerwehrwoerth.de\/?page_id=1951"},"modified":"2021-10-07T20:18:30","modified_gmt":"2021-10-07T18:18:30","slug":"vegetationsbraende","status":"publish","type":"page","link":"https:\/\/feuerwehrwoerth.de\/index.php\/buergerinformationen\/vegetationsbraende\/","title":{"rendered":"Informationen zu Vegetationsbr\u00e4nden"},"content":{"rendered":"\n<div class=\"wp-block-advgb-infobox advgb-infobox-wrapper has-text-align-center advgb-infobox-9f69c302-2190-4b03-bc08-7a27f8cfabce\"><div class=\"advgb-infobox-wrap\"><div class=\"advgb-infobox-icon-container\"><div class=\"advgb-infobox-icon-inner-container\"><i class=\"material-icons-outlined\">info<\/i><\/div><\/div><div class=\"advgb-infobox-textcontent\"><h3 class=\"advgb-infobox-title\">Tipps zur Vermeidung von Wald- und Fl\u00e4chenbr\u00e4nden<\/h3><p class=\"advgb-infobox-text\"><\/p><\/div><\/div><\/div>\n\n\n\n<p>Best\u00e4ndiges trockenes Wetter kombiniert mit warmen Temperaturen sorgen oftmals f\u00fcr ein hohes Risiko von Vegetationsbr\u00e4nden, also Wald- und Fl\u00e4chenbr\u00e4nden. Auch gelegentliche, kurze Regenschauer \u00e4ndern daran nichts. Dieses Risiko wird vom Deutschen Wetterdienst (DWD) mit dem <a href=\"http:\/\/www.wettergefahren.de\/warnungen\/indizes\/waldbrand.html\" class=\"ek-link\">Waldbrandgefahrenindex (WBI)<\/a> beschrieben. Es existieren 5 Warnstufen, welche von einer sehr geringen bis zu einer sehr hohen Gefahr von Waldbr\u00e4nden reichen. Da die meisten Vegetationsbr\u00e4nde durch Menschenhand entstehen, wollen wir Ihnen ein paar Ratschl\u00e4ge geben, wie Sie solche Risiken durch ein wenig Achtsamkeit vermeiden k\u00f6nnen:<\/p>\n\n\n\n<ul class=\"wp-block-list\"><li>Kein Feuer entz\u00fcnden und nicht in N\u00e4he der Vegetation rauchen!<\/li><li>Nicht in Waldn\u00e4he grillen!<\/li><li>Keine Glasflaschen liegen lassen! Durch den Brennglaseffekt kann ein Brand entstehen!<\/li><li>Autos nicht im Wald abstellen! Ein hei\u00dfer Auspuff kann trockenes Material entz\u00fcnden.<\/li><li>Kein Feuer zur Entfernung von Unkraut verwenden!<\/li><li>Keine Zigarettenstummel achtlos wegwerfen!<\/li><\/ul>\n\n\n\n<p>Und wenn Sie doch einmal einen Brand entdecken, w\u00e4hlen Sie sofort den <a href=\"https:\/\/feuerwehrwoerth.de\/index.php\/kontakt\/notruf\/\" class=\"ek-link\">Notruf 112<\/a> und versuchen Sie am Telefon ihren momentanen Aufenthaltsort m\u00f6glichst genau zu beschreiben. Weisen Sie an Ihrem Ort ankommenden Einsatzkr\u00e4ften den Weg zu den Br\u00e4nden. Feuer in Waldgebieten sind schwer zu finden. Eine schnelle Brandbek\u00e4mpfung ist jedoch vor allem in den trockenen Monaten sehr wichtig, um eine Ausbreitung zu verhindern und den Schaden an der Natur m\u00f6glichst gering zu halten. Doch eines ist dabei zu beachten: Begeben Sie sich jedoch niemals selbst in Gefahr! Halten Sie einen sicheren Abstand zum Feuer!<\/p>\n<style class=\"advgb-styles-renderer\">#advgb-infobox-9f69c302-2190-4b03-bc08-7a27f8cfabce, .advgb-infobox-9f69c302-2190-4b03-bc08-7a27f8cfabce {background-color: #f5f5f5;padding: 20px 20px 20px 20px;border: 0px solid #e8e8e8 ;border-radius: 0px;}#advgb-infobox-9f69c302-2190-4b03-bc08-7a27f8cfabce .advgb-infobox-icon-container, .advgb-infobox-9f69c302-2190-4b03-bc08-7a27f8cfabce .advgb-infobox-icon-container {background-color: #f5f5f5;padding: 0;margin: 0;border: 0px solid #e8e8e8 ;border-radius: 0px;}#advgb-infobox-9f69c302-2190-4b03-bc08-7a27f8cfabce .advgb-infobox-icon-container i, .advgb-infobox-9f69c302-2190-4b03-bc08-7a27f8cfabce .advgb-infobox-icon-container i {color: #333;font-size: 70px;display: block;}#advgb-infobox-9f69c302-2190-4b03-bc08-7a27f8cfabce .advgb-infobox-textcontent .advgb-infobox-title, .advgb-infobox-9f69c302-2190-4b03-bc08-7a27f8cfabce .advgb-infobox-textcontent .advgb-infobox-title {color: #333;padding: 0;margin: 5px 0 10px 0;white-space: pre-wrap;}#advgb-infobox-9f69c302-2190-4b03-bc08-7a27f8cfabce .advgb-infobox-textcontent .advgb-infobox-text, .advgb-infobox-9f69c302-2190-4b03-bc08-7a27f8cfabce .advgb-infobox-textcontent .advgb-infobox-text {color: #333;padding: 0;margin: 0;white-space: pre-wrap;}<\/style>","protected":false},"excerpt":{"rendered":"<p>Best\u00e4ndiges trockenes Wetter kombiniert mit warmen Temperaturen sorgen oftmals f\u00fcr ein hohes Risiko von Vegetationsbr\u00e4nden, also Wald- und Fl\u00e4chenbr\u00e4nden. Auch gelegentliche, kurze Regenschauer \u00e4ndern daran nichts. Dieses Risiko wird vom Deutschen Wetterdienst (DWD) mit dem Waldbrandgefahrenindex (WBI) beschrieben. Es existieren 5 Warnstufen, welche von einer sehr geringen bis zu einer sehr hohen Gefahr von Waldbr\u00e4nden [&hellip;]<\/p>\n","protected":false},"author":1,"featured_media":1956,"parent":1903,"menu_order":0,"comment_status":"closed","ping_status":"closed","template":"","meta":{"advgb_blocks_editor_width":"","advgb_blocks_columns_visual_guide":"","ngg_post_thumbnail":0,"footnotes":""},"class_list":["post-1951","page","type-page","status-publish","has-post-thumbnail","hentry"],"coauthors":[],"author_meta":{"author_link":"https:\/\/feuerwehrwoerth.de\/index.php\/author\/chris\/","display_name":"Christian"},"relative_dates":{"created":"Posted 5\u00a0Jahren ago","modified":"Updated 5\u00a0Jahren ago"},"absolute_dates":{"created":"Posted on 7. Oktober 2021","modified":"Updated on 7. Oktober 2021"},"absolute_dates_time":{"created":"Posted on 7. Oktober 2021 16:36","modified":"Updated on 7. Oktober 2021 20:18"},"featured_img_caption":"","featured_img":"https:\/\/feuerwehrwoerth.de\/wp-content\/uploads\/2021\/10\/2021-10-07-vegetationsbrand2-e1681295547613.jpg","series_order":"","jetpack_sharing_enabled":true,"_links":{"self":[{"href":"https:\/\/feuerwehrwoerth.de\/index.php\/wp-json\/wp\/v2\/pages\/1951","targetHints":{"allow":["GET"]}}],"collection":[{"href":"https:\/\/feuerwehrwoerth.de\/index.php\/wp-json\/wp\/v2\/pages"}],"about":[{"href":"https:\/\/feuerwehrwoerth.de\/index.php\/wp-json\/wp\/v2\/types\/page"}],"author":[{"embeddable":true,"href":"https:\/\/feuerwehrwoerth.de\/index.php\/wp-json\/wp\/v2\/users\/1"}],"replies":[{"embeddable":true,"href":"https:\/\/feuerwehrwoerth.de\/index.php\/wp-json\/wp\/v2\/comments?post=1951"}],"version-history":[{"count":2,"href":"https:\/\/feuerwehrwoerth.de\/index.php\/wp-json\/wp\/v2\/pages\/1951\/revisions"}],"predecessor-version":[{"id":1986,"href":"https:\/\/feuerwehrwoerth.de\/index.php\/wp-json\/wp\/v2\/pages\/1951\/revisions\/1986"}],"up":[{"embeddable":true,"href":"https:\/\/feuerwehrwoerth.de\/index.php\/wp-json\/wp\/v2\/pages\/1903"}],"wp:featuredmedia":[{"embeddable":true,"href":"https:\/\/feuerwehrwoerth.de\/index.php\/wp-json\/wp\/v2\/media\/1956"}],"wp:attachment":[{"href":"https:\/\/feuerwehrwoerth.de\/index.php\/wp-json\/wp\/v2\/media?parent=1951"}],"curies":[{"name":"wp","href":"https:\/\/api.w.org\/{rel}","templated":true}]}}