{"id":2262,"date":"2021-10-27T19:04:11","date_gmt":"2021-10-27T17:04:11","guid":{"rendered":"https:\/\/feuerwehrwoerth.de\/?page_id=2262"},"modified":"2021-10-28T15:48:50","modified_gmt":"2021-10-28T13:48:50","slug":"chronik-kapitel-3-die-jahre-1960-1979","status":"publish","type":"page","link":"https:\/\/feuerwehrwoerth.de\/index.php\/ueber-uns\/chronik\/chronik-kapitel-3-die-jahre-1960-1979\/","title":{"rendered":"Kapitel 3: Die Jahre 1960-1979"},"content":{"rendered":"\n<h3 class=\"wp-block-heading\">1960<\/h3>\n\n\n\n<p>Es werden zwei Kameraden zum Gruppenf\u00fchrerlehrgang und der Kommandant zum Kommandantenlehrgang an der Landesfeuerwehrschule angemeldet.<\/p>\n\n\n\n<p>Im Oktober wird der erste Kameradschaftsabend im Saale des Gasthauses \u201eZum R\u00f6ssel&#8220; abgehalten.<\/p>\n\n\n\n<p>Mit der Jahreshauptversammlung sind die f\u00fcnf Jahre freiwillige Verpflichtung abgelaufen. 29 Feuerwehrm\u00e4nner verpflichten sich f\u00fcr weitere f\u00fcnf Jahre. Wehrf\u00fchrer Hugo Pfirrmann wird wieder f\u00fcr weitere f\u00fcnf Jahre gew\u00e4hlt.<\/p>\n\n\n\n<h3 class=\"wp-block-heading\">1961<\/h3>\n\n\n\n<p>Der seitherige stellvertretende Wehrf\u00fchrer Ludwig Kuhn tritt zur\u00fcck. F\u00fcr ihn wird der bei der Gemeindeverwaltung besch\u00e4ftigte Alois W\u00f6schler gew\u00e4hlt.<\/p>\n\n\n\n<h3 class=\"wp-block-heading\">1962<\/h3>\n\n\n\n<p>Im Dezember ist die Wehr zwei Tage und N\u00e4chte im Brandeinsatz beim Hofgut Ludwigsau.<\/p>\n\n\n\n<p>Mit der wachsenden Anforderung an die Feuerwehr durch den Beginn der Industrialisierung in W\u00f6rth wird eine bessere Ausr\u00fcstung notwendig. Aus diesem Grund wird bei der Firma Carl Metz in Karlsruhe ein Tankl\u00f6schfahrzeug (TLF 16) bestellt, das am 21. Dezember an die Feuerwehr \u00fcbergeben wird.<\/p>\n\n\n\n<p>Die Neuanschaffung macht eine Sitzung des Ausschusses notwendig. Hauptpunkt der Sitzung, die in der Wohnung von Felix Pfirrmann abgehalten wird, ist die Aufstellung von drei L\u00f6schgruppen, um eine hundert prozentige Sicherheit bei der Bedienung des TLF zu erreichen.<\/p>\n\n\n\n<h3 class=\"wp-block-heading\">1963<\/h3>\n\n\n\n<p>Im Januar hat das neue Tankl\u00f6schfahrzeug seinen ersten Einsatz. Nacheinem strengen Winter wird in den Gemeinden Minderslachen und H\u00f6fen die Wasserleitung besch\u00e4digt. Daraufhin versorgt die Freiwillige Feuerwehr W\u00f6rth in der Zeit vom 21. bis 24. Januar mit dem TLF 16 die Einwohnerschaft mit Trinkwasser.<\/p>\n\n\n\n<p><br>Im gleichen Jahr \u00fcbernimmt die Freiwillige Feuerwehr W\u00f6rth die Einhebung der Strandgeb\u00fchren f\u00fcr den Strandplatz \u201eMalergarten&#8220; am Rathjens.<\/p>\n\n\n\n<p>Anfang Dezember bestellt die Gemeindeverwaltung ein Tragkraft- spritzenfahrzeug (TSF-FK 1250) und eine Tragkraftspritze (TS 8\/8) bei der Firma Carl Metz in Karlsruhe.<\/p>\n\n\n\n<div class=\"wp-block-image caption-align-center is-style-editorskit-rounded\"><figure class=\"aligncenter size-full is-resized\"><img loading=\"lazy\" decoding=\"async\" src=\"https:\/\/feuerwehrwoerth.de\/wp-content\/uploads\/2021\/10\/TSF-FK-1250.gif\" alt=\"\" class=\"wp-image-2363\" width=\"384\" height=\"238\"\/><figcaption>TLF16, TSF, TSA, P250<\/figcaption><\/figure><\/div>\n\n\n\n<h3 class=\"wp-block-heading\">1964<\/h3>\n\n\n\n<p>In der Jahreshauptversammlung wird dar\u00fcber diskutiert, die Feuerwehr personell gr\u00f6\u00dfer aufzubauen. Man dachte hierbei insbesondere an den Nachwuchs. Die Versammlung ist sich einig, eine Jugendfeuerwehr zu gr\u00fcnden. Im Januar werden das 1963 bestellte Tragkraftspritzenfahrzeug und die Trag-kraftspritze an die Feuerwehr \u00fcbergeben. Im selben Jahr wird noch ein Anh\u00e4nger mit 250 kg L\u00f6schpulver angeschafft.<\/p>\n\n\n\n<h3 class=\"wp-block-heading\">1965<\/h3>\n\n\n\n<p>Es wird zur Gr\u00fcndung einer Jugendfeuerwehr aufgerufen. Worauf sich 22 Jugendliche im Alter von 12 bis 13 Jahren melden. Die Ausbildung \u00fcbernimmt der stellvertretende Wehrf\u00fchrer Alois W\u00f6schler. Der damalige Oberbrandmeister und sp\u00e4tere Kreisbrandinspekteur G\u00fcnter Kadel von der Daimler-Benz AG erkl\u00e4rt sich bereit, bei der Ausbildung der Jugendfeuerwehr mit Rat und Tat zur Seite zu stehen. In der Jahreshauptversammlung wird beschlossen, im n\u00e4chsten Jahr ein Feuerwehrfest abzuhalten um sich der Bev\u00f6lkerung zu pr\u00e4sentieren und Werbung f\u00fcr die Jugendfeuerwehr zu machen.<\/p>\n\n\n\n<p>Als Anlass nimmt man den Fund einer Rechnung, wonach bereits 1816 Feuerwehrger\u00e4tschaft von der Gemeinde W\u00f6rth gekauft wurde.<\/p>\n\n\n\n<p>Bei der Standartenweihe der Freiwilligen Feuerwehr Jockgrim am 11. Juni \u00fcbernimmt die Freiwillige Feuerwehr W\u00f6rth die Patenschaft. Der stellvertretende Wehrf\u00fchrer Alois W\u00f6schler \u00fcberreicht dem Wehrf\u00fchrer von Jockgrim, Wilhelm Guttenbacher, eine Fahnenschleife mit Widmung.<\/p>\n\n\n\n<h3 class=\"wp-block-heading\">1966<\/h3>\n\n\n\n<p>Vom 25. bis 27. Juni wird das 150-j\u00e4hrige Bestehen der Feuerwehr W\u00f6rth am Rhein gefeiert. Das Fest ist verbunden mit dem Kreisfeuerwehrtag des Landkreises Germersheim. Das Jubil\u00e4um verursachte einige Unruhen in der \u00f6rtlichen Presse, da vor allem die Freiwillige Feuerwehr Durlach den Anspruch erhebt, eine der \u00e4ltesten Freiwilligen Feuerwehren Deutschlands zu sein. Erst nachdem klargestellt wird, dass es sich bei dem Jubil\u00e4um nicht um das Bestehen der Freiwilligen Feuerwehr, sondern um das 150-j\u00e4hrige Bestehen einer Feuerwehr in W\u00f6rth handelt, kehrte Ruhe ein.<\/p>\n\n\n\n<div class=\"wp-block-image caption-align-center is-style-editorskit-rounded\"><figure class=\"aligncenter size-full is-resized\"><img loading=\"lazy\" decoding=\"async\" src=\"https:\/\/feuerwehrwoerth.de\/wp-content\/uploads\/2021\/10\/wehr-150-jubilaeum.gif\" alt=\"\" class=\"wp-image-2376\" width=\"388\" height=\"271\"\/><figcaption>Die Wehr beim 150-j\u00e4hrigen Jubil\u00e4um<\/figcaption><\/figure><\/div>\n\n\n\n<p>In der Jahreshauptversammlung wird Hugo Pfirrmann f\u00fcr weitere f\u00fcnf Jahre zum Kommandanten gew\u00e4hlt. Stellvertreter wird Alois W\u00f6schler. Zum Schriftf\u00fchrer und Kassierer wird Erwin Pfirrmann, Walter Pitrov zum Fahrzeugwart und Walter Hoock zum Ger\u00e4tewart gew\u00e4hlt. Als Beisitzer werden Werner Kreitmann, Gerhard Pfirrmann und Eugen Schmuck gew\u00e4hlt.<\/p>\n\n\n\n<h3 class=\"wp-block-heading\">1967<\/h3>\n\n\n\n<p>Die Gemeinde entschlie\u00dft sich, beim Bau der Schulturnhalle an der Damm-schule, den unteren Hallenbereich als Feuerwehrger\u00e4tehaus zu nutzen, da mittlerweile die Unterstellm\u00f6glichkeiten f\u00fcr die Fahrzeuge und Ger\u00e4te nicht mehr ausreichen. Damit konnten nun die Ger\u00e4tschaften der Vorschrift ent-sprechend untergebracht werden. Zudem gew\u00e4hrten die beheizbaren R\u00e4ume auch im Winter die Einsatzbereitschaft.<\/p>\n\n\n\n<p>Im selben Jahr werden ein Schlauchanh\u00e4nger und ein Schaum-Wasserwerfer angeschafft.<\/p>\n\n\n\n<h3 class=\"wp-block-heading\">1968<\/h3>\n\n\n\n<p>In der Jahreshauptversammlung wird beschlossen, wer mindestens f\u00fcnf Jahre aktiv bei der Feuerwehr war, kann auf Wunsch als passives Mitglied bei der Feuerwehr weitergef\u00fchrt werden. Weiterhin steht die Gr\u00fcndung eines Feuerwehrvereins zur Diskussion. Dies wird jedoch von der Versammlung abgelehnt.<\/p>\n\n\n\n<figure class=\"wp-block-gallery aligncenter columns-2 is-cropped wp-block-gallery-1\"><ul class=\"blocks-gallery-grid\"><li class=\"blocks-gallery-item\"><figure><img loading=\"lazy\" decoding=\"async\" width=\"200\" height=\"109\" src=\"https:\/\/feuerwehrwoerth.de\/wp-content\/uploads\/2021\/10\/rw2.gif\" alt=\"\" data-id=\"2375\" data-full-url=\"https:\/\/feuerwehrwoerth.de\/wp-content\/uploads\/2021\/10\/rw2.gif\" data-link=\"https:\/\/feuerwehrwoerth.de\/rw2\/\" class=\"wp-image-2375\"\/><figcaption class=\"blocks-gallery-item__caption is-layout-flex wp-block-gallery-is-layout-flex\">RW 2<\/figcaption><\/figure><\/li><li class=\"blocks-gallery-item\"><figure><img loading=\"lazy\" decoding=\"async\" width=\"200\" height=\"108\" src=\"https:\/\/feuerwehrwoerth.de\/wp-content\/uploads\/2021\/10\/dlk30.gif\" alt=\"\" data-id=\"2370\" data-full-url=\"https:\/\/feuerwehrwoerth.de\/wp-content\/uploads\/2021\/10\/dlk30.gif\" data-link=\"https:\/\/feuerwehrwoerth.de\/dlk30\/\" class=\"wp-image-2370\"\/><figcaption class=\"blocks-gallery-item__caption\">DLK 30<\/figcaption><\/figure><\/li><\/ul><\/figure>\n\n\n\n<h3 class=\"wp-block-heading\">1969<\/h3>\n\n\n\n<p>Die Anforderungen an die Feuerwehr wurden immer gr\u00f6\u00dfer, so dass eine vielseitigere und st\u00e4rkere Wehr erforderlich war. Aus diesem Grund werden ein VW-Mannschaftstransporter (MTF), ein R\u00fcstwagen (RW2) und eine Drehleiter (DLK 30) der Wehr \u00fcbergeben. Der R\u00fcstwagen wird mit speziellen Ger\u00e4ten zur \u00d6lwehr best\u00fcckt und galt als Prototyp seiner Art, mit dem die Freiwillige Feuerwehr W\u00f6rth als erste Wehr in Rheinland-Pfalz ausger\u00fcstet wurde. Die Drehleiter wurde nach dem Bau mehrgeschossiger Wohngeb\u00e4ude sowie den beiden Hochh\u00e4usern notwendig.<\/p>\n\n\n\n<p>In der Jahreshauptversammlung am 30. August legt Hugo Heinrich Pfirrmann aus gesundheitlichen Gr\u00fcnden sein Ehrenamt als Wehrf\u00fchrer nieder. Bei der anschlie\u00dfenden Neuwahl werden Alois W\u00f6schler als Wehrf\u00fchrer und Ludwig Kuhn als Stellvertreter vorgeschlagen und von der Versammlung einstimmig gew\u00e4hlt. Der bisherige Wehrf\u00fchrer Hugo Pfirrmann wurde zum Ehren-kommandanten gew\u00e4hlt.<\/p>\n\n\n\n<p>In der Nacht vom 9. zum 10. September r\u00fcckt die Wehr zu einem Gro\u00dfbrand im US-Depot Germersheim aus. Eine 13.000 Quadratmeter gro\u00dfe Doppel-halle, in der u. a. Motoren\u00f6l gelagert wurde, stand in Flammen.<\/p>\n\n\n\n<h3 class=\"wp-block-heading\">1970<\/h3>\n\n\n\n<p>Das Land Rheinland-Pfalz \u00fcbergibt der Feuerwehr W\u00f6rth ein Rettungsboot mit H\u00e4nger. Zus\u00e4tzlich erh\u00e4lt die Feuerwehr eine Tragkraftspritze (TS4\/5).<\/p>\n\n\n\n<h3 class=\"wp-block-heading\">1971<\/h3>\n\n\n\n<p>Alois W\u00f6schler bittet in der Jahreshauptversammlung den damaligen B\u00fcrgermeister, Karl St\u00f6ffler, sich Gedanken \u00fcber einen geeigneten Standort f\u00fcr ein neues Ger\u00e4tehaus zu machen.<\/p>\n\n\n\n<h3 class=\"wp-block-heading\">1972<\/h3>\n\n\n\n<p>Im August wird ein \u201eTag der offenen T\u00fcr&#8220; veranstaltet. Au\u00dfer den Ger\u00e4ten und Vorf\u00fchrungen findet auch ein Wasserballturnier der Feuerwehren aus Maximiliansau, Hagenbach und W\u00f6rth gro\u00dfen Anklang bei der Bev\u00f6lkerung.<\/p>\n\n\n\n<p>Bei der von der Landesregierung angeordneten Inspektion \u00e4u\u00dferte sich der Ger\u00e4tepr\u00fcfer Olle von der Landesfeuerwehrschule gegen\u00fcber der Presse \u201eEine so disziplinierte Mannschaft im Besitze solch moderner Ger\u00e4tschaften mag einfach jeder Situation gerecht werden.&#8220;<\/p>\n\n\n\n<div class=\"wp-block-image caption-align-center is-style-editorskit-rounded\"><figure class=\"aligncenter size-full is-resized\"><img loading=\"lazy\" decoding=\"async\" src=\"https:\/\/feuerwehrwoerth.de\/wp-content\/uploads\/2021\/10\/feuerwehrkapelle1973.gif\" alt=\"\" class=\"wp-image-2373\" width=\"437\" height=\"299\"\/><figcaption>Feuerwehrkapelle 1973<\/figcaption><\/figure><\/div>\n\n\n\n<h3 class=\"wp-block-heading\">1973<\/h3>\n\n\n\n<p>Bei der \u00dcbergabe des neuen L\u00f6schgruppenfahrzeuges (LF 16) trat zum ersten Mal die neu gegr\u00fcndete Feuerwehrkapelle in der \u00d6ffentlichkeit auf. Mangels Interesse wurde jedoch die Weiterf\u00fchrung einer Feuerwehrkapelle wieder eingestellt. Seit der Inbetriebnahme der Fest- und Konzerthalle \u00fcbernimmt die Freiwillige Feuerwehr W\u00f6rth s\u00e4mtliche Brandsicherheitswachen.<\/p>\n\n\n\n<h3 class=\"wp-block-heading\">1974<\/h3>\n\n\n\n<p>In diesem Jahr werden sieben Meldeempf\u00e4nger f\u00fcr die Funkalarmierung bestellt.<\/p>\n\n\n\n<p>Nachdem sich im Oktober 1972 W\u00f6rth, Maximiliansau, Schaidt und B\u00fcchelberg zu einer Verbandsgemeinde zusammenschlossen, wird Alois W\u00f6schler von den Wehrf\u00fchrern der verbandsgemeindeangeh\u00f6rigen Feuerwehren zum Wehrleiter der Verbandsgemeinde vorgeschlagen und vom B\u00fcrgermeister ernannt.<\/p>\n\n\n\n<h3 class=\"wp-block-heading\">1975<\/h3>\n\n\n\n<p>Die Notwendigkeit einer vielseitigen Ausr\u00fcstung sowie die Ausdehnung W\u00f6rths nach Westen fordert, wie schon Alois W\u00f6schler 1971 erw\u00e4hnte, einen geeigneteren Standort f\u00fcr das Ger\u00e4tehaus. Dies veranlasste die Verbandsgemeinde W\u00f6rth, auf dem alten Handballplatz \u00f6stlich der Bienwaldsiedlung ein gr\u00f6\u00dferes, an zentraler Stelle gelegenes Feuerwehrger\u00e4tehaus zu errichten. Wehrf\u00fchrer Alois W\u00f6schler wird von der Verbandsgemeindeverwaltung aufgefordert, ein Raumprogramm f\u00fcr das neu zu erbauende Feuerwehrger\u00e4tehaus aufzustellen.<\/p>\n\n\n\n<h3 class=\"wp-block-heading\">1976<\/h3>\n\n\n\n<p>Im Februar wird f\u00fcr die Funkalarmierung die erste Schleife mit zw\u00f6lf Meldeempf\u00e4ngern in Betrieb genommen.<\/p>\n\n\n\n<p>Im Dezember beschlie\u00dft der Verbandsgemeinderat, f\u00fcr den Hafen ein L\u00f6schboot zu beschaffen.<\/p>\n\n\n\n<p>Zu Beginn des Jahres wird die Wehr mit neuen Ausgehuniformen eingekleidet.<\/p>\n\n\n\n<figure class=\"wp-block-gallery aligncenter columns-2 is-cropped has-mobile-text-align-left wp-block-gallery-2\"><ul class=\"blocks-gallery-grid\"><li class=\"blocks-gallery-item\"><figure><img loading=\"lazy\" decoding=\"async\" width=\"200\" height=\"131\" src=\"https:\/\/feuerwehrwoerth.de\/wp-content\/uploads\/2021\/10\/fez-urversion.gif\" alt=\"\" data-id=\"2374\" data-full-url=\"https:\/\/feuerwehrwoerth.de\/wp-content\/uploads\/2021\/10\/fez-urversion.gif\" data-link=\"https:\/\/feuerwehrwoerth.de\/fez-urversion\/\" class=\"wp-image-2374\"\/><figcaption class=\"blocks-gallery-item__caption is-layout-flex wp-block-gallery-is-layout-flex\">Die &#8222;Urversion&#8220; unserer FEZ<\/figcaption><\/figure><\/li><li class=\"blocks-gallery-item\"><figure><img loading=\"lazy\" decoding=\"async\" width=\"198\" height=\"132\" src=\"https:\/\/feuerwehrwoerth.de\/wp-content\/uploads\/2021\/10\/eroeffnung-neubau.gif\" alt=\"\" data-id=\"2371\" data-full-url=\"https:\/\/feuerwehrwoerth.de\/wp-content\/uploads\/2021\/10\/eroeffnung-neubau.gif\" data-link=\"https:\/\/feuerwehrwoerth.de\/eroeffnung-neubau\/\" class=\"wp-image-2371\"\/><figcaption class=\"blocks-gallery-item__caption\">Die feierliche Er\u00f6ffnung des Neubaus<\/figcaption><\/figure><\/li><\/ul><\/figure>\n\n\n\n<figure class=\"wp-block-gallery aligncenter columns-2 is-cropped wp-block-gallery-3\"><ul class=\"blocks-gallery-grid\"><li class=\"blocks-gallery-item\"><figure><img loading=\"lazy\" decoding=\"async\" width=\"200\" height=\"132\" src=\"https:\/\/feuerwehrwoerth.de\/wp-content\/uploads\/2021\/10\/baustelle-geraetehaus.gif\" alt=\"\" data-id=\"2369\" data-full-url=\"https:\/\/feuerwehrwoerth.de\/wp-content\/uploads\/2021\/10\/baustelle-geraetehaus.gif\" data-link=\"https:\/\/feuerwehrwoerth.de\/baustelle-geraetehaus\/\" class=\"wp-image-2369\"\/><figcaption class=\"blocks-gallery-item__caption is-layout-flex wp-block-gallery-is-layout-flex\">W\u00e4hrend des Baus des neuen Ger\u00e4tehauses<\/figcaption><\/figure><\/li><li class=\"blocks-gallery-item\"><figure><img loading=\"lazy\" decoding=\"async\" width=\"194\" height=\"132\" src=\"https:\/\/feuerwehrwoerth.de\/wp-content\/uploads\/2021\/10\/fahrzeuge-neubau.gif\" alt=\"\" data-id=\"2372\" data-full-url=\"https:\/\/feuerwehrwoerth.de\/wp-content\/uploads\/2021\/10\/fahrzeuge-neubau.gif\" data-link=\"https:\/\/feuerwehrwoerth.de\/fahrzeuge-neubau\/\" class=\"wp-image-2372\"\/><figcaption class=\"blocks-gallery-item__caption\">Fahrzeuge nehmen ihre Pl\u00e4tze im neuen Geb\u00e4ude ein<\/figcaption><\/figure><\/li><\/ul><\/figure>\n\n\n\n<h3 class=\"wp-block-heading\">1977<\/h3>\n\n\n\n<p>Am 2. Juli erfolgt die feierliche \u00dcbergabe des neuen Feuerwehrger\u00e4tehauses am damaligen Jahnplatz, heute Ahornstra\u00dfe, an die Freiwillige Feuerwehr. Es gilt als modernstes Feuerwehrger\u00e4tehaus des Landkreises und wurde innerhalb nur eines Jahres fertig gestellt. Es bietet mit seiner 47 m langen Fahrzeughalle, den Lagerr\u00e4umen im Zwischengeb\u00e4ude und im Keller des Hauptgeb\u00e4udes ausreichend Platz f\u00fcr Fahrzeuge und Ger\u00e4te. Im Erdgeschoss des Hauptgeb\u00e4udes sind sanit\u00e4re Anlagen und die Funkzentrale untergebracht und im Obergeschoss ist ein moderner Schulungsraum und Aufenthaltsraum mit K\u00fcche vorhanden.<\/p>\n\n\n\n<p>Am 20. Februar besichtigt der Minister des Innern, Herr Kurt B\u00f6ckmann, das neue Feuerwehrger\u00e4tehaus.<\/p>\n\n\n\n<p>Nach sintflutartigen Regenf\u00e4llen im Mai ist die Wehr mehrere Tage wegen Hochwasser im Einsatz. Der Rheinpegel bei Maxau erreicht die Marke von 8,58m. Die B9 zwischen W\u00f6rth und Hagenbach muss f\u00fcr den Verkehr gesperrt werden. In dem Gebiet am Heilbach stehen etliche Keller unter Wasser.<\/p>\n\n\n\n<h3 class=\"wp-block-heading\">1978<\/h3>\n\n\n\n<p>Die zweite Schleife mit weiteren zw\u00f6lf Funkmeldeempf\u00e4ngern wird in Betrieb genommen.<\/p>\n\n\n\n<p>Im Rahmen des Katastrophenschutzes wird ein ABC-Messtrupp aufgestellt. Die technischen Ger\u00e4te werden vom Land bereit gestellt.<\/p>\n\n\n\n<p>Im Oktober werden das L\u00f6schboot und ein Notstromaggregat 63 KVA an die Feuerwehr \u00fcbergeben.<\/p>\n\n\n\n<p>In der Jahreshauptversammlung lehnt Ludwig Kuhn die Wiederwahl als stellvertretender Wehrf\u00fchrer ab. Zum neuen stellvertretenden Wehrf\u00fchrer wird Berthold Simon, zum neuen Schriftf\u00fchrer wird Peter Semmler gew\u00e4hlt. Erwin Pfirrmann wird als Kassierer f\u00fcr weitere zwei Jahre gew\u00e4hlt.<\/p>\n\n\n\n<p>Mit 117 Eins\u00e4tzen hat die Wehr in diesem Jahr die h\u00f6chste Anzahl an Eins\u00e4tzen seit ihrem Bestehen.<\/p>\n\n\n\n<h3 class=\"wp-block-heading\">1979<\/h3>\n\n\n\n<p>Durch die Inbetriebnahme weiterer Funkmeldeempf\u00e4nger wird der vorl\u00e4ufige Endausbau der Funkalarmierung erreicht.<\/p>\n\n\n\n<p>Im September findet in W\u00f6rth im Rahmen der Brandschutzwoche eine Gro\u00dfveranstaltung in Verbindung mit den Wehren der Firma Daimler-Benz und Mobil Oil statt.<\/p>\n\n\n\n<p>Am 6. Juni nimmt eine Abordnung der Freiwilligen Feuerwehr W\u00f6rth am Deutschen Feuerwehrtag in Hannover teil.<\/p>\n\n\n\n<hr class=\"wp-block-separator\"\/>\n\n\n\n<p class=\"has-text-align-right\">aus: Festschrift &#8211; 50 Jahre Freiwillige Feuerwehr W\u00f6rth am Rhein (2006)<\/p>\n\n\n\n<p class=\"has-text-align-right\">von Thomas Graf et al.<\/p>\n","protected":false},"excerpt":{"rendered":"<p>1960 Es werden zwei Kameraden zum Gruppenf\u00fchrerlehrgang und der Kommandant zum Kommandantenlehrgang an der Landesfeuerwehrschule angemeldet. Im Oktober wird der erste Kameradschaftsabend im Saale des Gasthauses \u201eZum R\u00f6ssel&#8220; abgehalten. Mit der Jahreshauptversammlung sind die f\u00fcnf Jahre freiwillige Verpflichtung abgelaufen. 29 Feuerwehrm\u00e4nner verpflichten sich f\u00fcr weitere f\u00fcnf Jahre. Wehrf\u00fchrer Hugo Pfirrmann wird wieder f\u00fcr weitere f\u00fcnf [&hellip;]<\/p>\n","protected":false},"author":2,"featured_media":0,"parent":326,"menu_order":0,"comment_status":"closed","ping_status":"closed","template":"","meta":{"advgb_blocks_editor_width":"","advgb_blocks_columns_visual_guide":"","ngg_post_thumbnail":0,"footnotes":""},"class_list":["post-2262","page","type-page","status-publish","hentry"],"coauthors":[],"author_meta":{"author_link":"https:\/\/feuerwehrwoerth.de\/index.php\/author\/tobias\/","display_name":"Tobias"},"relative_dates":{"created":"Posted 5\u00a0Jahren ago","modified":"Updated 5\u00a0Jahren ago"},"absolute_dates":{"created":"Posted on 27. Oktober 2021","modified":"Updated on 28. Oktober 2021"},"absolute_dates_time":{"created":"Posted on 27. Oktober 2021 19:04","modified":"Updated on 28. Oktober 2021 15:48"},"featured_img_caption":"","featured_img":false,"series_order":"","jetpack_sharing_enabled":true,"_links":{"self":[{"href":"https:\/\/feuerwehrwoerth.de\/index.php\/wp-json\/wp\/v2\/pages\/2262","targetHints":{"allow":["GET"]}}],"collection":[{"href":"https:\/\/feuerwehrwoerth.de\/index.php\/wp-json\/wp\/v2\/pages"}],"about":[{"href":"https:\/\/feuerwehrwoerth.de\/index.php\/wp-json\/wp\/v2\/types\/page"}],"author":[{"embeddable":true,"href":"https:\/\/feuerwehrwoerth.de\/index.php\/wp-json\/wp\/v2\/users\/2"}],"replies":[{"embeddable":true,"href":"https:\/\/feuerwehrwoerth.de\/index.php\/wp-json\/wp\/v2\/comments?post=2262"}],"version-history":[{"count":21,"href":"https:\/\/feuerwehrwoerth.de\/index.php\/wp-json\/wp\/v2\/pages\/2262\/revisions"}],"predecessor-version":[{"id":2408,"href":"https:\/\/feuerwehrwoerth.de\/index.php\/wp-json\/wp\/v2\/pages\/2262\/revisions\/2408"}],"up":[{"embeddable":true,"href":"https:\/\/feuerwehrwoerth.de\/index.php\/wp-json\/wp\/v2\/pages\/326"}],"wp:attachment":[{"href":"https:\/\/feuerwehrwoerth.de\/index.php\/wp-json\/wp\/v2\/media?parent=2262"}],"curies":[{"name":"wp","href":"https:\/\/api.w.org\/{rel}","templated":true}]}}