{"id":242,"date":"2020-12-10T18:15:36","date_gmt":"2020-12-10T17:15:36","guid":{"rendered":"https:\/\/feuerwehrwoerth.de\/wordpress\/?page_id=242"},"modified":"2026-04-01T03:21:32","modified_gmt":"2026-04-01T01:21:32","slug":"wehrleitung","status":"publish","type":"page","link":"https:\/\/feuerwehrwoerth.de\/index.php\/ueber-uns\/einsatzmannschaft\/wehrleitung\/","title":{"rendered":"Wehrleitung"},"content":{"rendered":"\n<p>Unsere Wehrleitung wurde von der aktiven Mannschaft aller Einheiten am 22.04.2018 gew\u00e4hlt und durch den B\u00fcrgermeister benannt. Die Amtszeit des Wehrleiters in Rheinland-Pfalz betr\u00e4gt zehn Jahre.<\/p>\n\n\n<style id=\"team_pro_dynamic_css9003\">#sptp-9003 .sptp-main-carousel.swiper-container.center .sp-team-pro-item:not(.swiper-slide-active){opacity:0.5;}#sptp-9003 .filters-button-group{justify-content:center;margin:0px 0px 23px 0px;}#sptp-9003 .filters-button-group button{color:#5e5e5e;border:2px solid #bbbbbb;border-radius:2px;background-color:#ffffff;}#sptp-9003 .filters-button-group button:hover{color:#ffffff;border-color:#559173;background-color:#559173;}#sptp-9003 .filters-button-group button.is-checked{color:#ffffff;border-color:#559173;background-color:#559173;}#sptp-9003 .filters-button-group button.is-checked:hover{color:#ffffff;background-color:#559173;}#sptp-9003 .sptp_select{text-align:center;margin:0px 0px 23px 0px;}.wp-team-pro-preloader{opacity:0;}#sptp-9003 .sptp-content-on-image .sptp-content{padding:0px 0px 0px 0px;}#sptp-9003 .sptp-content-on-image .caption{}#sptp-9003 .border-bg-around-member{border:0px solid #ddd;border-radius:0px;background:transparent;}#sptp-9003 .sptp-thumbnail-slider-thumb-section .border-bg-around-member{background:transparent;}#sptp-9003 .border-bg-around-member:hover{border-color:#aaa;}#sptp-9003 .sptp-icon-on-image:hover .sptp-icon{background:rgba(10,10,10,0.3);}#sptp-9003 .sptp-member-avatar-img:hover .sptp-icon{background:rgba(10,10,10,0.3);}#sptp-9003 .sptp-icon-on-image .fa{color:#FFFFFF;}#sptp-9003 .sptp-icon-on-image .fa:hover{color:#ffffff;}#sptp-9003 .sptp-member-avatar-img .fa{color:#FFFFFF;}#sptp-9003 .sptp-member-avatar-img .fa:hover{color:#ffffff;}#sptp-9003 .sptp-member-avatar-img.sptp-rounded .sptp-overflow-h,#sptp-9003 .sptp-member-avatar-img.sptp-rounded,#sptp-9003 .sptp-chart-single-item .sptp-member-avatar-img.sptp-rounded img{border-radius:12px;}#sptp-9003 .sp-team-pro-item > .sptp-member,#sptp-9003 .sp-team-pro-item.sptp-member{box-shadow:none;}#sptp-9003 .sp-team-org-chart-container .sp-team-pro-item > .sptp-member{padding:0;border:0px solid #ddd;border-radius:0px;background:transparent;}#sptp-9003 .sp-team-org-chart-container .sp-team-pro-item > .sptp-member:hover{border-color:#aaa;}#sptp-9003 .sp-team-org-chart-container .sp-team-pro-item > .sptp-member .sptp-head-title{padding:0px 0px 0px 0px;}#sptp-9003 .sp-team-org-chart-container .tree li{padding:24px 12px 0 12px;}#sptp-9003 .sp-team-org-chart-container .tree ul{padding-top:24px;}#sptp-9003 .sp-team-org-chart-container .tree li:only-child {padding-top:0;}#sptp-9003 .sp-team-org-chart-container .tree li::after, #sptp-9003 .sp-team-org-chart-container .tree li::before,#sptp-9003 .sp-team-org-chart-container .tree ul ul::before{height:24px;}#sptp-9003 .sptp-main-carousel .sp-team-pro-item > .sptp-member{margin:0px ;}#sptp-9003 .sp-team-pro-item:hover .sptp-member,#sptp-9003 .sp-team-pro-item.sptp-member:hover{box-shadow:none;}#sptp-9003 .sptp-member-avatar-img .sptp-special-tag span,#sptp-9003.popup-open .sptp-special-tag span{color:#fff;background:#35B342;}#sptp-9003 .sptp-member-avatar-img .sptp-special-tag.top-ribbon span:before,#sptp-9003.popup-open .sptp-special-tag.top-ribbon span:before{border-right-color:#35B342;}#sptp-9003 .sptp-member-avatar-img .sptp-special-tag.top-ribbon:is(.left-ribbon,.bottom-left-ribbon) span:before,#sptp-9003.popup-open .sptp-special-tag.top-ribbon:is(.left-ribbon,.bottom-left-ribbon) span:before{border-left-color:#35B342;}#sptp-9003 .sptp-list .sptp-content{padding:0px 0px 0px 0px;}#sptp-9003 .sptp-member.sptp-list-item{border:0px solid #ddd;border-radius:0px;background:transparent;margin-left:0;margin-right:0;}#sptp-9003 .sptp-list .sptp-member.sptp-list-item{margin-bottom:24px;margin-right:12px ;margin-left:12px ;}#sptp-9003 div:is(.sptp-post-load-more,.sptp-post-pagination){margin-right:12px ;margin-left:12px ;}#sptp-9003 .sptp-member.sptp-list-item:hover{border-color:#aaa;}#sptp-9003 .sptp-progress-bar{background-color:#559173;height:6px;border-radius:0px;}#sptp-9003 .sptp-progress-container{background-color:#c9dfd1;height:6px;border-radius:0px;}#sptp-9003 .sptp-top{background-color:#559173;color:#fff;opacity:0;}#sptp-9003 .sptp-progress-container:hover .sptp-tooltip .sptp-top,#sptp-9003 .sptp-progress-text:hover+.sptp-progress-container .sptp-tooltip .sptp-top{opacity:1;}#sptp-9003 .sptp-top:after{border-top-color:#559173;}#sptp-9003 .sptp-progress-container .sptp-tooltip{position:relative;}#sptp-9003 .sptp-progress-container .sptp-top:before,#sptp-9003 .sptp-progress-container .sptp-top:after{position:absolute;}#sptp-9003 .sptp-member-social{order:13;text-align:center;}#sptp-9003 .sptp-member-social li{margin:0 0 10px 0 ;}#sptp-9003 .sptp-member-social li a{border:0;font-size:15px;width:30px;height:30px;}#sptp-9003 .sptp-member-social li a:hover{}#sptp-9003 .sptp-member-name{order:2;}#sptp-9003:not(.popup-open) .sptp-member-name .sptp-name, #sptp-9003:not(.popup-open) .sptp-member-name sptp-name a{font-size:18px;line-height:24px;text-align:left;text-transform:none;margin-top:12px;padding:0px;}#sptp-9003 .sptp-member-name .sptp-name, #sptp-9003 .sptp-member-name .sptp-name a{color:#333333;}#sptp-9003 .sptp-member-profession{order:3;}#sptp-9003:not(.popup-open) .sptp-member-profession h4{color:#333333;font-size:15px;line-height:18px;text-align:left;text-transform:none;margin-top:4px;}#sptp-9003 .sptp-member-avatar-img-area{padding:0 0 0 0 ;}#sptp-9003 .sptp-member-avatar-img{background:#FFFFFF;padding:0 0 0 0 ;box-shadow:none;border:1px solid #ddd;}#sptp-9003 .sptp-member.sptp-content-on-image.overlay_on_image .sptp-content{height:calc(100% - 0px * 2);width:calc(100% - 0px * 2);top:calc(0px * 2 \/ 2);left:calc(0px * 2 \/ 2);}#sptp-9003.bottom-corner-content .sptp-member.sptp-content-on-image.overlay_on_image .sptp-content.bottom.lower,#sptp-9003.bottom-corner-content .sptp-member.sptp-content-on-image.overlay_on_image .sptp-content.top.lower,#sptp-9003.bottom-corner-content .sptp-member.sptp-content-on-image.overlay_on_image .sptp-content.middle.lower{width:auto;}#sptp-9003.bottom-corner-content .sptp-member.sptp-content-on-image.overlay_on_image .sptp-content.middle.lower{top:50%;}#sptp-9003.bottom-carved-content .sptp-member.sptp-content-on-image.overlay_on_image .sptp-content.lower{height:auto;top:auto;bottom:0px;}#sptp-9003 .sptp-member-avatar-img:hover{border-color:#ddd;}#sptp-9003 .sptp-member-avatar-img img{-webkit-filter:grayscale(0);filter:grayscale(0);}#sptp-9003 .sptp-member-avatar-img:hover img{-webkit-filter:grayscale(0);filter:grayscale(0);}#sptp-9003 .sptp-member-avatar{order:1;}#sptp-9003 .sptp-member-desc{order:4;text-align:left;margin-top:6px;margin-bottom:8px;}#sptp-9003:not(.popup-open ) .sptp-member-desc{color:#333333;font-size:14px;line-height:22px;text-transform:none;letter-spacing:0px;}#sptp-9003 .swiper-wrapper.left_img_right_content{margin-left:24px;}#sptp-9003 .left_img_right_content .sptp-member{flex-direction:row;}#sptp-9003 .left_img_right_content .sptp-image{width:50%;}#sptp-9003 .left_img_right_content .sptp-content{width:50%;display:flex;flex-direction:column;padding:0px 0px 0px 0px;}#sptp-9003.popup-open .sptp-pagination > .swiper-pagination-bullet.swiper-pagination-bullet-active{background-color: #559173;}#sptp-9003 .sptp-button-next:hover, #sptp-9003 .sptp-button-prev:hover{color: #559173;}#sptp-9003 .sptp-popup-header{background-color: #559173;}#sptp-9003.sp-team-pro.sptp-section.style-1.popup-open, #sptp-9003.sp-team-pro.sptp-section.style-2.popup-open, #sptp-9003.sp-team-pro.sptp-section.style-3.popup-open, #sptp-9003.sp-team-pro.sptp-section.style-4.popup-open{background-color:#ffffff;}#sptp-9003 .sptp-popup-content-main .sptp-member{margin:0;}#sptp-9003 .sptp-popup-items .sptp-member-social{text-align:center;}#sptp-9003.popup-open .sptp-member-name h2, #sptp-9003 .gridder-show .sptp-member-name h2, #wrapper #sptp-9003.popup-open .sptp-member-name h2{color:#333333;font-size:18px;line-height:24px;text-align:center;text-transform:none;margin-top:12px;margin-bottom:0px;}#sptp-9003.popup-open .sptp-member-profession h4, #sptp-9003 .gridder-show .sptp-member-profession h4{color:#333333;font-size:15px;line-height:18px;text-align:center;text-transform:none;letter-spacing:0px;margin-top:4px;margin-bottom:0px;}#sptp-9003.popup-open .sptp-member-email, #sptp-9003 .gridder-show .sptp-member-email{text-align:center;margin-top:0px;margin-bottom:3px;}#sptp-9003.popup-open .sptp-member-email span, #sptp-9003 .gridder-show .sptp-member-email span{color:#333333;font-size:16px;line-height:20px;text-transform:none;}#sptp-9003.popup-open .sptp-member-email .fa{color:#333333;}#sptp-9003 .gridder-show .sptp-member-email .fa{color:#333333;}#sptp-9003.popup-open .sptp-member-mobile, #sptp-9003 .gridder-show .sptp-member-mobile{text-align:center;margin-top:0px;margin-bottom:3px;}#sptp-9003.popup-open .sptp-member-mobile span, #sptp-9003 .gridder-show .sptp-member-mobile span{color:#333333;font-size:16px;line-height:20px;text-transform:none;}#sptp-9003.popup-open .sptp-member-mobile .fa{color:#333333;}#sptp-9003 .gridder-show .sptp-member-mobile .fa{color:#333333;}#sptp-9003.popup-open .sptp-member-phone, #sptp-9003 .gridder-show .sptp-member-phone{text-align:center;margin-top:0px;margin-bottom:3px;}#sptp-9003.popup-open .sptp-member-phone span, #sptp-9003 .gridder-show .sptp-member-phone span{color:#333333;font-size:16px;line-height:20px;text-transform:none;}#sptp-9003.popup-open .sptp-member-phone .fa{color:#333333;}#sptp-9003 .gridder-show .sptp-member-phone .fa{color:#333333;}#sptp-9003.popup-open .sptp-member-location, #sptp-9003 .gridder-show .sptp-member-location{text-align:center;margin-top:0px;margin-bottom:3px;}#sptp-9003.popup-open .sptp-member-location span, #sptp-9003 .gridder-show .sptp-member-location span{color:#333333;font-size:15px;line-height:20px;text-transform:none;}#sptp-9003.popup-open .sptp-member-location .fa, #sptp-9003 .gridder-show .sptp-member-location .fa{font-size:16px;line-height:20px;text-transform:none;}#sptp-9003.popup-open .sptp-member-location .fa{color:#333333;}#sptp-9003 .gridder-show .sptp-member-location .fa{color:#333333;}#sptp-9003.popup-open .sptp-member-website, #sptp-9003 .gridder-show .sptp-member-website{text-align:center;margin-top:0px;margin-bottom:3px;}#sptp-9003.popup-open .sptp-member-website span,#sptp-9003 .gridder-show .sptp-member-website span{color:#333333;font-size:15px;line-height:20px;text-transform:none;}#sptp-9003.popup-open .sptp-member-website .fa{color:#333333;font-size:16px;}#sptp-9003 .gridder-show .sptp-member-website .fa{color:#333333;font-size:16px;}#sptp-9003.popup-open .sptp-member-skill-progress, #sptp-9003 .gridder-show .sptp-member-skill-progress{margin-top:6px;margin-bottom:12px;}#sptp-9003.popup-open .sptp-progress-text, #sptp-9003 .gridder-show .sptp-progress-text{color:#333333;font-size:13px;line-height:24px;text-transform:none;text-align:left;letter-spacing:0px;}#sptp-9003.popup-open .sptp-member-desc, #sptp-9003 .gridder-show .sptp-member-desc{color:#333333;font-size:14px;line-height:22px;text-align:center;text-transform:none;letter-spacing:0px;margin-top:6px;margin-bottom:8px;}@media only screen and (min-width: 320px) { .sptp-row .sptp-col-xs-1 { -webkit-box-flex: 0; -ms-flex: 0 0 100%; flex: 0 0 100%; max-width: 100%; } .sptp-row .sptp-col-xs-2 { -webkit-box-flex: 0; -ms-flex: 0 0 50%; flex: 0 0 50%; max-width: 50%; } .sptp-row .sptp-col-xs-3 { -webkit-box-flex: 0; -ms-flex: 0 0 33.2222%; flex: 0 0 33.2222%; max-width: 33.222%; } .sptp-row .sptp-col-xs-4 { -webkit-box-flex: 0; -ms-flex: 0 0 25%; flex: 0 0 25%; max-width: 25%; } .sptp-row .sptp-col-xs-5 { -webkit-box-flex: 0; -ms-flex: 0 0 20%; flex: 0 0 20%; max-width: 20%; } .sptp-row .sptp-col-xs-6 { -webkit-box-flex: 0; -ms-flex: 0 0 16.6666%; flex: 0 0 16.66666%; max-width: 16.66666%; } .sptp-row .sptp-col-xs-7 { -webkit-box-flex: 0; -ms-flex: 0 0 14.28571428%; flex: 0 0 14.28571428%; max-width: 14.28571428%; } .sptp-row .sptp-col-xs-8 { -webkit-box-flex: 0; -ms-flex: 0 0 12.5%; flex: 0 0 12.5%; max-width: 12.5%; } .sp-wp-team-pro-wrapper .pagination_hide_on_mobile, .sp-wp-team-pro-wrapper div:is(.sptp-button-next,.sptp-button-prev).nev_hide_on_mobile { display: none; } .sp-wp-team-pro-wrapper .swiper-container.sptp-main-carousel.vertically-center-outer { margin: 0 35px; } .sptp-main-carousel .sptp-button-next.vertically-center-outer{ right : 0 !important; } .sptp-main-carousel .sptp-button-prev.vertically-center-outer{ left : 0 !important; } }@media only screen and (min-width: 768px) { .sptp-row .sptp-col-sm-1 { -webkit-box-flex: 0; -ms-flex: 0 0 100%; flex: 0 0 100%; max-width: 100%; } .sptp-row .sptp-col-sm-2 { -webkit-box-flex: 0; -ms-flex: 0 0 50%; flex: 0 0 50%; max-width: 50%; } .sptp-row .sptp-col-sm-3 { -webkit-box-flex: 0; -ms-flex: 0 0 33.333%; flex: 0 0 33.333%; max-width: 33.333%; } .sptp-row .sptp-col-sm-4 { -webkit-box-flex: 0; -ms-flex: 0 0 25%; flex: 0 0 25%; max-width: 25%; } .sptp-row .sptp-col-sm-5 { -webkit-box-flex: 0; -ms-flex: 0 0 20%; flex: 0 0 20%; max-width: 20%; } .sptp-row .sptp-col-sm-6 { -webkit-box-flex: 0; -ms-flex: 0 0 16.6667%; flex: 0 0 16.6667%; max-width: 16.6667%; } .sptp-row .sptp-col-sm-7 { -webkit-box-flex: 0; -ms-flex: 0 0 14.28571428%; flex: 0 0 14.28571428%; max-width: 14.28571428%; } .sptp-row .sptp-col-sm-8 { -webkit-box-flex: 0; -ms-flex: 0 0 12.5%; flex: 0 0 12.5%; max-width: 12.5%; } .sp-wp-team-pro-wrapper .pagination_hide_on_mobile, .sp-wp-team-pro-wrapper div:is(.sptp-button-next,.sptp-button-prev).nev_hide_on_mobile { display: block; } }@media only screen and (min-width: 1024px) { .sptp-row .sptp-col-md-1 { -webkit-box-flex: 0; -ms-flex: 0 0 100%; flex: 0 0 100%; max-width: 100%; } .sptp-row .sptp-col-md-2 { -webkit-box-flex: 0; -ms-flex: 0 0 50%; flex: 0 0 50%; max-width: 50%; } .sptp-row .sptp-col-md-2-half { -webkit-box-flex: 0; -ms-flex: 0 0 70%; flex: 0 0 70%; max-width: 70%; } .sptp-row .style-top.sptp-col-md-2-half { -webkit-box-flex: 0; -ms-flex: 0 0 100%; flex: 0 0 100%; max-width: 100%; } .sptp-row .sptp-col-md-3 { -webkit-box-flex: 0; -ms-flex: 0 0 33.22222222%; flex: 0 0 33.22222222%; max-width: 33.22222222%; } .sptp-row .sptp-col-md-4 { -webkit-box-flex: 0; -ms-flex: 0 0 25%; flex: 0 0 25%; max-width: 25%; } .sptp-row .style-top.sptp-col-md-4 { -webkit-box-flex: 0; -ms-flex: 0 0 100%; flex: 0 0 100%; max-width: 100%; } .sptp-row .sptp-col-md-5 { -webkit-box-flex: 0; -ms-flex: 0 0 20%; flex: 0 0 20%; max-width: 20%; } .sptp-row .sptp-col-md-6 { -webkit-box-flex: 0; -ms-flex: 0 0 16.6667%; flex: 0 0 16.6667%; max-width: 16.6667%; } .sptp-row .sptp-col-md-7 { -webkit-box-flex: 0; -ms-flex: 0 0 14.28571428%; flex: 0 0 14.28571428%; max-width: 14.28571428%; } .sptp-row .sptp-col-md-8 { -webkit-box-flex: 0; -ms-flex: 0 0 12.5%; flex: 0 0 12.5%; max-width: 12.5%; } .sp-wp-team-pro-wrapper .pagination_hide_on_mobile, .sp-wp-team-pro-wrapper div:is(.sptp-button-next,.sptp-button-prev).nev_hide_on_mobile { display: block; } }@media only screen and (min-width: 1200px) { .sptp-row .sptp-col-lg-1 { -webkit-box-flex: 0; -ms-flex: 0 0 100%; flex: 0 0 100%; max-width: 100%; } .sptp-row .sptp-col-lg-2 { -webkit-box-flex: 0; -ms-flex: 0 0 50%; flex: 0 0 50%; max-width: 50%; } .sptp-row .sptp-col-lg-3 { -webkit-box-flex: 0; -ms-flex: 0 0 33.22222222%; flex: 0 0 33.22222222%; max-width: 33.22222222%; } .sptp-row .sptp-col-lg-4 { -webkit-box-flex: 0; -ms-flex: 0 0 25%; flex: 0 0 25%; max-width: 25%; } .sptp-row .sptp-col-lg-5 { -webkit-box-flex: 0; -ms-flex: 0 0 20%; flex: 0 0 20%; max-width: 20%; } .sptp-row .sptp-col-lg-6 { -webkit-box-flex: 0; -ms-flex: 0 0 16.6667%; flex: 0 0 16.6667%; max-width: 16.6667%; } .sptp-row .sptp-col-lg-7 { -webkit-box-flex: 0; -ms-flex: 0 0 14.28571428%; flex: 0 0 14.28571428%; max-width: 14.28571428%; } .sptp-row .sptp-col-lg-8 { -webkit-box-flex: 0; -ms-flex: 0 0 12.5%; flex: 0 0 12.5%; max-width: 12.5%; } .sp-wp-team-pro-wrapper .pagination_hide_on_mobile, .sp-wp-team-pro-wrapper div:is(.sptp-button-next,.sptp-button-prev).nev_hide_on_mobile { display: block; } .sptp-mosaic .sptp-col-lg-1.sptp-member:nth-child(2n) .sptp-member-avatar, .sptp-mosaic .sptp-col-lg-2.sptp-member:nth-child(4n) .sptp-member-avatar, .sptp-mosaic .sptp-col-lg-2.sptp-member:nth-child(4n-1) .sptp-member-avatar, .sptp-mosaic .sptp-col-lg-3.sptp-member:nth-child(6n) .sptp-member-avatar, .sptp-mosaic .sptp-col-lg-3.sptp-member:nth-child(6n-1) .sptp-member-avatar, .sptp-mosaic .sptp-col-lg-3.sptp-member:nth-child(6n-2) .sptp-member-avatar, .sptp-mosaic .sptp-col-lg-4.sptp-member:nth-child(8n) .sptp-member-avatar, .sptp-mosaic .sptp-col-lg-4.sptp-member:nth-child(8n-1) .sptp-member-avatar, .sptp-mosaic .sptp-col-lg-4.sptp-member:nth-child(8n-2) .sptp-member-avatar, .sptp-mosaic .sptp-col-lg-4.sptp-member:nth-child(8n-3) .sptp-member-avatar { -webkit-box-ordinal-group: 2 !important; -ms-flex-order: 1 !important; order: 1 !important; } .sptp-mosaic .sptp-col-lg-1.sptp-member:nth-child(2n) .sptp-arrow, .sptp-mosaic .sptp-col-lg-2.sptp-member:nth-child(4n) .sptp-arrow, .sptp-mosaic .sptp-col-lg-2.sptp-member:nth-child(4n-1) .sptp-arrow, .sptp-mosaic .sptp-col-lg-3.sptp-member:nth-child(6n) .sptp-arrow, .sptp-mosaic .sptp-col-lg-3.sptp-member:nth-child(6n-1) .sptp-arrow, .sptp-mosaic .sptp-col-lg-3.sptp-member:nth-child(6n-2) .sptp-arrow, .sptp-mosaic .sptp-col-lg-4.sptp-member:nth-child(8n) .sptp-arrow, .sptp-mosaic .sptp-col-lg-4.sptp-member:nth-child(8n-1) .sptp-arrow, .sptp-mosaic .sptp-col-lg-4.sptp-member:nth-child(8n-2) .sptp-arrow, .sptp-mosaic .sptp-col-lg-4.sptp-member:nth-child(8n-3) .sptp-arrow { left: auto; right: -20px; border-left-width: 20px; border-right-width: 0; } }<\/style><div class=\"sp-wp-team-pro-wrapper wp-team-pro-preloader\" > <div id=\"sptp-9003\" class=\"sp-team-pro sptp-section sptp-modal pagination_number\" data-modal-type=\"multiple\" data-layout=\"style-1\" data-pdfbtn=\"\" data-icon=\"circle\" data-modalshow=\"img,name,position,desc,email,mobile,phone,location,website,skills,social_profiles\" data-modal-load=\"\" data-id=\"9003\" data-rest-url=\"https:\/\/feuerwehrwoerth.de\/index.php\/wp-json\/wp_team_pro\/v1\/sptp_member\/\" > <div class=\"sp-team-pro-page-loading-image\"><\/div> <div class=\"sptp-grid sptp-list\"> <div class=\"sptp-row\"> <div class=\"sp-team-pro-item sptp-col-lg-1 sptp-col-md-1 sptp-col-sm-1 sptp-col-xs-1\" data-member=\"8318\"> <div class=\"sptp-member border-bg-around-member sptp-list-item sptp-square\"> <div class=\"sptp-image\"><a class=\"sptp-member-avatar sptp-popup-trigger \" href=javascript:void(0) > <div class=\"sptp-member-avatar-img-area\" data-id=\"8318\"> <div class=\"sptp-member-avatar-img sptp-square sptp-icon-on-image sptp_zoom_in \"> <div class=\"sptp-overflow-h\"> <div class=\"sptp-icon text-center\"> <i class=\"fa fa-search-plus\"><\/i> <\/div> <img loading=\"lazy\" decoding=\"async\" class=\"sptp_default_img \" src=\"https:\/\/feuerwehrwoerth.de\/wp-content\/uploads\/2022\/10\/stephany_juergen_web-250x300.jpg\" alt=\"Stephany, J\u00fcrgen\" width=\"250\" height=\"300\"> <\/div> <\/div> <\/div> <\/a> <\/div><div class=\"sptp-content lower sptp-square \"><div class=\"caption\"><div class=\"sptp-member-name \"> <h2 class=\"sptp-name\">Stephany, J\u00fcrgen<\/h2><\/div> <div class=\"sptp-member-profession\"> <h4 class=\"sptp-profession-text\">Wehrleiter<\/h4> <\/div> <div class=\"sptp-member-desc\"> <p><img loading=\"lazy\" decoding=\"async\" class=\"alignnone wp-image-3998\" src=\"https:\/\/feuerwehrwoerth.de\/wp-content\/uploads\/2022\/09\/wehrleiter.png\" alt=\"\" width=\"125\" height=\"148\" \/><\/p> <\/div> <\/div><\/div><\/div> <\/div> <div class=\"sp-team-pro-item sptp-col-lg-1 sptp-col-md-1 sptp-col-sm-1 sptp-col-xs-1\" data-member=\"8399\"> <div class=\"sptp-member border-bg-around-member sptp-list-item sptp-square\"> <div class=\"sptp-image\"><a class=\"sptp-member-avatar sptp-popup-trigger \" href=javascript:void(0) > <div class=\"sptp-member-avatar-img-area\" data-id=\"8399\"> <div class=\"sptp-member-avatar-img sptp-square sptp-icon-on-image sptp_zoom_in \"> <div class=\"sptp-overflow-h\"> <div class=\"sptp-icon text-center\"> <i class=\"fa fa-search-plus\"><\/i> <\/div> <img loading=\"lazy\" decoding=\"async\" class=\"sptp_default_img \" src=\"https:\/\/feuerwehrwoerth.de\/wp-content\/uploads\/2022\/12\/boeser_rainer_web-250x300.jpg\" alt=\"B\u00f6ser, Rainer\" width=\"250\" height=\"300\"> <\/div> <\/div> <\/div> <\/a> <\/div><div class=\"sptp-content lower sptp-square \"><div class=\"caption\"><div class=\"sptp-member-name \"> <h2 class=\"sptp-name\">B\u00f6ser, Rainer<\/h2><\/div> <div class=\"sptp-member-profession\"> <h4 class=\"sptp-profession-text\">Stellvertretender Wehrleiter<\/h4> <\/div> <div class=\"sptp-member-desc\"> <p><img loading=\"lazy\" decoding=\"async\" class=\"alignnone wp-image-3998\" src=\"https:\/\/feuerwehrwoerth.de\/wp-content\/uploads\/2022\/09\/stellv-wehrleiter.png\" alt=\"\" width=\"125\" height=\"148\" \/><\/p> <\/div> <\/div><\/div><\/div> <\/div> <\/div> <\/div> <\/div> <div class=\"sptp-skeleton hidden\" data-skeleton=\"&lt;div class=&quot;sptp-member-avatar-area&quot;&gt; &lt;div class=&quot;swiper-container sptp-popup-carousel&quot; data-items=&quot;1&quot; data-carousel=&#039;{ &quot;autoplay&quot;: false,&quot;enabled&quot;: true, &quot;prevSlideMessage&quot;: &quot;Previous slide&quot;, &quot;nextSlideMessage&quot;: &quot;Next slide&quot;, &quot;firstSlideMessage&quot;: &quot;This is the first slide&quot;, &quot;lastSlideMessage&quot;: &quot;This is the last slide&quot;, &quot;paginationBulletMessage&quot;: &quot;Go to slide {{index}}&quot;}&#039;&gt; &lt;div class=&quot;swiper-wrapper&quot;&gt; &lt;\/div&gt; &lt;div class=&quot;sptp-pagination swiper-pagination&quot;&gt;&lt;\/div&gt; &lt;div class=&quot;sptp-button-next swiper-button-next&quot;&gt;&lt;i class=&quot;fa fa-angle-right&quot;&gt;&lt;\/i&gt;&lt;\/div&gt; &lt;div class=&quot;sptp-button-prev swiper-button-prev&quot;&gt;&lt;i class=&quot;fa fa-angle-left&quot;&gt;&lt;\/i&gt;&lt;\/div&gt; &lt;\/div&gt; &lt;\/div&gt; &lt;div class=&quot;sptp-member&quot;&gt; &lt;div class=&quot;sptp-member-name&quot;&gt; &lt;h2 class=&quot;sptp-name&quot;&gt; &lt;\/h2&gt; &lt;\/div&gt; &lt;div class=&quot;sptp-member-profession&quot;&gt; &lt;h4 class=&quot;sptp-profession-text&quot;&gt; &lt;\/h4&gt; &lt;\/div&gt; &lt;div class=&quot;sptp-member-desc&quot;&gt; &lt;\/div&gt; &lt;div class=&quot;sptp-member-email&quot;&gt; &lt;i class=&quot;fa fa-envelope&quot;&gt;&lt;\/i&gt; &lt;\/div&gt; &lt;div class=&quot;sptp-member-mobile&quot;&gt; &lt;i class=&quot;fa fa-mobile&quot;&gt;&lt;\/i&gt; &lt;\/div&gt; &lt;div class=&quot;sptp-member-phone&quot;&gt; &lt;i class=&quot;fa fa-phone&quot;&gt;&lt;\/i&gt; &lt;\/div&gt; &lt;div class=&quot;sptp-member-location&quot;&gt; &lt;i class=&quot;fa fa-map-marker&quot;&gt;&lt;\/i&gt; &lt;span&gt; &lt;\/span&gt; &lt;\/div&gt; &lt;div class=&quot;sptp-member-website&quot;&gt; &lt;i class=&quot;fa fa-globe&quot;&gt;&lt;\/i&gt; &lt;\/div&gt; &lt;div class=&quot;sptp-member-skill-progress&quot;&gt; &lt;\/div&gt; &lt;div class=&quot;sptp-member-social circle&quot;&gt; &lt;ul&gt; &lt;\/ul&gt; &lt;\/div&gt; &lt;\/div&gt; \"><\/div> <\/div> \n","protected":false},"excerpt":{"rendered":"<p>Unsere Wehrleitung wurde von der aktiven Mannschaft aller Einheiten am 22.04.2018 gew\u00e4hlt und durch den B\u00fcrgermeister benannt. Die Amtszeit des Wehrleiters in Rheinland-Pfalz betr\u00e4gt zehn Jahre.<\/p>\n","protected":false},"author":1,"featured_media":0,"parent":92,"menu_order":0,"comment_status":"closed","ping_status":"closed","template":"","meta":{"advgb_blocks_editor_width":"","advgb_blocks_columns_visual_guide":"","ngg_post_thumbnail":0,"footnotes":""},"class_list":["post-242","page","type-page","status-publish","hentry"],"coauthors":[],"author_meta":{"author_link":"https:\/\/feuerwehrwoerth.de\/index.php\/author\/chris\/","display_name":"Christian"},"relative_dates":{"created":"Posted 5\u00a0Jahren ago","modified":"Updated 1\u00a0Monat ago"},"absolute_dates":{"created":"Posted on 10. Dezember 2020","modified":"Updated on 1. April 2026"},"absolute_dates_time":{"created":"Posted on 10. Dezember 2020 18:15","modified":"Updated on 1. April 2026 3:21"},"featured_img_caption":"","featured_img":false,"series_order":"","jetpack_sharing_enabled":true,"_links":{"self":[{"href":"https:\/\/feuerwehrwoerth.de\/index.php\/wp-json\/wp\/v2\/pages\/242","targetHints":{"allow":["GET"]}}],"collection":[{"href":"https:\/\/feuerwehrwoerth.de\/index.php\/wp-json\/wp\/v2\/pages"}],"about":[{"href":"https:\/\/feuerwehrwoerth.de\/index.php\/wp-json\/wp\/v2\/types\/page"}],"author":[{"embeddable":true,"href":"https:\/\/feuerwehrwoerth.de\/index.php\/wp-json\/wp\/v2\/users\/1"}],"replies":[{"embeddable":true,"href":"https:\/\/feuerwehrwoerth.de\/index.php\/wp-json\/wp\/v2\/comments?post=242"}],"version-history":[{"count":18,"href":"https:\/\/feuerwehrwoerth.de\/index.php\/wp-json\/wp\/v2\/pages\/242\/revisions"}],"predecessor-version":[{"id":9006,"href":"https:\/\/feuerwehrwoerth.de\/index.php\/wp-json\/wp\/v2\/pages\/242\/revisions\/9006"}],"up":[{"embeddable":true,"href":"https:\/\/feuerwehrwoerth.de\/index.php\/wp-json\/wp\/v2\/pages\/92"}],"wp:attachment":[{"href":"https:\/\/feuerwehrwoerth.de\/index.php\/wp-json\/wp\/v2\/media?parent=242"}],"curies":[{"name":"wp","href":"https:\/\/api.w.org\/{rel}","templated":true}]}}