{"id":261,"date":"2020-12-10T18:33:47","date_gmt":"2020-12-10T17:33:47","guid":{"rendered":"https:\/\/feuerwehrwoerth.de\/wordpress\/?page_id=261"},"modified":"2026-03-31T19:01:02","modified_gmt":"2026-03-31T17:01:02","slug":"dlk-23-12","status":"publish","type":"page","link":"https:\/\/feuerwehrwoerth.de\/index.php\/ueber-uns\/fahrzeuge\/dlk-23-12\/","title":{"rendered":"Florian W\u00f6rth 1\/34 &#8211; DLK 23\/12 (2013)"},"content":{"rendered":"\n<figure class=\"wp-block-image size-large\"><img loading=\"lazy\" decoding=\"async\" width=\"1024\" height=\"576\" src=\"https:\/\/feuerwehrwoerth.de\/wp-content\/uploads\/2022\/01\/dlk-frontseite-1024x576.jpg\" alt=\"\" class=\"wp-image-2990\" srcset=\"https:\/\/feuerwehrwoerth.de\/wp-content\/uploads\/2022\/01\/dlk-frontseite-1024x576.jpg 1024w, https:\/\/feuerwehrwoerth.de\/wp-content\/uploads\/2022\/01\/dlk-frontseite-300x169.jpg 300w, https:\/\/feuerwehrwoerth.de\/wp-content\/uploads\/2022\/01\/dlk-frontseite-768x432.jpg 768w, https:\/\/feuerwehrwoerth.de\/wp-content\/uploads\/2022\/01\/dlk-frontseite-1536x864.jpg 1536w, https:\/\/feuerwehrwoerth.de\/wp-content\/uploads\/2022\/01\/dlk-frontseite-500x281.jpg 500w, https:\/\/feuerwehrwoerth.de\/wp-content\/uploads\/2022\/01\/dlk-frontseite-800x450.jpg 800w, https:\/\/feuerwehrwoerth.de\/wp-content\/uploads\/2022\/01\/dlk-frontseite-1280x720.jpg 1280w, https:\/\/feuerwehrwoerth.de\/wp-content\/uploads\/2022\/01\/dlk-frontseite.jpg 1600w\" sizes=\"auto, (max-width: 1024px) 100vw, 1024px\" \/><\/figure>\n\n\n\n<h2 class=\"wp-block-heading\">Fahrzeug-Steckbrief<\/h2>\n\n\n\n<div class=\"wp-block-group\"><div class=\"wp-block-group__inner-container is-layout-flow wp-block-group-is-layout-flow\">\n<div class=\"wp-block-columns is-layout-flex wp-container-core-columns-is-layout-9d6595d7 wp-block-columns-is-layout-flex\">\n<div class=\"wp-block-column is-layout-flow wp-block-column-is-layout-flow\" style=\"flex-basis:100%\">\n<div class=\"wp-block-group advgb-dyn-f2a6aa86\"><div class=\"wp-block-group__inner-container is-layout-flow wp-block-group-is-layout-flow\">\n<figure class=\"wp-block-table is-style-stripes\"><table  class=\" table table-hover\" ><tbody><tr><td>Fahrzeugtyp<\/td><td>Drehleiter Automatik mit Korb 23\/12 (DL(A)K 23\/12)<\/td><\/tr><tr><td>Fahrzeughersteller<\/td><td>Mercedes-Benz<\/td><\/tr><tr><td>Modell<\/td><td>Econic 1829 LL<\/td><\/tr><tr><td>Leistung<\/td><td>210 kW<\/td><\/tr><tr><td>Hubraum<\/td><td>7.201 ccm<\/td><\/tr><tr><td>Ma\u00dfe (LxBxH)<\/td><td>10.300 x 2.530 x 3.070 mm<\/td><\/tr><tr><td>Gewicht (zGG)<\/td><td>18.000 kg<\/td><\/tr><tr><td>Aufbau<\/td><td>Rosenbauer<\/td><\/tr><tr><td>Baujahr<\/td><td>2013<\/td><\/tr><tr><td>Funkrufname<\/td><td>Florian W\u00f6rth 1\/34<\/td><\/tr><tr><td>Besatzung<\/td><td>Trupp (0\/1\/2\/<u>3<\/u>)<\/td><\/tr><tr><td>Einsatzgebiet<\/td><td>Brandbek\u00e4mpfung, Technische Hilfeleistung<\/td><\/tr><tr><td>Leiterl\u00e4nge<\/td><td>L\u00e4nge 23 m bei 12 m Ausladung<\/td><\/tr><tr><td><\/td><td><\/td><\/tr><\/tbody><\/table><\/figure>\n<\/div><\/div>\n<\/div>\n<\/div>\n<\/div><\/div>\n\n\n\nngg_shortcode_0_placeholder\n","protected":false},"excerpt":{"rendered":"<p>Fahrzeug-Steckbrief Fahrzeugtyp Drehleiter Automatik mit Korb 23\/12 (DL(A)K 23\/12) Fahrzeughersteller Mercedes-Benz Modell Econic 1829 LL Leistung 210 kW Hubraum 7.201 ccm Ma\u00dfe (LxBxH) 10.300 x 2.530 x 3.070 mm Gewicht (zGG) 18.000 kg Aufbau Rosenbauer Baujahr 2013 Funkrufname Florian W\u00f6rth 1\/34 Besatzung Trupp (0\/1\/2\/3) Einsatzgebiet Brandbek\u00e4mpfung, Technische Hilfeleistung Leiterl\u00e4nge L\u00e4nge 23 m bei 12 m [&hellip;]<\/p>\n","protected":false},"author":2,"featured_media":0,"parent":158,"menu_order":0,"comment_status":"closed","ping_status":"closed","template":"","meta":{"advgb_blocks_editor_width":"","advgb_blocks_columns_visual_guide":"","ngg_post_thumbnail":0,"footnotes":""},"class_list":["post-261","page","type-page","status-publish","hentry"],"coauthors":[],"author_meta":{"author_link":"https:\/\/feuerwehrwoerth.de\/index.php\/author\/tobias\/","display_name":"Tobias"},"relative_dates":{"created":"Posted 5\u00a0Jahren ago","modified":"Updated 2\u00a0Wochen ago"},"absolute_dates":{"created":"Posted on 10. Dezember 2020","modified":"Updated on 31. M\u00e4rz 2026"},"absolute_dates_time":{"created":"Posted on 10. Dezember 2020 18:33","modified":"Updated on 31. M\u00e4rz 2026 19:01"},"featured_img_caption":"","featured_img":false,"series_order":"","jetpack_sharing_enabled":true,"_links":{"self":[{"href":"https:\/\/feuerwehrwoerth.de\/index.php\/wp-json\/wp\/v2\/pages\/261","targetHints":{"allow":["GET"]}}],"collection":[{"href":"https:\/\/feuerwehrwoerth.de\/index.php\/wp-json\/wp\/v2\/pages"}],"about":[{"href":"https:\/\/feuerwehrwoerth.de\/index.php\/wp-json\/wp\/v2\/types\/page"}],"author":[{"embeddable":true,"href":"https:\/\/feuerwehrwoerth.de\/index.php\/wp-json\/wp\/v2\/users\/2"}],"replies":[{"embeddable":true,"href":"https:\/\/feuerwehrwoerth.de\/index.php\/wp-json\/wp\/v2\/comments?post=261"}],"version-history":[{"count":11,"href":"https:\/\/feuerwehrwoerth.de\/index.php\/wp-json\/wp\/v2\/pages\/261\/revisions"}],"predecessor-version":[{"id":8559,"href":"https:\/\/feuerwehrwoerth.de\/index.php\/wp-json\/wp\/v2\/pages\/261\/revisions\/8559"}],"up":[{"embeddable":true,"href":"https:\/\/feuerwehrwoerth.de\/index.php\/wp-json\/wp\/v2\/pages\/158"}],"wp:attachment":[{"href":"https:\/\/feuerwehrwoerth.de\/index.php\/wp-json\/wp\/v2\/media?parent=261"}],"curies":[{"name":"wp","href":"https:\/\/api.w.org\/{rel}","templated":true}]}}