{"id":279,"date":"2020-12-10T18:52:40","date_gmt":"2020-12-10T17:52:40","guid":{"rendered":"https:\/\/feuerwehrwoerth.de\/wordpress\/?page_id=279"},"modified":"2022-01-06T20:41:08","modified_gmt":"2022-01-06T19:41:08","slug":"ab-umweltschutz","status":"publish","type":"page","link":"https:\/\/feuerwehrwoerth.de\/index.php\/ueber-uns\/abrollbehaelter\/ab-umweltschutz\/","title":{"rendered":"AB-Umweltschutz"},"content":{"rendered":"\n<p><strong><em>Abrollbeh\u00e4lter Umweltschutz<\/em><\/strong><\/p>\n\n\n\n<figure class=\"wp-block-image size-large\"><img loading=\"lazy\" decoding=\"async\" width=\"1024\" height=\"576\" src=\"https:\/\/feuerwehrwoerth.de\/wp-content\/uploads\/2022\/01\/umwelt-geschlossen-1024x576.jpg\" alt=\"\" class=\"wp-image-2943\" srcset=\"https:\/\/feuerwehrwoerth.de\/wp-content\/uploads\/2022\/01\/umwelt-geschlossen-1024x576.jpg 1024w, https:\/\/feuerwehrwoerth.de\/wp-content\/uploads\/2022\/01\/umwelt-geschlossen-300x169.jpg 300w, https:\/\/feuerwehrwoerth.de\/wp-content\/uploads\/2022\/01\/umwelt-geschlossen-768x432.jpg 768w, https:\/\/feuerwehrwoerth.de\/wp-content\/uploads\/2022\/01\/umwelt-geschlossen-1536x864.jpg 1536w, https:\/\/feuerwehrwoerth.de\/wp-content\/uploads\/2022\/01\/umwelt-geschlossen-500x281.jpg 500w, https:\/\/feuerwehrwoerth.de\/wp-content\/uploads\/2022\/01\/umwelt-geschlossen-800x450.jpg 800w, https:\/\/feuerwehrwoerth.de\/wp-content\/uploads\/2022\/01\/umwelt-geschlossen-1280x720.jpg 1280w, https:\/\/feuerwehrwoerth.de\/wp-content\/uploads\/2022\/01\/umwelt-geschlossen.jpg 1600w\" sizes=\"auto, (max-width: 1024px) 100vw, 1024px\" \/><\/figure>\n\n\n\n<div class=\"wp-block-group\"><div class=\"wp-block-group__inner-container is-layout-flow wp-block-group-is-layout-flow\">\n<div class=\"wp-block-columns is-layout-flex wp-container-core-columns-is-layout-9d6595d7 wp-block-columns-is-layout-flex\">\n<div class=\"wp-block-column is-layout-flow wp-block-column-is-layout-flow\" style=\"flex-basis:100%\">\n<div class=\"wp-block-group\"><div class=\"wp-block-group__inner-container is-layout-flow wp-block-group-is-layout-flow\">\n<figure class=\"wp-block-table is-style-stripes\"><table  class=\" table table-hover\" ><tbody><tr><td>Hersteller<\/td><td>Fa. Zeich und K\u00f6nig<\/td><\/tr><tr><td>Baujahr<\/td><td>1999<\/td><\/tr><tr><td>Gewicht<\/td><td>15.000 kg (zGG)<\/td><\/tr><tr><td>Einsatzgebiet<\/td><td>Gefahr durch gef\u00e4hrliche G\u00fcter, Umweltschutz, Technische Hilfeleistung<\/td><\/tr><\/tbody><\/table><\/figure>\n<\/div><\/div>\n<\/div>\n<\/div>\n<\/div><\/div>\n\n\n\nngg_shortcode_0_placeholder\n\n\n\n<p><\/p>\n","protected":false},"excerpt":{"rendered":"<p>Abrollbeh\u00e4lter Umweltschutz Hersteller Fa. Zeich und K\u00f6nig Baujahr 1999 Gewicht 15.000 kg (zGG) Einsatzgebiet Gefahr durch gef\u00e4hrliche G\u00fcter, Umweltschutz, Technische Hilfeleistung<\/p>\n","protected":false},"author":1,"featured_media":0,"parent":296,"menu_order":0,"comment_status":"closed","ping_status":"closed","template":"","meta":{"advgb_blocks_editor_width":"","advgb_blocks_columns_visual_guide":"","ngg_post_thumbnail":0,"footnotes":""},"class_list":["post-279","page","type-page","status-publish","hentry"],"coauthors":[],"author_meta":{"author_link":"https:\/\/feuerwehrwoerth.de\/index.php\/author\/chris\/","display_name":"Christian"},"relative_dates":{"created":"Posted 5\u00a0Jahren ago","modified":"Updated 4\u00a0Jahren ago"},"absolute_dates":{"created":"Posted on 10. Dezember 2020","modified":"Updated on 6. Januar 2022"},"absolute_dates_time":{"created":"Posted on 10. Dezember 2020 18:52","modified":"Updated on 6. Januar 2022 20:41"},"featured_img_caption":"","featured_img":false,"series_order":"","jetpack_sharing_enabled":true,"_links":{"self":[{"href":"https:\/\/feuerwehrwoerth.de\/index.php\/wp-json\/wp\/v2\/pages\/279","targetHints":{"allow":["GET"]}}],"collection":[{"href":"https:\/\/feuerwehrwoerth.de\/index.php\/wp-json\/wp\/v2\/pages"}],"about":[{"href":"https:\/\/feuerwehrwoerth.de\/index.php\/wp-json\/wp\/v2\/types\/page"}],"author":[{"embeddable":true,"href":"https:\/\/feuerwehrwoerth.de\/index.php\/wp-json\/wp\/v2\/users\/1"}],"replies":[{"embeddable":true,"href":"https:\/\/feuerwehrwoerth.de\/index.php\/wp-json\/wp\/v2\/comments?post=279"}],"version-history":[{"count":4,"href":"https:\/\/feuerwehrwoerth.de\/index.php\/wp-json\/wp\/v2\/pages\/279\/revisions"}],"predecessor-version":[{"id":2944,"href":"https:\/\/feuerwehrwoerth.de\/index.php\/wp-json\/wp\/v2\/pages\/279\/revisions\/2944"}],"up":[{"embeddable":true,"href":"https:\/\/feuerwehrwoerth.de\/index.php\/wp-json\/wp\/v2\/pages\/296"}],"wp:attachment":[{"href":"https:\/\/feuerwehrwoerth.de\/index.php\/wp-json\/wp\/v2\/media?parent=279"}],"curies":[{"name":"wp","href":"https:\/\/api.w.org\/{rel}","templated":true}]}}