{"id":2947,"date":"2022-01-06T20:54:25","date_gmt":"2022-01-06T19:54:25","guid":{"rendered":"https:\/\/feuerwehrwoerth.de\/?page_id=2947"},"modified":"2023-02-27T19:18:25","modified_gmt":"2023-02-27T18:18:25","slug":"anhaenger-oelsperre","status":"publish","type":"page","link":"https:\/\/feuerwehrwoerth.de\/index.php\/ueber-uns\/abrollbehaelter\/anhaenger-oelsperre\/","title":{"rendered":"Anh\u00e4nger \u00d6lsperre"},"content":{"rendered":"\n<figure class=\"wp-block-image size-large\"><img loading=\"lazy\" decoding=\"async\" width=\"1024\" height=\"576\" src=\"https:\/\/feuerwehrwoerth.de\/wp-content\/uploads\/2022\/01\/oel-front-1024x576.jpg\" alt=\"\" class=\"wp-image-3057\" srcset=\"https:\/\/feuerwehrwoerth.de\/wp-content\/uploads\/2022\/01\/oel-front-1024x576.jpg 1024w, https:\/\/feuerwehrwoerth.de\/wp-content\/uploads\/2022\/01\/oel-front-300x169.jpg 300w, https:\/\/feuerwehrwoerth.de\/wp-content\/uploads\/2022\/01\/oel-front-768x432.jpg 768w, https:\/\/feuerwehrwoerth.de\/wp-content\/uploads\/2022\/01\/oel-front-1536x864.jpg 1536w, https:\/\/feuerwehrwoerth.de\/wp-content\/uploads\/2022\/01\/oel-front-500x281.jpg 500w, https:\/\/feuerwehrwoerth.de\/wp-content\/uploads\/2022\/01\/oel-front-800x450.jpg 800w, https:\/\/feuerwehrwoerth.de\/wp-content\/uploads\/2022\/01\/oel-front-1280x720.jpg 1280w, https:\/\/feuerwehrwoerth.de\/wp-content\/uploads\/2022\/01\/oel-front.jpg 1600w\" sizes=\"auto, (max-width: 1024px) 100vw, 1024px\" \/><\/figure>\n\n\n\n<figure class=\"wp-block-table is-style-stripes\"><table  class=\" table table-hover\" ><tbody><tr><td>Beladung<\/td><td>50x \u00d6lschl\u00e4ngel<\/td><\/tr><tr><td>Einsatzgebiet<\/td><td>\u00d6lflecken an Land und Wasser<\/td><\/tr><\/tbody><\/table><\/figure>\n\n\n\nngg_shortcode_0_placeholder\n","protected":false},"excerpt":{"rendered":"<p>Beladung 50x \u00d6lschl\u00e4ngel Einsatzgebiet \u00d6lflecken an Land und Wasser<\/p>\n","protected":false},"author":1,"featured_media":0,"parent":296,"menu_order":0,"comment_status":"closed","ping_status":"closed","template":"","meta":{"advgb_blocks_editor_width":"","advgb_blocks_columns_visual_guide":"","ngg_post_thumbnail":0,"footnotes":""},"class_list":["post-2947","page","type-page","status-publish","hentry"],"coauthors":[],"author_meta":{"author_link":"https:\/\/feuerwehrwoerth.de\/index.php\/author\/chris\/","display_name":"Christian"},"relative_dates":{"created":"Posted 4\u00a0Jahren ago","modified":"Updated 3\u00a0Jahren ago"},"absolute_dates":{"created":"Posted on 6. Januar 2022","modified":"Updated on 27. Februar 2023"},"absolute_dates_time":{"created":"Posted on 6. Januar 2022 20:54","modified":"Updated on 27. Februar 2023 19:18"},"featured_img_caption":"","featured_img":false,"series_order":"","jetpack_sharing_enabled":true,"_links":{"self":[{"href":"https:\/\/feuerwehrwoerth.de\/index.php\/wp-json\/wp\/v2\/pages\/2947","targetHints":{"allow":["GET"]}}],"collection":[{"href":"https:\/\/feuerwehrwoerth.de\/index.php\/wp-json\/wp\/v2\/pages"}],"about":[{"href":"https:\/\/feuerwehrwoerth.de\/index.php\/wp-json\/wp\/v2\/types\/page"}],"author":[{"embeddable":true,"href":"https:\/\/feuerwehrwoerth.de\/index.php\/wp-json\/wp\/v2\/users\/1"}],"replies":[{"embeddable":true,"href":"https:\/\/feuerwehrwoerth.de\/index.php\/wp-json\/wp\/v2\/comments?post=2947"}],"version-history":[{"count":4,"href":"https:\/\/feuerwehrwoerth.de\/index.php\/wp-json\/wp\/v2\/pages\/2947\/revisions"}],"predecessor-version":[{"id":4802,"href":"https:\/\/feuerwehrwoerth.de\/index.php\/wp-json\/wp\/v2\/pages\/2947\/revisions\/4802"}],"up":[{"embeddable":true,"href":"https:\/\/feuerwehrwoerth.de\/index.php\/wp-json\/wp\/v2\/pages\/296"}],"wp:attachment":[{"href":"https:\/\/feuerwehrwoerth.de\/index.php\/wp-json\/wp\/v2\/media?parent=2947"}],"curies":[{"name":"wp","href":"https:\/\/api.w.org\/{rel}","templated":true}]}}