{"id":296,"date":"2020-12-10T19:03:43","date_gmt":"2020-12-10T18:03:43","guid":{"rendered":"https:\/\/feuerwehrwoerth.de\/wordpress\/?page_id=296"},"modified":"2022-01-06T20:59:19","modified_gmt":"2022-01-06T19:59:19","slug":"abrollbehaelter","status":"publish","type":"page","link":"https:\/\/feuerwehrwoerth.de\/index.php\/ueber-uns\/abrollbehaelter\/","title":{"rendered":"Abrollbeh\u00e4lter"},"content":{"rendered":"\n<p>Hier finden Sie Informationen zu Unseren Abrollbeh\u00e4ltern auf den Unterseiten.<\/p>\n\n\n\n<figure class=\"wp-block-table is-style-stripes\"><table  class=\" table table-hover\" ><tbody><tr><td><a href=\"https:\/\/feuerwehrwoerth.de\/index.php\/ueber-uns\/abrollbehaelter\/ab-umweltschutz\/\" class=\"ek-link\">AB-Umweltschutz<\/a><\/td><\/tr><tr><td><a href=\"https:\/\/feuerwehrwoerth.de\/index.php\/ueber-uns\/abrollbehaelter\/ab-tank\/\" class=\"ek-link\">AB-Wassertank<\/a><\/td><\/tr><tr><td><a href=\"https:\/\/feuerwehrwoerth.de\/index.php\/ueber-uns\/abrollbehaelter\/ab-pritsche\/\" class=\"ek-link\">AB-Pritsche<\/a><\/td><\/tr><tr><td><a href=\"https:\/\/feuerwehrwoerth.de\/index.php\/ueber-uns\/abrollbehaelter\/ab-strom\/\" class=\"ek-link\">AB-Strom<\/a><\/td><\/tr><tr><td><a href=\"https:\/\/feuerwehrwoerth.de\/index.php\/ueber-uns\/abrollbehaelter\/anhaenger-oelsperre\/\" class=\"ek-link\">Anh\u00e4nger \u00d6lsperre<\/a><\/td><\/tr><\/tbody><\/table><\/figure>\n\n\n\n<div class=\"wp-block-buttons is-layout-flex wp-block-buttons-is-layout-flex\"><\/div>\n\n\n\n<figure class=\"wp-block-image size-large\"><img loading=\"lazy\" decoding=\"async\" width=\"1024\" height=\"576\" src=\"https:\/\/feuerwehrwoerth.de\/wp-content\/uploads\/2022\/01\/umwelt-geschlossen-1024x576.jpg\" alt=\"\" class=\"wp-image-2943\" srcset=\"https:\/\/feuerwehrwoerth.de\/wp-content\/uploads\/2022\/01\/umwelt-geschlossen-1024x576.jpg 1024w, https:\/\/feuerwehrwoerth.de\/wp-content\/uploads\/2022\/01\/umwelt-geschlossen-300x169.jpg 300w, https:\/\/feuerwehrwoerth.de\/wp-content\/uploads\/2022\/01\/umwelt-geschlossen-768x432.jpg 768w, https:\/\/feuerwehrwoerth.de\/wp-content\/uploads\/2022\/01\/umwelt-geschlossen-1536x864.jpg 1536w, https:\/\/feuerwehrwoerth.de\/wp-content\/uploads\/2022\/01\/umwelt-geschlossen-500x281.jpg 500w, https:\/\/feuerwehrwoerth.de\/wp-content\/uploads\/2022\/01\/umwelt-geschlossen-800x450.jpg 800w, https:\/\/feuerwehrwoerth.de\/wp-content\/uploads\/2022\/01\/umwelt-geschlossen-1280x720.jpg 1280w, https:\/\/feuerwehrwoerth.de\/wp-content\/uploads\/2022\/01\/umwelt-geschlossen.jpg 1600w\" sizes=\"auto, (max-width: 1024px) 100vw, 1024px\" \/><\/figure>\n\n\n\n<p><\/p>\n","protected":false},"excerpt":{"rendered":"<p>Hier finden Sie Informationen zu Unseren Abrollbeh\u00e4ltern auf den Unterseiten. AB-Umweltschutz AB-Wassertank AB-Pritsche AB-Strom Anh\u00e4nger \u00d6lsperre<\/p>\n","protected":false},"author":1,"featured_media":0,"parent":34,"menu_order":0,"comment_status":"closed","ping_status":"closed","template":"","meta":{"advgb_blocks_editor_width":"","advgb_blocks_columns_visual_guide":"","ngg_post_thumbnail":0,"footnotes":""},"class_list":["post-296","page","type-page","status-publish","hentry"],"coauthors":[],"author_meta":{"author_link":"https:\/\/feuerwehrwoerth.de\/index.php\/author\/chris\/","display_name":"Christian"},"relative_dates":{"created":"Posted 5\u00a0Jahren ago","modified":"Updated 4\u00a0Jahren ago"},"absolute_dates":{"created":"Posted on 10. Dezember 2020","modified":"Updated on 6. Januar 2022"},"absolute_dates_time":{"created":"Posted on 10. Dezember 2020 19:03","modified":"Updated on 6. Januar 2022 20:59"},"featured_img_caption":"","featured_img":false,"series_order":"","jetpack_sharing_enabled":true,"_links":{"self":[{"href":"https:\/\/feuerwehrwoerth.de\/index.php\/wp-json\/wp\/v2\/pages\/296","targetHints":{"allow":["GET"]}}],"collection":[{"href":"https:\/\/feuerwehrwoerth.de\/index.php\/wp-json\/wp\/v2\/pages"}],"about":[{"href":"https:\/\/feuerwehrwoerth.de\/index.php\/wp-json\/wp\/v2\/types\/page"}],"author":[{"embeddable":true,"href":"https:\/\/feuerwehrwoerth.de\/index.php\/wp-json\/wp\/v2\/users\/1"}],"replies":[{"embeddable":true,"href":"https:\/\/feuerwehrwoerth.de\/index.php\/wp-json\/wp\/v2\/comments?post=296"}],"version-history":[{"count":8,"href":"https:\/\/feuerwehrwoerth.de\/index.php\/wp-json\/wp\/v2\/pages\/296\/revisions"}],"predecessor-version":[{"id":2955,"href":"https:\/\/feuerwehrwoerth.de\/index.php\/wp-json\/wp\/v2\/pages\/296\/revisions\/2955"}],"up":[{"embeddable":true,"href":"https:\/\/feuerwehrwoerth.de\/index.php\/wp-json\/wp\/v2\/pages\/34"}],"wp:attachment":[{"href":"https:\/\/feuerwehrwoerth.de\/index.php\/wp-json\/wp\/v2\/media?parent=296"}],"curies":[{"name":"wp","href":"https:\/\/api.w.org\/{rel}","templated":true}]}}