{"id":302,"date":"2020-12-10T19:06:26","date_gmt":"2020-12-10T18:06:26","guid":{"rendered":"https:\/\/feuerwehrwoerth.de\/wordpress\/?page_id=302"},"modified":"2025-08-24T22:13:18","modified_gmt":"2025-08-24T20:13:18","slug":"impressum","status":"publish","type":"page","link":"https:\/\/feuerwehrwoerth.de\/index.php\/impressum\/","title":{"rendered":"Impressum"},"content":{"rendered":"\n<h3 class=\"wp-block-heading\" id=\"angaben-gem-5-tmg-c1730ff4-9bfb-4d44-904c-61c1c86a6908\"><strong>Angaben gem. \u00a75 TMG:<\/strong><\/h3>\n\n\n\n<p><strong>Freiwillige Feuerwehr W\u00f6rth am Rhein<\/strong><br><strong>Wehrleiter<\/strong>: J\u00fcrgen Stephany<br><strong>Wehrf\u00fchrer<\/strong>: Alexander Mieger<br>Ahornstra\u00dfe 6, 76744 W\u00f6rth am Rhein, Telefon +497271\/767171<br><strong>E-Mail<\/strong>: webmaster@feuerwehrwoerth.de <br><strong>Kontakt<\/strong>: Unser <a href=\"https:\/\/feuerwehrwoerth.de\/index.php\/kontakt\/\" data-type=\"page\" data-id=\"73\">Kontaktformular<\/a><\/p>\n\n\n\n<p><\/p>\n\n\n\n<h3 class=\"wp-block-heading\" id=\"dienstanbieter-i-s-v-10-abs-1-medstv-04bde27b-2826-43dd-a446-5a5c987b30d6\"><strong>Dienstanbieter i.S.v. \u00a7 10 Abs. 1 MedStV<\/strong><\/h3>\n\n\n\n<p>Stadtverwaltung W\u00f6rth am Rhein, vertr. durch B\u00fcrgermeister Steffen Weiss<br>Mozartstra\u00dfe 2, 76744 W\u00f6rth am Rhein, Telefon +497271\/1310<br><strong>E-Mail<\/strong>: webredaktion@woerth.de<\/p>\n\n\n\n<p><\/p>\n\n\n\n<h3 class=\"wp-block-heading\" id=\"verantwortlich-nach-10-abs-3-medstv-f71b56aa-b8d7-4d8e-abcf-b677645636f1\"><strong>Verantwortlich nach \u00a7 10 Abs. 3 MedStV<\/strong><\/h3>\n\n\n\n<p><strong>Pressesprecher<\/strong>: Steffen Reidt<br>Ahornstra\u00dfe 6, 76744 W\u00f6rth am Rhein, Telefon +497271\/767171<br><strong>E-Mail<\/strong>: presse@feuerwehrwoerth.de<\/p>\n\n\n\n<p><\/p>\n\n\n\n<h3 class=\"wp-block-heading\" id=\"realisierung-d0ae9b3d-1669-4d0c-b5b8-6144e986b080\"><strong>Realisierung<\/strong><\/h3>\n\n\n\n<p><strong>Webmaster<\/strong>: Tobias Pfrengle<br><strong>Technik<\/strong>: Christian Baumann<br>Ahornstra\u00dfe 6, 76744 W\u00f6rth am Rhein, Telefon +497271\/767171<br><strong>E-Mail<\/strong>: webmaster@feuerwehrwoerth.de<\/p>\n\n\n\n<p><\/p>\n\n\n\n<h3 class=\"wp-block-heading\" id=\"hinweise-zur-onlinestreitbeilegung-8b172854-be1e-4e73-a5ed-dc63b7e19927\"><strong>Hinweise zur Online-Streitbeilegung<\/strong><\/h3>\n\n\n\n<p>Online-Streitbeilegung gem\u00e4\u00df Art. 14 Abs. 1 ODR-VO:&nbsp;Die Plattform der Europ\u00e4ischen Kommission zur Online-Streitbeilegung (OS) finden Sie hier:&nbsp;<a href=\"http:\/\/ec.europa.eu\/consumers\/odr\/\">http:\/\/ec.europa.eu\/consumers\/odr\/<\/a>&nbsp;<br>Zur Teilnahme an einem Streitbeilegungsverfahren vor einer Verbraucherschlichtungsstelle sind wir nicht verpflichtet und nicht bereit.<\/p>\n\n\n\n<p><\/p>\n\n\n\n<h2 class=\"wp-block-heading\" id=\"haftungsausschluss-disclaimer-2e9c4d5f-3aa8-406b-9d3a-d1a77bf9645f\"><strong>Haftungsausschluss (Disclaimer)<\/strong><\/h2>\n\n\n\n<h3 class=\"wp-block-heading\" id=\"haftung-fur-inhalte-17f07eb1-9253-4ce3-9b72-cbb90f9b853e\"><strong>Haftung f\u00fcr Inhalte<\/strong><\/h3>\n\n\n\n<p>Als Diensteanbieter sind wir gem\u00e4\u00df \u00a7 7 Abs.1 TMG f\u00fcr eigene Inhalte auf diesen Seiten nach den allgemeinen Gesetzen verantwortlich. Nach \u00a7\u00a7 8 bis 10 TMG sind wir als Diensteanbieter jedoch nicht verpflichtet, \u00fcbermittelte oder gespeicherte fremde Informationen zu \u00fcberwachen oder nach Umst\u00e4nden zu forschen, die auf eine rechtswidrige T\u00e4tigkeit hinweisen. Verpflichtungen zur Entfernung oder Sperrung der Nutzung von Informationen nach den allgemeinen Gesetzen bleiben hiervon unber\u00fchrt. Eine diesbez\u00fcgliche Haftung ist jedoch erst ab dem Zeitpunkt der Kenntnis einer konkreten Rechtsverletzung m\u00f6glich. Bei Bekanntwerden von entsprechenden Rechtsverletzungen werden wir diese Inhalte umgehend entfernen.<\/p>\n\n\n\n<p><\/p>\n\n\n\n<h3 class=\"wp-block-heading\" id=\"haftung-fur-links-839a498b-c406-4f11-8933-35f024d67baf\"><strong>Haftung f\u00fcr Links<\/strong><\/h3>\n\n\n\n<p>Unser Angebot enth\u00e4lt Links zu externen Webseiten Dritter, auf deren Inhalte wir keinen Einfluss haben. Deshalb k\u00f6nnen wir f\u00fcr diese fremden Inhalte auch keine Gew\u00e4hr \u00fcbernehmen. F\u00fcr die Inhalte der verlinkten Seiten ist stets der jeweilige Anbieter oder Betreiber der Seiten verantwortlich. Die verlinkten Seiten wurden zum Zeitpunkt der Verlinkung auf m\u00f6gliche Rechtsverst\u00f6\u00dfe \u00fcberpr\u00fcft. Rechtswidrige Inhalte waren zum Zeitpunkt der Verlinkung nicht erkennbar. Eine permanente inhaltliche Kontrolle der verlinkten Seiten ist jedoch ohne konkrete Anhaltspunkte einer Rechtsverletzung nicht zumutbar. Bei Bekanntwerden von Rechtsverletzungen werden wir derartige Links umgehend entfernen.<\/p>\n\n\n\n<p><\/p>\n\n\n\n<h3 class=\"wp-block-heading\" id=\"urheberrecht-9235cb6e-aed1-42e0-81a4-43ea7d0cc717\"><strong>Urheberrecht<\/strong><\/h3>\n\n\n\n<p>Die durch die Seitenbetreiber erstellten Inhalte und Werke auf diesen Seiten unterliegen dem deutschen Urheberrecht. Die Vervielf\u00e4ltigung, Bearbeitung, Verbreitung und jede Art der Verwertung au\u00dferhalb der Grenzen des Urheberrechtes bed\u00fcrfen der schriftlichen Zustimmung des jeweiligen Autors bzw. Erstellers. Downloads und Kopien dieser Seite sind nur f\u00fcr den privaten, nicht kommerziellen Gebrauch gestattet. Soweit die Inhalte auf dieser Seite nicht vom Betreiber erstellt wurden, werden die Urheberrechte Dritter beachtet. Insbesondere werden Inhalte Dritter als solche gekennzeichnet. Sollten Sie trotzdem auf eine Urheberrechtsverletzung aufmerksam werden, bitten wir um einen entsprechenden Hinweis. Bei Bekanntwerden von Rechtsverletzungen werden wir derartige Inhalte umgehend entfernen.<\/p>\n\n\n\n<div style=\"height:39px\" aria-hidden=\"true\" class=\"wp-block-spacer\"><\/div>\n\n\n\n<div class=\"wp-block-buttons is-layout-flex wp-block-buttons-is-layout-flex\">\n<div class=\"wp-block-button\"><a class=\"wp-block-button__link has-vivid-red-background-color has-background wp-element-button\" href=\"https:\/\/www.woerth.de\/sv_woerth\/Impressum\/Elektronische%20Kommunikation\/\">Zugangser\u00f6ffnung f\u00fcr die elektronische Kommunikation mit <br>der Stadtverwaltung W\u00f6rth am Rhein<\/a><\/div>\n<\/div>\n","protected":false},"excerpt":{"rendered":"<p>Angaben gem. \u00a75 TMG: Freiwillige Feuerwehr W\u00f6rth am RheinWehrleiter: J\u00fcrgen StephanyWehrf\u00fchrer: Alexander MiegerAhornstra\u00dfe 6, 76744 W\u00f6rth am Rhein, Telefon +497271\/767171E-Mail: webmaster@feuerwehrwoerth.de Kontakt: Unser Kontaktformular Dienstanbieter i.S.v. \u00a7 10 Abs. 1 MedStV Stadtverwaltung W\u00f6rth am Rhein, vertr. durch B\u00fcrgermeister Steffen WeissMozartstra\u00dfe 2, 76744 W\u00f6rth am Rhein, Telefon +497271\/1310E-Mail: webredaktion@woerth.de Verantwortlich nach \u00a7 10 Abs. 3 MedStV [&hellip;]<\/p>\n","protected":false},"author":1,"featured_media":0,"parent":0,"menu_order":0,"comment_status":"closed","ping_status":"closed","template":"","meta":{"advgb_blocks_editor_width":"","advgb_blocks_columns_visual_guide":"","ngg_post_thumbnail":0,"footnotes":""},"class_list":["post-302","page","type-page","status-publish","hentry"],"coauthors":[],"author_meta":{"author_link":"https:\/\/feuerwehrwoerth.de\/index.php\/author\/chris\/","display_name":"Christian"},"relative_dates":{"created":"Posted 5\u00a0Jahren ago","modified":"Updated 8\u00a0Monaten ago"},"absolute_dates":{"created":"Posted on 10. Dezember 2020","modified":"Updated on 24. August 2025"},"absolute_dates_time":{"created":"Posted on 10. Dezember 2020 19:06","modified":"Updated on 24. August 2025 22:13"},"featured_img_caption":"","featured_img":false,"series_order":"","jetpack_sharing_enabled":true,"_links":{"self":[{"href":"https:\/\/feuerwehrwoerth.de\/index.php\/wp-json\/wp\/v2\/pages\/302","targetHints":{"allow":["GET"]}}],"collection":[{"href":"https:\/\/feuerwehrwoerth.de\/index.php\/wp-json\/wp\/v2\/pages"}],"about":[{"href":"https:\/\/feuerwehrwoerth.de\/index.php\/wp-json\/wp\/v2\/types\/page"}],"author":[{"embeddable":true,"href":"https:\/\/feuerwehrwoerth.de\/index.php\/wp-json\/wp\/v2\/users\/1"}],"replies":[{"embeddable":true,"href":"https:\/\/feuerwehrwoerth.de\/index.php\/wp-json\/wp\/v2\/comments?post=302"}],"version-history":[{"count":15,"href":"https:\/\/feuerwehrwoerth.de\/index.php\/wp-json\/wp\/v2\/pages\/302\/revisions"}],"predecessor-version":[{"id":7561,"href":"https:\/\/feuerwehrwoerth.de\/index.php\/wp-json\/wp\/v2\/pages\/302\/revisions\/7561"}],"wp:attachment":[{"href":"https:\/\/feuerwehrwoerth.de\/index.php\/wp-json\/wp\/v2\/media?parent=302"}],"curies":[{"name":"wp","href":"https:\/\/api.w.org\/{rel}","templated":true}]}}