{"id":307,"date":"2020-12-10T19:08:06","date_gmt":"2020-12-10T18:08:06","guid":{"rendered":"https:\/\/feuerwehrwoerth.de\/wordpress\/?page_id=307"},"modified":"2025-08-24T15:32:29","modified_gmt":"2025-08-24T13:32:29","slug":"fez","status":"publish","type":"page","link":"https:\/\/feuerwehrwoerth.de\/index.php\/ueber-uns\/feuerwehrgeraetehaus\/fez\/","title":{"rendered":"FEZ"},"content":{"rendered":"\n<p>Die Feuerwehreinsatzzentrale (FEZ) dient als zentrale Kommunikationseinheit einer Feuerwehr. Die FEZ der Feuerwehren der Stadt W\u00f6rth am Rhein befindet sich bei der St\u00fctzpunktwehr des Stadtgebiets, hier bei uns in W\u00f6rth. Nach einer Alarmierung durch die Leitstelle wird die FEZ besetzt und koordiniert danach den eingegangenen Einsatz. Weiterhin k\u00f6nnen hier w\u00e4hrend eines Einsatzes wichtige Informationen zu m\u00f6glichen Gefahren (z.B. bei Verkehrsunf\u00e4llen mit gef\u00e4hrlichen G\u00fctern) recherchiert und an die Einsatzkr\u00e4fte vor Ort \u00fcbermittelt werden. Es k\u00f6nnen von hier aus weitere Einsatzkr\u00e4fte nachalarmiert und Absprachen mit anderen (Hilfs-)Organisationen getroffen werden.<\/p>\n\n\n\n<figure class=\"wp-block-image size-large is-style-editorskit-rounded\"><img loading=\"lazy\" decoding=\"async\" width=\"1024\" height=\"768\" src=\"https:\/\/feuerwehrwoerth.de\/wp-content\/uploads\/Ausbildung\/20160221_122957-scaled-1024x768.jpg\" alt=\"\" class=\"wp-image-783\" srcset=\"https:\/\/feuerwehrwoerth.de\/wp-content\/uploads\/Ausbildung\/20160221_122957-scaled-1024x768.jpg 1024w, https:\/\/feuerwehrwoerth.de\/wp-content\/uploads\/Ausbildung\/20160221_122957-scaled-300x225.jpg 300w, https:\/\/feuerwehrwoerth.de\/wp-content\/uploads\/Ausbildung\/20160221_122957-scaled-768x576.jpg 768w, https:\/\/feuerwehrwoerth.de\/wp-content\/uploads\/Ausbildung\/20160221_122957-scaled-1536x1152.jpg 1536w, https:\/\/feuerwehrwoerth.de\/wp-content\/uploads\/Ausbildung\/20160221_122957-scaled-2048x1536.jpg 2048w\" sizes=\"auto, (max-width: 1024px) 100vw, 1024px\" \/><\/figure>\n\n\n\n<p>Man sagt deswegen, die Feuerwehreinsatzzentrale ist eine F\u00fchrungsunterst\u00fctzung f\u00fcr den Einsatzleiter im r\u00fcckw\u00e4rtigen Bereich. Sie ist eine station\u00e4re Einrichtung in unserem Ger\u00e4tehaus und erf\u00fcllt dort ihre unterst\u00fctzenden T\u00e4tigkeiten. Eine grundlegende Aufgabe unserer FEZ ist die sachgem\u00e4\u00dfe Dokumentation des Einsatzgeschehens, sodass alle Schritte, Entscheidungen und Vorg\u00e4nge zu jederzeit w\u00e4hrend eines Einsatzes \u00fcberpr\u00fcft und auch hinterher nachvollzogen werden k\u00f6nnen. Reichen einmal die vorhandenen Kr\u00e4fte vor Ort nicht aus oder werden speziell ausgebildete Unterst\u00fctzungskr\u00e4fte und deren Equipment gebraucht, so k\u00f6nnen diese von hier aus nachalarmiert werden. Auch bietet uns diese Einrichtung einen geordneten Kontakt zu anderen Beh\u00f6rden und Hilfsorganisationen sowie zu der Presse und zur Bev\u00f6lkerung. Die Arbeit in unserer FEZ wird aufgrund einer unterbrechungsfreien Stromversorgung auch w\u00e4hrend eines Stromausfalls nicht behindert, sodass wir den Kontakt zu unseren Kr\u00e4ften an der Einsatzstelle nicht verlieren. Unsere beiden voneinander unabh\u00e4ngigen Arbeitspl\u00e4tze k\u00f6nnen mehrere und auch komplexere Eins\u00e4tze begleiten und koordinieren. Dies ist vor allem bei gr\u00f6\u00dferen Schadenslagen wie einem Waldbrand, Unwettereins\u00e4tzen oder aber bei Hochwasserlagen von Vorteil. Bei letzterer ist unsere FEZ st\u00e4ndig besetzt, w\u00e4hrend Einsatzkr\u00e4fte die Schutzeinrichtungen entlang unseres Rheinabschnitts kontrollieren. Bei einem Eintritt eines Schadensereignisses kann somit schnelle und wirksame Hilfe gerufen werden. Ist eine komplexe Lage eingetreten, so haben wir die M\u00f6glichkeit eine Lagekarte dazu anzufertigen. Dabei werden nicht nur die direkten Ereignisse vor Ort grafisch dargestellt, sondern auch weitere Gefahren und die Anzahl der eingesetzten Kr\u00e4fte dokumentiert. Aber auch au\u00dferhalb der Einsatzzeiten wird die FEZ rege genutzt.<\/p>\n\n\n\n<h2 class=\"wp-block-heading\">Ausbildung<\/h2>\n\n\n\n<p class=\"has-text-align-justify\">W\u00e4hrend eines Einsatzes k\u00f6nnen viele Handlungen der Einsatzkr\u00e4fte vor Ort beobachtet werden. Was sich jedoch im Hintergrund abspielt, ist nur wenigen bekannt. Feuerwehrleute vor Ort l\u00f6schen Br\u00e4nde, Retten Verletzte aus verunfallten Fahrzeugen oder f\u00fchren andere sichtbare Arbeiten im Rahmen ihrer M\u00f6glichkeiten aus, die sie in den verschiedenen Ausbildungen immer zu erweitern versuchen. Doch was passiert, wenn die Einsatzkr\u00e4fte vor Ort zahlenm\u00e4\u00dfig nicht ausreichen? Was geschieht, wenn Spezialkr\u00e4fte wie H\u00f6henretter oder die Unterst\u00fctzung des Technischen Hilfswerks (THW) ben\u00f6tigt werden? Und wer k\u00fcmmert sich um die Koordination von gr\u00f6\u00dferen Einsatzstellen oder komplexeren Aufgaben? Hier kommt unsere&nbsp;Feuerwehreinsatzzentrale (FEZ)&nbsp;ins Spiel. Die FEZ dient als zentrale Kommunikationseinheit einer Feuerwehr. Die FEZ der Feuerwehren der Stadt W\u00f6rth am Rhein befindet sich bei der St\u00fctzpunktwehr des Stadtgebiets, hier bei uns in W\u00f6rth.\u202a\u202a<\/p>\n\n\n\n<div style=\"height:15px\" aria-hidden=\"true\" class=\"wp-block-spacer\"><\/div>\n\n\n\n<figure class=\"wp-block-gallery has-nested-images columns-default is-cropped wp-block-gallery-1 is-layout-flex wp-block-gallery-is-layout-flex\">\n<figure class=\"wp-block-image size-large\"><img loading=\"lazy\" decoding=\"async\" width=\"1024\" height=\"768\" data-id=\"804\" src=\"https:\/\/feuerwehrwoerth.de\/wp-content\/uploads\/Ausbildung\/20140129_200158-1024x768.jpg\" alt=\"\" class=\"wp-image-804\" srcset=\"https:\/\/feuerwehrwoerth.de\/wp-content\/uploads\/Ausbildung\/20140129_200158-1024x768.jpg 1024w, https:\/\/feuerwehrwoerth.de\/wp-content\/uploads\/Ausbildung\/20140129_200158-300x225.jpg 300w, https:\/\/feuerwehrwoerth.de\/wp-content\/uploads\/Ausbildung\/20140129_200158-768x576.jpg 768w, https:\/\/feuerwehrwoerth.de\/wp-content\/uploads\/Ausbildung\/20140129_200158-1536x1152.jpg 1536w, https:\/\/feuerwehrwoerth.de\/wp-content\/uploads\/Ausbildung\/20140129_200158-2048x1536.jpg 2048w\" sizes=\"auto, (max-width: 1024px) 100vw, 1024px\" \/><\/figure>\n\n\n\n<figure class=\"wp-block-image size-large\"><img loading=\"lazy\" decoding=\"async\" width=\"1024\" height=\"768\" data-id=\"783\" src=\"https:\/\/feuerwehrwoerth.de\/wp-content\/uploads\/Ausbildung\/20160221_122957-scaled-1024x768.jpg\" alt=\"\" class=\"wp-image-783\" srcset=\"https:\/\/feuerwehrwoerth.de\/wp-content\/uploads\/Ausbildung\/20160221_122957-scaled-1024x768.jpg 1024w, https:\/\/feuerwehrwoerth.de\/wp-content\/uploads\/Ausbildung\/20160221_122957-scaled-300x225.jpg 300w, https:\/\/feuerwehrwoerth.de\/wp-content\/uploads\/Ausbildung\/20160221_122957-scaled-768x576.jpg 768w, https:\/\/feuerwehrwoerth.de\/wp-content\/uploads\/Ausbildung\/20160221_122957-scaled-1536x1152.jpg 1536w, https:\/\/feuerwehrwoerth.de\/wp-content\/uploads\/Ausbildung\/20160221_122957-scaled-2048x1536.jpg 2048w\" sizes=\"auto, (max-width: 1024px) 100vw, 1024px\" \/><\/figure>\n<\/figure>\n\n\n\n<p><strong>Aufgaben, M\u00f6glichkeiten und Grenzen<\/strong><\/p>\n\n\n\n<p class=\"has-text-align-justify\">Nach der Alarmierung durch die Leitstelle wird die FEZ besetzt und koordiniert danach den eingegangenen Einsatz. Weiterhin k\u00f6nnen hier w\u00e4hrend eines Einsatzes wichtige Informationen zu m\u00f6glichen Gefahren (z.B. bei Verkehrsunf\u00e4llen mit gef\u00e4hrlichen G\u00fctern) recherchiert und an die Einsatzkr\u00e4fte vor Ort \u00fcbermittelt werden. Es k\u00f6nnen von hier aus weitere Einsatzkr\u00e4fte nachalarmiert und Absprachen mit anderen (Hilfs-)Organisationen getroffen werden. Man sagt deswegen, die Feuerwehreinsatzzentrale ist eine F\u00fchrungsunterst\u00fctzung f\u00fcr den Einsatzleiter im r\u00fcckw\u00e4rtigen Bereich. Sie ist eine station\u00e4re Einrichtung in unserem Ger\u00e4tehaus und erf\u00fcllt dort ihre unterst\u00fctzenden T\u00e4tigkeiten. Eine grundlegende Aufgabe unserer FEZ ist die sachgem\u00e4\u00dfe Dokumentation des Einsatzgeschehens, sodass alle Schritte, Entscheidungen und Vorg\u00e4nge zu jederzeit w\u00e4hrend eines Einsatzes \u00fcberpr\u00fcft und auch hinterher nachvollzogen werden k\u00f6nnen. Reichen einmal die vorhandenen Kr\u00e4fte vor Ort nicht aus oder werden speziell ausgebildete Unterst\u00fctzungskr\u00e4fte und deren Equipment gebraucht, so k\u00f6nnen diese von hier aus nachalarmiert werden. Auch bietet uns diese Einrichtung einen geordneten Kontakt zu anderen Beh\u00f6rden und Hilfsorganisationen sowie zu der Presse und zur Bev\u00f6lkerung.&nbsp;Die Arbeit in unserer FEZ wird aufgrund einer unterbrechungsfreien Stromversorgung auch w\u00e4hrend eines Stromausfalls nicht behindert, sodass wir den Kontakt zu unseren Kr\u00e4ften an der Einsatzstelle nicht verlieren. Unsere beiden voneinander unabh\u00e4ngigen Arbeitspl\u00e4tze k\u00f6nnen mehrere und auch komplexere Eins\u00e4tze begleiten und koordinieren. Dies ist vor allem bei gr\u00f6\u00dferen Schadenslagen wie einem Waldbrand, Unwettereins\u00e4tzen oder aber bei Hochwasserlagen von Vorteil. Bei letzterer ist unsere FEZ st\u00e4ndig besetzt, w\u00e4hrend Einsatzkr\u00e4fte die Schutzeinrichtungen entlang unseres Rheinabschnitts kontrollieren. Bei einem Eintritt eines Schadensereignisses kann somit schnelle und wirksame Hilfe gerufen werden. Ist eine komplexe Lage eingetreten, so haben wir die M\u00f6glichkeit eine Lagekarte dazu anzufertigen. Dabei werden nicht nur die direkten Ereignisse vor Ort grafisch dargestellt, sondern auch weitere Gefahren und die Anzahl der eingesetzten Kr\u00e4fte dokumentiert.<\/p>\n\n\n\n<div style=\"height:15px\" aria-hidden=\"true\" class=\"wp-block-spacer\"><\/div>\n\n\n\n<figure class=\"wp-block-gallery has-nested-images columns-default is-cropped wp-block-gallery-2 is-layout-flex wp-block-gallery-is-layout-flex\">\n<figure class=\"wp-block-image size-large\"><img loading=\"lazy\" decoding=\"async\" width=\"1024\" height=\"768\" data-id=\"785\" src=\"https:\/\/feuerwehrwoerth.de\/wp-content\/uploads\/Ausbildung\/Lagekarte.jpg\" alt=\"\" class=\"wp-image-785\" srcset=\"https:\/\/feuerwehrwoerth.de\/wp-content\/uploads\/Ausbildung\/Lagekarte.jpg 1024w, https:\/\/feuerwehrwoerth.de\/wp-content\/uploads\/Ausbildung\/Lagekarte-300x225.jpg 300w, https:\/\/feuerwehrwoerth.de\/wp-content\/uploads\/Ausbildung\/Lagekarte-768x576.jpg 768w\" sizes=\"auto, (max-width: 1024px) 100vw, 1024px\" \/><\/figure>\n<\/figure>\n\n\n\n<p class=\"has-text-align-justify\">Da es im Einsatzfall wichtig ist, die Lage der \u00d6ffentlichkeit und neu hinzu gekommenen Einsatzkr\u00e4ften vermitteln zu k\u00f6nnen, m\u00fcssen die Teilnehmer unserer Ausbildungen in diesem Bereich in der Lage sein, eine Lagekarte selbst zu erstellen und anschlie\u00dfend einem Dritten zu erl\u00e4utern. Bei gro\u00dfen Schadenslagen &#8211; meist in Kombination mit der Alarmierung des Kreisfeuerwehrinspekteurs (KFI) \u2013 reicht eine klassische Feuerwehreinsatzzentrale oftmals nicht mehr aus. In diesem Fall wird diese durch die sogenannte\u00a0Technische Einsatzleitung (TEL) erg\u00e4nzt.<\/p>\n\n\n\n<p class=\"has-text-align-justify\"><br>Klingt spannend f\u00fcr dich? Wie du siehst, gibt es bei uns viele Aufgaben \u2013 nicht nur an der Front im Einsatz, sondern auch im Hintergrund. Wenn du Lust hast, <a href=\"https:\/\/feuerwehrwoerth.de\/index.php\/mitmachen\/ueber-16-jahren\/\" data-type=\"page\" data-id=\"109\">Teil unseres<\/a> Teams zu werden: <a href=\"https:\/\/feuerwehrwoerth.de\/index.php\/kontakt\/\" data-type=\"page\" data-id=\"73\">Melde dich<\/a> bei uns oder komm einfach bei einer <a href=\"https:\/\/feuerwehrwoerth.de\/index.php\/ueber-uns\/termine\/\" data-type=\"page\" data-id=\"69\">unserer \u00dcbungen<\/a> vorbei!<\/p>\n","protected":false},"excerpt":{"rendered":"<p>Die Feuerwehreinsatzzentrale (FEZ) dient als zentrale Kommunikationseinheit einer Feuerwehr. Die FEZ der Feuerwehren der Stadt W\u00f6rth am Rhein befindet sich bei der St\u00fctzpunktwehr des Stadtgebiets, hier bei uns in W\u00f6rth. Nach einer Alarmierung durch die Leitstelle wird die FEZ besetzt und koordiniert danach den eingegangenen Einsatz. Weiterhin k\u00f6nnen hier w\u00e4hrend eines Einsatzes wichtige Informationen zu [&hellip;]<\/p>\n","protected":false},"author":1,"featured_media":0,"parent":298,"menu_order":0,"comment_status":"closed","ping_status":"closed","template":"","meta":{"advgb_blocks_editor_width":"","advgb_blocks_columns_visual_guide":"","ngg_post_thumbnail":0,"footnotes":""},"class_list":["post-307","page","type-page","status-publish","hentry"],"coauthors":[],"author_meta":{"author_link":"https:\/\/feuerwehrwoerth.de\/index.php\/author\/chris\/","display_name":"Christian"},"relative_dates":{"created":"Posted 5\u00a0Jahren ago","modified":"Updated 8\u00a0Monaten ago"},"absolute_dates":{"created":"Posted on 10. Dezember 2020","modified":"Updated on 24. August 2025"},"absolute_dates_time":{"created":"Posted on 10. Dezember 2020 19:08","modified":"Updated on 24. August 2025 15:32"},"featured_img_caption":"","featured_img":false,"series_order":"","jetpack_sharing_enabled":true,"_links":{"self":[{"href":"https:\/\/feuerwehrwoerth.de\/index.php\/wp-json\/wp\/v2\/pages\/307","targetHints":{"allow":["GET"]}}],"collection":[{"href":"https:\/\/feuerwehrwoerth.de\/index.php\/wp-json\/wp\/v2\/pages"}],"about":[{"href":"https:\/\/feuerwehrwoerth.de\/index.php\/wp-json\/wp\/v2\/types\/page"}],"author":[{"embeddable":true,"href":"https:\/\/feuerwehrwoerth.de\/index.php\/wp-json\/wp\/v2\/users\/1"}],"replies":[{"embeddable":true,"href":"https:\/\/feuerwehrwoerth.de\/index.php\/wp-json\/wp\/v2\/comments?post=307"}],"version-history":[{"count":6,"href":"https:\/\/feuerwehrwoerth.de\/index.php\/wp-json\/wp\/v2\/pages\/307\/revisions"}],"predecessor-version":[{"id":7531,"href":"https:\/\/feuerwehrwoerth.de\/index.php\/wp-json\/wp\/v2\/pages\/307\/revisions\/7531"}],"up":[{"embeddable":true,"href":"https:\/\/feuerwehrwoerth.de\/index.php\/wp-json\/wp\/v2\/pages\/298"}],"wp:attachment":[{"href":"https:\/\/feuerwehrwoerth.de\/index.php\/wp-json\/wp\/v2\/media?parent=307"}],"curies":[{"name":"wp","href":"https:\/\/api.w.org\/{rel}","templated":true}]}}