{"id":309,"date":"2020-12-10T19:08:26","date_gmt":"2020-12-10T18:08:26","guid":{"rendered":"https:\/\/feuerwehrwoerth.de\/wordpress\/?page_id=309"},"modified":"2021-12-14T16:54:53","modified_gmt":"2021-12-14T15:54:53","slug":"fahrzeughalle","status":"publish","type":"page","link":"https:\/\/feuerwehrwoerth.de\/index.php\/ueber-uns\/feuerwehrgeraetehaus\/fahrzeughalle\/","title":{"rendered":"Fahrzeughalle"},"content":{"rendered":"\n<p>Unsere Fahrzeughalle verf\u00fcgt \u00fcber neun Ausfahrten zur Ahornstra\u00dfe und zur Geb\u00e4uder\u00fcckseite. Jeder Fahrzeugstellplatz ist au\u00dferdem mit Druckluft und Stromversorgung f\u00fcr die Fahrzeuge ausgestattet, um die st\u00e4ndige Einsatzbereitschaft sicherzustellen. Dadurch k\u00f6nnen vor allem bei den Gro\u00dffahrzeugen die Feststellbremsen ohne Zeitverz\u00f6gerung gel\u00f6st werden. Weiterhin verf\u00fcgt jeder Stellplatz \u00fcber eine Abgasabsauganlage, damit beim starten der Motoren keine Abgase in die Halle str\u00f6men. <\/p>\n\n\n\n<p>Am Ende der Fahrzeughalle befindet sich zudem noch eine Waschbox in der die Fahrzeuge gewaschen werden k\u00f6nnen.<\/p>\n\n\n\n<div class=\"wp-block-nk-awb nk-awb\"><div class=\"nk-awb-wrap\" data-awb-type=\"video\" data-awb-video=\"mp4:https:\/\/feuerwehrwoerth.de\/wp-content\/uploads\/2021\/12\/fahrzeuge-blaulicht-ahornstr-small.mp4,webm:https:\/\/feuerwehrwoerth.de\/wp-content\/uploads\/2021\/12\/fahrzeuge-blaulicht-ahornstr-small.webm\" data-awb-video-always-play=\"true\" data-awb-video-mobile=\"true\" data-awb-image-background-size=\"cover\" data-awb-image-background-position=\"50% 50%\" data-awb-mouse-parallax=\"true\" data-awb-mouse-parallax-size=\"30\" data-awb-mouse-parallax-speed=\"10000\"><div class=\"nk-awb-inner\"><img loading=\"lazy\" decoding=\"async\" src=\"https:\/\/feuerwehrwoerth.de\/wp-content\/uploads\/2021\/12\/einfahrt-gera\u0308tehaus-ahornstr-scaled.jpg\" class=\"wp-image-2477 jarallax-img is-layout-constrained wp-block-nk-awb-is-layout-constrained\" width=\"2560\" height=\"1919\" srcset=\"https:\/\/feuerwehrwoerth.de\/wp-content\/uploads\/2021\/12\/einfahrt-gera\u0308tehaus-ahornstr-scaled.jpg 2560w, https:\/\/feuerwehrwoerth.de\/wp-content\/uploads\/2021\/12\/einfahrt-gera\u0308tehaus-ahornstr-300x225.jpg 300w, https:\/\/feuerwehrwoerth.de\/wp-content\/uploads\/2021\/12\/einfahrt-gera\u0308tehaus-ahornstr-1024x767.jpg 1024w, https:\/\/feuerwehrwoerth.de\/wp-content\/uploads\/2021\/12\/einfahrt-gera\u0308tehaus-ahornstr-768x576.jpg 768w, https:\/\/feuerwehrwoerth.de\/wp-content\/uploads\/2021\/12\/einfahrt-gera\u0308tehaus-ahornstr-1536x1151.jpg 1536w, https:\/\/feuerwehrwoerth.de\/wp-content\/uploads\/2021\/12\/einfahrt-gera\u0308tehaus-ahornstr-2048x1535.jpg 2048w\" sizes=\"auto, (max-width: 2560px) 100vw, 2560px\" \/><\/div><\/div>\n<div style=\"height:395px\" aria-hidden=\"true\" class=\"wp-block-spacer\"><\/div>\n<\/div>\n","protected":false},"excerpt":{"rendered":"<p>Unsere Fahrzeughalle verf\u00fcgt \u00fcber neun Ausfahrten zur Ahornstra\u00dfe und zur Geb\u00e4uder\u00fcckseite. Jeder Fahrzeugstellplatz ist au\u00dferdem mit Druckluft und Stromversorgung f\u00fcr die Fahrzeuge ausgestattet, um die st\u00e4ndige Einsatzbereitschaft sicherzustellen. Dadurch k\u00f6nnen vor allem bei den Gro\u00dffahrzeugen die Feststellbremsen ohne Zeitverz\u00f6gerung gel\u00f6st werden. Weiterhin verf\u00fcgt jeder Stellplatz \u00fcber eine Abgasabsauganlage, damit beim starten der Motoren keine Abgase [&hellip;]<\/p>\n","protected":false},"author":1,"featured_media":2109,"parent":298,"menu_order":0,"comment_status":"closed","ping_status":"closed","template":"","meta":{"advgb_blocks_editor_width":"","advgb_blocks_columns_visual_guide":"","ngg_post_thumbnail":0,"footnotes":""},"class_list":["post-309","page","type-page","status-publish","has-post-thumbnail","hentry"],"coauthors":[],"author_meta":{"author_link":"https:\/\/feuerwehrwoerth.de\/index.php\/author\/chris\/","display_name":"Christian"},"relative_dates":{"created":"Posted 5\u00a0Jahren ago","modified":"Updated 4\u00a0Jahren ago"},"absolute_dates":{"created":"Posted on 10. Dezember 2020","modified":"Updated on 14. Dezember 2021"},"absolute_dates_time":{"created":"Posted on 10. Dezember 2020 19:08","modified":"Updated on 14. Dezember 2021 16:54"},"featured_img_caption":"","featured_img":"https:\/\/feuerwehrwoerth.de\/wp-content\/uploads\/2021\/10\/fahrzeughalle-nacht-artikelbild.jpg","series_order":"","jetpack_sharing_enabled":true,"_links":{"self":[{"href":"https:\/\/feuerwehrwoerth.de\/index.php\/wp-json\/wp\/v2\/pages\/309","targetHints":{"allow":["GET"]}}],"collection":[{"href":"https:\/\/feuerwehrwoerth.de\/index.php\/wp-json\/wp\/v2\/pages"}],"about":[{"href":"https:\/\/feuerwehrwoerth.de\/index.php\/wp-json\/wp\/v2\/types\/page"}],"author":[{"embeddable":true,"href":"https:\/\/feuerwehrwoerth.de\/index.php\/wp-json\/wp\/v2\/users\/1"}],"replies":[{"embeddable":true,"href":"https:\/\/feuerwehrwoerth.de\/index.php\/wp-json\/wp\/v2\/comments?post=309"}],"version-history":[{"count":13,"href":"https:\/\/feuerwehrwoerth.de\/index.php\/wp-json\/wp\/v2\/pages\/309\/revisions"}],"predecessor-version":[{"id":2551,"href":"https:\/\/feuerwehrwoerth.de\/index.php\/wp-json\/wp\/v2\/pages\/309\/revisions\/2551"}],"up":[{"embeddable":true,"href":"https:\/\/feuerwehrwoerth.de\/index.php\/wp-json\/wp\/v2\/pages\/298"}],"wp:featuredmedia":[{"embeddable":true,"href":"https:\/\/feuerwehrwoerth.de\/index.php\/wp-json\/wp\/v2\/media\/2109"}],"wp:attachment":[{"href":"https:\/\/feuerwehrwoerth.de\/index.php\/wp-json\/wp\/v2\/media?parent=309"}],"curies":[{"name":"wp","href":"https:\/\/api.w.org\/{rel}","templated":true}]}}