{"id":34,"date":"2020-01-26T22:52:42","date_gmt":"2020-01-26T21:52:42","guid":{"rendered":"https:\/\/feuerwehrwoerth.de\/?page_id=34"},"modified":"2023-02-28T11:42:25","modified_gmt":"2023-02-28T10:42:25","slug":"ueber-uns","status":"publish","type":"page","link":"https:\/\/feuerwehrwoerth.de\/index.php\/ueber-uns\/","title":{"rendered":"\u00dcber uns"},"content":{"rendered":"\n<hr class=\"wp-block-separator has-css-opacity is-style-default advgb-dyn-ec7714ac\"\/>\n\n\n\n<p class=\"has-text-align-justify\">Die Stadt W\u00f6rth am Rhein liegt in Rheinland-Pfalz und hat eine \u00fcber 700-j\u00e4hrige Geschichte. Momentan hat die im Bienwald liegende Stadt 18.274 Einwohner (Stand 2021) auf vier Ortsteile verteilt, der Ortsteil W\u00f6rth ist mit \u00fcber 9.000 Einwohnern der gr\u00f6\u00dfte und beherbergt viele gro\u00dfe Industriebetriebe. Darunter sind beispielsweise das weltweit gr\u00f6\u00dfte LKW-Montagewerk, eine der modernsten Papierfabriken, ein Betrieb mit der gr\u00f6\u00dften Getr\u00e4nkeabf\u00fcllanlage Europas und ein Rheinhafen mit Containerumschlag sowie ein G\u00fcterverkehrszentrum. Als Verkehrsknotenpunkte findet man eine Bundesautobahn, zwei gro\u00dfe Bundesstra\u00dfen, ein Bahnknotenpunkt und die Stadtbahn. Die Verbindung nach Baden-W\u00fcrttemberg stellen zwei Rheinbr\u00fccken, je eine f\u00fcr Stra\u00dfe und Schiene, sicher.<\/p>\n\n\n\n<div style=\"height:10px\" aria-hidden=\"true\" class=\"wp-block-spacer\"><\/div>\n\n\n\n<h3 class=\"wp-block-heading\">Doch nun zur Feuerwehr<\/h3>\n\n\n\n<div class=\"wp-block-media-text alignwide is-stacked-on-mobile is-vertically-aligned-top\"><figure class=\"wp-block-media-text__media\"><img loading=\"lazy\" decoding=\"async\" width=\"1024\" height=\"768\" src=\"https:\/\/feuerwehrwoerth.de\/wp-content\/uploads\/2020\/12\/20171117_134206-1024x768.jpg\" alt=\"\" class=\"wp-image-359 size-full\" srcset=\"https:\/\/feuerwehrwoerth.de\/wp-content\/uploads\/2020\/12\/20171117_134206-1024x768.jpg 1024w, https:\/\/feuerwehrwoerth.de\/wp-content\/uploads\/2020\/12\/20171117_134206-300x225.jpg 300w, https:\/\/feuerwehrwoerth.de\/wp-content\/uploads\/2020\/12\/20171117_134206-768x576.jpg 768w, https:\/\/feuerwehrwoerth.de\/wp-content\/uploads\/2020\/12\/20171117_134206-1536x1152.jpg 1536w, https:\/\/feuerwehrwoerth.de\/wp-content\/uploads\/2020\/12\/20171117_134206-2048x1536.jpg 2048w\" sizes=\"auto, (max-width: 1024px) 100vw, 1024px\" \/><\/figure><div class=\"wp-block-media-text__content\">\n<p>Die Stadt W\u00f6rth am Rhein besitzt eine Freiwillige Feuerwehr, die in die vier Ortsfeuerwehren der Stadtteile W\u00f6rth, Maximiliansau, Schaidt und B\u00fcchelberg aufgeteilt ist. Wie zur Zeit ihrer Neugr\u00fcndung im Jahr 1956 ist die W\u00f6rther Wehr auch heute noch eine Freiwillige Feuerwehr, ihre Mitglieder sind ehrenamtlich t\u00e4tig. <\/p>\n<\/div><\/div>\n\n\n\n<p>Dar\u00fcber hinaus ist ein hauptamtlicher Ger\u00e4tewart besch\u00e4ftigt, der gleichzeitig aktives Mitglied der Einsatzabteilung ist. Die Feuerwehr W\u00f6rth ist in Facheinheiten des Kreises, Gefahrstoffzug und Technische Einsatzleitung, sowie des Landes, im Hochwasserschutz, t\u00e4tig. In W\u00f6rth ist auch die Ausweichstelle des Katastrophenschutzstabes des Kreises Germersheim untergebracht. Seit 2013 existiert zudem eine Absturzsicherungsgruppe, die aus Mitgliedern mehrerer Ortswehren des Stadtgebiets besteht. Sie kann im Einsatzsatzfall die ersten Ma\u00dfnahmen einer Rettung aus H\u00f6hen und Tiefen \u00fcbernehmen, bis eine spezielle H\u00f6henrettungsgruppe vor Ort ist. In W\u00f6rth, der St\u00fctzpunktwehr unserer s\u00fcdpf\u00e4lzischen Stadt, befindet sich au\u00dferdem unsere Feuerwehreinsatzzentrale (FEZ). Von hier aus werden nach der Erstalarmierung durch die Leitstelle in Landau weitere Ma\u00dfnahmen eingeleitet und der Einsatz bis zu seinem Ende koordiniert und dokumentiert. Gro\u00df geschrieben wird bei uns traditionell eine intensive und fl\u00e4chendeckende Ausbildung. In den unz\u00e4hligen \u00dcbungs- und Ausbildungsstunden eines Jahres werden neben den allt\u00e4glichen Feuerwehrt\u00e4tigkeiten wie Brandbek\u00e4mpfung und Technische Hilfe weiterhin Spezialt\u00e4tigkeiten gelehrt. Dazu geh\u00f6ren u.a. das Tragen von Chemikalienschutzanz\u00fcgen, das richtige Vorgehen bei Unf\u00e4llen mit Stra\u00dfenbahnen und die bereits erw\u00e4hnte Absturzsicherung.<\/p>\n\n\n\n<div style=\"height:10px\" aria-hidden=\"true\" class=\"wp-block-spacer\"><\/div>\n\n\n\n<div style=\"height: 400px; width: 100%;\"><iframe loading=\"lazy\" style=\"height: 400px; width: 100%;\" src=\"https:\/\/maps.google.de\/maps?hl=de&amp;q=Freiwillige+Feuerwehr+W\u00f6rth+am+Rhein%20%20Ahornstra\u00dfe+6%20W\u00f6rth+am+Rhein&amp;t=h&amp;z=16&amp;ie=utf8&amp;iwloc=b&amp;output=embed\" width=\"\" height=\"400&quot;\" frameborder=\"0\" marginwidth=\"0\" marginheight=\"0\" scrolling=\"no\"><\/iframe>\n<p style=\"text-align: right; margin: 0px; padding-top: -10px; line-height: 10px; font-size: 10px; margin-top: -25px;\">&nbsp;<\/p>\n<\/div>\n","protected":false},"excerpt":{"rendered":"<p>Die Stadt W\u00f6rth am Rhein liegt in Rheinland-Pfalz und hat eine \u00fcber 700-j\u00e4hrige Geschichte. Momentan hat die im Bienwald liegende Stadt 18.274 Einwohner (Stand 2021) auf vier Ortsteile verteilt, der Ortsteil W\u00f6rth ist mit \u00fcber 9.000 Einwohnern der gr\u00f6\u00dfte und beherbergt viele gro\u00dfe Industriebetriebe. Darunter sind beispielsweise das weltweit gr\u00f6\u00dfte LKW-Montagewerk, eine der modernsten Papierfabriken, [&hellip;]<\/p>\n","protected":false},"author":2,"featured_media":0,"parent":0,"menu_order":0,"comment_status":"closed","ping_status":"closed","template":"","meta":{"advgb_blocks_editor_width":"","advgb_blocks_columns_visual_guide":"","ngg_post_thumbnail":0,"footnotes":""},"class_list":["post-34","page","type-page","status-publish","hentry"],"coauthors":[],"author_meta":{"author_link":"https:\/\/feuerwehrwoerth.de\/index.php\/author\/tobias\/","display_name":"Tobias"},"relative_dates":{"created":"Posted 6\u00a0Jahren ago","modified":"Updated 3\u00a0Jahren ago"},"absolute_dates":{"created":"Posted on 26. Januar 2020","modified":"Updated on 28. Februar 2023"},"absolute_dates_time":{"created":"Posted on 26. Januar 2020 22:52","modified":"Updated on 28. Februar 2023 11:42"},"featured_img_caption":"","featured_img":false,"series_order":"","jetpack_sharing_enabled":true,"_links":{"self":[{"href":"https:\/\/feuerwehrwoerth.de\/index.php\/wp-json\/wp\/v2\/pages\/34","targetHints":{"allow":["GET"]}}],"collection":[{"href":"https:\/\/feuerwehrwoerth.de\/index.php\/wp-json\/wp\/v2\/pages"}],"about":[{"href":"https:\/\/feuerwehrwoerth.de\/index.php\/wp-json\/wp\/v2\/types\/page"}],"author":[{"embeddable":true,"href":"https:\/\/feuerwehrwoerth.de\/index.php\/wp-json\/wp\/v2\/users\/2"}],"replies":[{"embeddable":true,"href":"https:\/\/feuerwehrwoerth.de\/index.php\/wp-json\/wp\/v2\/comments?post=34"}],"version-history":[{"count":54,"href":"https:\/\/feuerwehrwoerth.de\/index.php\/wp-json\/wp\/v2\/pages\/34\/revisions"}],"predecessor-version":[{"id":4826,"href":"https:\/\/feuerwehrwoerth.de\/index.php\/wp-json\/wp\/v2\/pages\/34\/revisions\/4826"}],"wp:attachment":[{"href":"https:\/\/feuerwehrwoerth.de\/index.php\/wp-json\/wp\/v2\/media?parent=34"}],"curies":[{"name":"wp","href":"https:\/\/api.w.org\/{rel}","templated":true}]}}