{"id":4076,"date":"2025-08-24T15:39:05","date_gmt":"2025-08-24T13:39:05","guid":{"rendered":"https:\/\/feuerwehrwoerth.de\/?page_id=4076"},"modified":"2025-08-24T15:51:33","modified_gmt":"2025-08-24T13:51:33","slug":"facheinheit-drehleiter","status":"publish","type":"page","link":"https:\/\/feuerwehrwoerth.de\/index.php\/facheinheiten\/facheinheit-drehleiter\/","title":{"rendered":"Facheinheit Drehleiter"},"content":{"rendered":"\n<figure class=\"wp-block-image size-large\"><img loading=\"lazy\" decoding=\"async\" width=\"1024\" height=\"680\" src=\"https:\/\/feuerwehrwoerth.de\/wp-content\/uploads\/2025\/04\/DSC_0069-copy-1024x680.jpg\" alt=\"\" class=\"wp-image-7045\" srcset=\"https:\/\/feuerwehrwoerth.de\/wp-content\/uploads\/2025\/04\/DSC_0069-copy-1024x680.jpg 1024w, https:\/\/feuerwehrwoerth.de\/wp-content\/uploads\/2025\/04\/DSC_0069-copy-300x199.jpg 300w, https:\/\/feuerwehrwoerth.de\/wp-content\/uploads\/2025\/04\/DSC_0069-copy-768x510.jpg 768w, https:\/\/feuerwehrwoerth.de\/wp-content\/uploads\/2025\/04\/DSC_0069-copy-1536x1020.jpg 1536w, https:\/\/feuerwehrwoerth.de\/wp-content\/uploads\/2025\/04\/DSC_0069-copy-2048x1360.jpg 2048w, https:\/\/feuerwehrwoerth.de\/wp-content\/uploads\/2025\/04\/DSC_0069-copy-500x332.jpg 500w, https:\/\/feuerwehrwoerth.de\/wp-content\/uploads\/2025\/04\/DSC_0069-copy-800x531.jpg 800w, https:\/\/feuerwehrwoerth.de\/wp-content\/uploads\/2025\/04\/DSC_0069-copy-1280x850.jpg 1280w, https:\/\/feuerwehrwoerth.de\/wp-content\/uploads\/2025\/04\/DSC_0069-copy-1920x1275.jpg 1920w\" sizes=\"auto, (max-width: 1024px) 100vw, 1024px\" \/><\/figure>\n\n\n\n<p>Unsere Drehleiter ist ein unverzichtbares Einsatzmittel, wenn es hoch hinausgeht. Sie wird vor allem zur Menschenrettung aus oberen Stockwerken, zur Brandbek\u00e4mpfung von au\u00dfen sowie f\u00fcr technische Hilfeleistungen wie Beleuchtung oder das Arbeiten in gro\u00dfer H\u00f6he ben\u00f6tigt.<\/p>\n\n\n\n<figure class=\"wp-block-image size-large\"><img loading=\"lazy\" decoding=\"async\" width=\"1024\" height=\"682\" src=\"https:\/\/feuerwehrwoerth.de\/wp-content\/uploads\/2021\/10\/turntable-ladder-1645264-1024x682.jpg\" alt=\"\" class=\"wp-image-2005\" srcset=\"https:\/\/feuerwehrwoerth.de\/wp-content\/uploads\/2021\/10\/turntable-ladder-1645264-1024x682.jpg 1024w, https:\/\/feuerwehrwoerth.de\/wp-content\/uploads\/2021\/10\/turntable-ladder-1645264-300x200.jpg 300w, https:\/\/feuerwehrwoerth.de\/wp-content\/uploads\/2021\/10\/turntable-ladder-1645264-768x511.jpg 768w, https:\/\/feuerwehrwoerth.de\/wp-content\/uploads\/2021\/10\/turntable-ladder-1645264-1536x1022.jpg 1536w, https:\/\/feuerwehrwoerth.de\/wp-content\/uploads\/2021\/10\/turntable-ladder-1645264-2048x1363.jpg 2048w\" sizes=\"auto, (max-width: 1024px) 100vw, 1024px\" \/><\/figure>\n\n\n\n<h2 class=\"wp-block-heading\">Ausbildung<\/h2>\n\n\n\n<p>Um die Sicherheit bei solchen Eins\u00e4tzen zu gew\u00e4hrleisten, werden unsere Drehleitermaschinisten nach den Standards der AGBF (Arbeitsgemeinschaft der Leiter der Berufsfeuerwehren) ausgebildet und gepr\u00fcft. Neben der Feuerwehrgrundausbildung, der Truppf\u00fchrerausbildung und der Qualifikation als Sprechfunker ben\u00f6tigen sie auch die Maschinistenausbildung sowie den F\u00fchrerschein der Klasse C.<\/p>\n\n\n\n<figure class=\"wp-block-image size-full\"><img loading=\"lazy\" decoding=\"async\" width=\"530\" height=\"800\" src=\"https:\/\/feuerwehrwoerth.de\/wp-content\/uploads\/Ausbildung\/k-1800912_696372517074802_839563201_n.jpg\" alt=\"\" class=\"wp-image-695\" srcset=\"https:\/\/feuerwehrwoerth.de\/wp-content\/uploads\/Ausbildung\/k-1800912_696372517074802_839563201_n.jpg 530w, https:\/\/feuerwehrwoerth.de\/wp-content\/uploads\/Ausbildung\/k-1800912_696372517074802_839563201_n-199x300.jpg 199w\" sizes=\"auto, (max-width: 530px) 100vw, 530px\" \/><\/figure>\n","protected":false},"excerpt":{"rendered":"<p>Unsere Drehleiter ist ein unverzichtbares Einsatzmittel, wenn es hoch hinausgeht. Sie wird vor allem zur Menschenrettung aus oberen Stockwerken, zur Brandbek\u00e4mpfung von au\u00dfen sowie f\u00fcr technische Hilfeleistungen wie Beleuchtung oder das Arbeiten in gro\u00dfer H\u00f6he ben\u00f6tigt. Ausbildung Um die Sicherheit bei solchen Eins\u00e4tzen zu gew\u00e4hrleisten, werden unsere Drehleitermaschinisten nach den Standards der AGBF (Arbeitsgemeinschaft der [&hellip;]<\/p>\n","protected":false},"author":1,"featured_media":0,"parent":2567,"menu_order":0,"comment_status":"closed","ping_status":"closed","template":"","meta":{"advgb_blocks_editor_width":"","advgb_blocks_columns_visual_guide":"","ngg_post_thumbnail":0,"footnotes":""},"class_list":["post-4076","page","type-page","status-publish","hentry"],"coauthors":[],"author_meta":{"author_link":"https:\/\/feuerwehrwoerth.de\/index.php\/author\/chris\/","display_name":"Christian"},"relative_dates":{"created":"Posted 8\u00a0Monaten ago","modified":"Updated 8\u00a0Monaten ago"},"absolute_dates":{"created":"Posted on 24. August 2025","modified":"Updated on 24. August 2025"},"absolute_dates_time":{"created":"Posted on 24. August 2025 15:39","modified":"Updated on 24. August 2025 15:51"},"featured_img_caption":"","featured_img":false,"series_order":"","jetpack_sharing_enabled":true,"_links":{"self":[{"href":"https:\/\/feuerwehrwoerth.de\/index.php\/wp-json\/wp\/v2\/pages\/4076","targetHints":{"allow":["GET"]}}],"collection":[{"href":"https:\/\/feuerwehrwoerth.de\/index.php\/wp-json\/wp\/v2\/pages"}],"about":[{"href":"https:\/\/feuerwehrwoerth.de\/index.php\/wp-json\/wp\/v2\/types\/page"}],"author":[{"embeddable":true,"href":"https:\/\/feuerwehrwoerth.de\/index.php\/wp-json\/wp\/v2\/users\/1"}],"replies":[{"embeddable":true,"href":"https:\/\/feuerwehrwoerth.de\/index.php\/wp-json\/wp\/v2\/comments?post=4076"}],"version-history":[{"count":3,"href":"https:\/\/feuerwehrwoerth.de\/index.php\/wp-json\/wp\/v2\/pages\/4076\/revisions"}],"predecessor-version":[{"id":7549,"href":"https:\/\/feuerwehrwoerth.de\/index.php\/wp-json\/wp\/v2\/pages\/4076\/revisions\/7549"}],"up":[{"embeddable":true,"href":"https:\/\/feuerwehrwoerth.de\/index.php\/wp-json\/wp\/v2\/pages\/2567"}],"wp:attachment":[{"href":"https:\/\/feuerwehrwoerth.de\/index.php\/wp-json\/wp\/v2\/media?parent=4076"}],"curies":[{"name":"wp","href":"https:\/\/api.w.org\/{rel}","templated":true}]}}