{"id":4549,"date":"2023-02-14T19:43:54","date_gmt":"2023-02-14T18:43:54","guid":{"rendered":"https:\/\/feuerwehrwoerth.de\/?page_id=4549"},"modified":"2023-02-14T19:43:56","modified_gmt":"2023-02-14T18:43:56","slug":"korrektes-parken-hilft-der-feuerwehr","status":"publish","type":"page","link":"https:\/\/feuerwehrwoerth.de\/index.php\/buergerinformationen\/korrektes-parken-hilft-der-feuerwehr\/","title":{"rendered":"Korrektes Parken hilft der Feuerwehr"},"content":{"rendered":"\n<p>Wer kennt es nicht? Man kommt zu Hause an und m\u00f6chte nur noch sein Auto parken, doch weil andere ihr Kraftfahrzeug falsch geparkt haben, m\u00fcsst ihr euch durch enge L\u00fccken quetschen und seid eine gef\u00fchlte Ewigkeit auf der Suche nach einem freien Stellplatz f\u00fcr euer Auto.<\/p>\n\n\n\n<p>Was f\u00fcr euch nur \u00e4rgerlich ist, verhindert aber im Notfall, dass Feuerwehr- und Rettungsfahrzeuge z\u00fcgig zum Einsatzort gelangen k\u00f6nnen. Wenn wir im Einsatz sind, z\u00e4hlt oft jede Sekunde. Durch falsch parkende Autos gehen oft wertvolle Minuten verloren, weil Einsatzfahrzeuge durch Falschparker behindert werden.<\/p>\n\n\n\n<p>Unsere Fahrzeuge sind h\u00f6her \u2013 aber vor allem breiter und l\u00e4nger als PKW. Deshalb sind wir auf korrekt abgestellte PKW angewiesen, damit wir um enge Kurven kommen oder bei versetzt parkenden Autos genug Platz zum durchfahren haben.<\/p>\n\n\n\n<p>Daher sind wir auf eure Mithilfe beim korrekten Parken angewiesen. Anbei einige Fallbeispiele in bildlicher  Form. (Klicken zum vergr\u00f6\u00dfern)<\/p>\n\n\n\nngg_shortcode_0_placeholder\n","protected":false},"excerpt":{"rendered":"<p>Wer kennt es nicht? Man kommt zu Hause an und m\u00f6chte nur noch sein Auto parken, doch weil andere ihr Kraftfahrzeug falsch geparkt haben, m\u00fcsst ihr euch durch enge L\u00fccken quetschen und seid eine gef\u00fchlte Ewigkeit auf der Suche nach einem freien Stellplatz f\u00fcr euer Auto. Was f\u00fcr euch nur \u00e4rgerlich ist, verhindert aber im [&hellip;]<\/p>\n","protected":false},"author":1,"featured_media":4188,"parent":1903,"menu_order":0,"comment_status":"closed","ping_status":"closed","template":"","meta":{"advgb_blocks_editor_width":"","advgb_blocks_columns_visual_guide":"","ngg_post_thumbnail":0,"footnotes":""},"class_list":["post-4549","page","type-page","status-publish","has-post-thumbnail","hentry"],"coauthors":[],"author_meta":{"author_link":"https:\/\/feuerwehrwoerth.de\/index.php\/author\/chris\/","display_name":"Christian"},"relative_dates":{"created":"Posted 3\u00a0Jahren ago","modified":"Updated 3\u00a0Jahren ago"},"absolute_dates":{"created":"Posted on 14. Februar 2023","modified":"Updated on 14. Februar 2023"},"absolute_dates_time":{"created":"Posted on 14. Februar 2023 19:43","modified":"Updated on 14. Februar 2023 19:43"},"featured_img_caption":"","featured_img":"https:\/\/feuerwehrwoerth.de\/wp-content\/uploads\/2022\/10\/20160816_184358_klein.jpg","series_order":"","jetpack_sharing_enabled":true,"_links":{"self":[{"href":"https:\/\/feuerwehrwoerth.de\/index.php\/wp-json\/wp\/v2\/pages\/4549","targetHints":{"allow":["GET"]}}],"collection":[{"href":"https:\/\/feuerwehrwoerth.de\/index.php\/wp-json\/wp\/v2\/pages"}],"about":[{"href":"https:\/\/feuerwehrwoerth.de\/index.php\/wp-json\/wp\/v2\/types\/page"}],"author":[{"embeddable":true,"href":"https:\/\/feuerwehrwoerth.de\/index.php\/wp-json\/wp\/v2\/users\/1"}],"replies":[{"embeddable":true,"href":"https:\/\/feuerwehrwoerth.de\/index.php\/wp-json\/wp\/v2\/comments?post=4549"}],"version-history":[{"count":1,"href":"https:\/\/feuerwehrwoerth.de\/index.php\/wp-json\/wp\/v2\/pages\/4549\/revisions"}],"predecessor-version":[{"id":4550,"href":"https:\/\/feuerwehrwoerth.de\/index.php\/wp-json\/wp\/v2\/pages\/4549\/revisions\/4550"}],"up":[{"embeddable":true,"href":"https:\/\/feuerwehrwoerth.de\/index.php\/wp-json\/wp\/v2\/pages\/1903"}],"wp:featuredmedia":[{"embeddable":true,"href":"https:\/\/feuerwehrwoerth.de\/index.php\/wp-json\/wp\/v2\/media\/4188"}],"wp:attachment":[{"href":"https:\/\/feuerwehrwoerth.de\/index.php\/wp-json\/wp\/v2\/media?parent=4549"}],"curies":[{"name":"wp","href":"https:\/\/api.w.org\/{rel}","templated":true}]}}