{"id":4709,"date":"2023-02-27T17:19:23","date_gmt":"2023-02-27T16:19:23","guid":{"rendered":"https:\/\/feuerwehrwoerth.de\/?page_id=4709"},"modified":"2023-02-27T18:30:59","modified_gmt":"2023-02-27T17:30:59","slug":"dlk-23-12-a-d","status":"publish","type":"page","link":"https:\/\/feuerwehrwoerth.de\/index.php\/ueber-uns\/fahrzeuge-a-d\/dlk-23-12-a-d\/","title":{"rendered":"DLK 23\/12 (1988) a.D."},"content":{"rendered":"\n<figure class=\"wp-block-image size-full\"><img loading=\"lazy\" decoding=\"async\" width=\"750\" height=\"410\" src=\"https:\/\/feuerwehrwoerth.de\/wp-content\/uploads\/2023\/02\/DLK-23-12_1988-_webseite.jpg\" alt=\"\" class=\"wp-image-4714\" srcset=\"https:\/\/feuerwehrwoerth.de\/wp-content\/uploads\/2023\/02\/DLK-23-12_1988-_webseite.jpg 750w, https:\/\/feuerwehrwoerth.de\/wp-content\/uploads\/2023\/02\/DLK-23-12_1988-_webseite-300x164.jpg 300w, https:\/\/feuerwehrwoerth.de\/wp-content\/uploads\/2023\/02\/DLK-23-12_1988-_webseite-500x273.jpg 500w\" sizes=\"auto, (max-width: 750px) 100vw, 750px\" \/><\/figure>\n\n\n\n<h2 class=\"wp-block-heading\">Fahrzeug-Steckbrief<\/h2>\n\n\n\n<figure class=\"wp-block-table is-style-stripes\"><table  class=\" table table-hover\" ><tbody><tr><td>Fahrzeugtyp<\/td><td>Drehleiter mit Korb 23\/12 (DLK 23\/12)<\/td><\/tr><tr><td>Fahrzeughersteller<\/td><td>Mercedes-Benz<\/td><\/tr><tr><td>Modell<\/td><td>Atego 1425 F<\/td><\/tr><tr><td>Leistung<\/td><td>180 kW<\/td><\/tr><tr><td>Hubraum<\/td><td>14.618 ccm<\/td><\/tr><tr><td>Gewicht (z.G.G)<\/td><td>14.000 kg<\/td><\/tr><tr><td>Aufbau<\/td><td>Metz<\/td><\/tr><tr><td>Baujahr<\/td><td>1988<\/td><\/tr><tr><td>Dienstzeit<\/td><td>1988 &#8211; 2012 (24 Jahre)<\/td><\/tr><tr><td>Funkrufname<\/td><td>Florian W\u00f6rth 1\/34\/1<\/td><\/tr><tr><td>Besatzung<\/td><td>Trupp (0\/1\/2\/<span style=\"text-decoration: underline;\">3<\/span>)<\/td><\/tr><tr><td>Einsatzgebiet<\/td><td>Brandbek\u00e4mpfung, Technische Hilfeleistung<\/td><\/tr><tr><td>Leiterl\u00e4nge<\/td><td>L\u00e4nge 23 m bei 12m Ausladung<\/td><\/tr><\/tbody><\/table><\/figure>\n","protected":false},"excerpt":{"rendered":"<p>Fahrzeug-Steckbrief Fahrzeugtyp Drehleiter mit Korb 23\/12 (DLK 23\/12) Fahrzeughersteller Mercedes-Benz Modell Atego 1425 F Leistung 180 kW Hubraum 14.618 ccm Gewicht (z.G.G) 14.000 kg Aufbau Metz Baujahr 1988 Dienstzeit 1988 &#8211; 2012 (24 Jahre) Funkrufname Florian W\u00f6rth 1\/34\/1 Besatzung Trupp (0\/1\/2\/3) Einsatzgebiet Brandbek\u00e4mpfung, Technische Hilfeleistung Leiterl\u00e4nge L\u00e4nge 23 m bei 12m Ausladung<\/p>\n","protected":false},"author":1,"featured_media":0,"parent":4684,"menu_order":0,"comment_status":"closed","ping_status":"closed","template":"","meta":{"advgb_blocks_editor_width":"","advgb_blocks_columns_visual_guide":"","ngg_post_thumbnail":0,"footnotes":""},"class_list":["post-4709","page","type-page","status-publish","hentry"],"coauthors":[],"author_meta":{"author_link":"https:\/\/feuerwehrwoerth.de\/index.php\/author\/chris\/","display_name":"Christian"},"relative_dates":{"created":"Posted 3\u00a0Jahren ago","modified":"Updated 3\u00a0Jahren ago"},"absolute_dates":{"created":"Posted on 27. Februar 2023","modified":"Updated on 27. Februar 2023"},"absolute_dates_time":{"created":"Posted on 27. Februar 2023 17:19","modified":"Updated on 27. Februar 2023 18:30"},"featured_img_caption":"","featured_img":false,"series_order":"","jetpack_sharing_enabled":true,"_links":{"self":[{"href":"https:\/\/feuerwehrwoerth.de\/index.php\/wp-json\/wp\/v2\/pages\/4709","targetHints":{"allow":["GET"]}}],"collection":[{"href":"https:\/\/feuerwehrwoerth.de\/index.php\/wp-json\/wp\/v2\/pages"}],"about":[{"href":"https:\/\/feuerwehrwoerth.de\/index.php\/wp-json\/wp\/v2\/types\/page"}],"author":[{"embeddable":true,"href":"https:\/\/feuerwehrwoerth.de\/index.php\/wp-json\/wp\/v2\/users\/1"}],"replies":[{"embeddable":true,"href":"https:\/\/feuerwehrwoerth.de\/index.php\/wp-json\/wp\/v2\/comments?post=4709"}],"version-history":[{"count":4,"href":"https:\/\/feuerwehrwoerth.de\/index.php\/wp-json\/wp\/v2\/pages\/4709\/revisions"}],"predecessor-version":[{"id":4772,"href":"https:\/\/feuerwehrwoerth.de\/index.php\/wp-json\/wp\/v2\/pages\/4709\/revisions\/4772"}],"up":[{"embeddable":true,"href":"https:\/\/feuerwehrwoerth.de\/index.php\/wp-json\/wp\/v2\/pages\/4684"}],"wp:attachment":[{"href":"https:\/\/feuerwehrwoerth.de\/index.php\/wp-json\/wp\/v2\/media?parent=4709"}],"curies":[{"name":"wp","href":"https:\/\/api.w.org\/{rel}","templated":true}]}}