{"id":73,"date":"2020-01-26T23:33:48","date_gmt":"2020-01-26T22:33:48","guid":{"rendered":"https:\/\/fwprod.chris90.de\/?page_id=73"},"modified":"2023-10-31T10:42:39","modified_gmt":"2023-10-31T09:42:39","slug":"kontakt","status":"publish","type":"page","link":"https:\/\/feuerwehrwoerth.de\/index.php\/kontakt\/","title":{"rendered":"Kontakt"},"content":{"rendered":"\n<div class=\"wp-block-advgb-infobox advgb-infobox-wrapper has-text-align-center advgb-infobox-dee11acb-8ef9-4465-93d0-030b3ab1c2d2\"><div class=\"advgb-infobox-wrap\"><div class=\"advgb-infobox-icon-container\"><div class=\"advgb-infobox-icon-inner-container\"><i class=\"material-icons-outlined\">add_alert<\/i><\/div><\/div><div class=\"advgb-infobox-textcontent\"><h3 class=\"advgb-infobox-title\"><strong><span class=\"has-inline-color has-primary-color\">Notruf<\/span><\/strong> <span class=\"has-inline-color has-primary-color\">\u2706112<\/span><\/h3><p class=\"advgb-infobox-text\">Wenn Sie sich in einer <strong><span style=\"background-color:rgba(0, 0, 0, 0)\" class=\"has-inline-color has-primary-color\"><span class=\"ek-underline\" style=\"text-decoration: underline;\"><a class=\"ek-link\" href=\"https:\/\/feuerwehrwoerth.de\/index.php\/kontakt\/notruf\/\">Notlage<\/a><\/span><\/span><\/strong> befinden, rufen Sie bitte den <strong><a class=\"ek-link\" href=\"https:\/\/feuerwehrwoerth.de\/index.php\/kontakt\/notruf\/\">Notruf<\/a> <\/strong>unter Tel. <span style=\"background-color:rgba(0, 0, 0, 0)\" class=\"has-inline-color has-primary-color\"><strong><a class=\"ek-link\" href=\"tel:\/\/112\">112<\/a><\/strong> <\/span>an. <br>Rufen Sie in diesem Fall <strong>NICHT<\/strong> am Feuerwehrger\u00e4tehaus an, da wir als Freiwillige Feuerwehr nicht 24\/7 im Ger\u00e4tehaus anwesend sind. Der Notruf ist der schnellste Weg f\u00fcr Hilfe. Die Leitstelle Alarmiert die Feuerwehr direkt \u00fcber Funkmelder, sodass wir schnell bei Ihnen sind.<\/p><\/div><\/div><\/div>\n\n\n\n<p><\/p>\n\n\n\n<h2 class=\"wp-block-heading advgb-dyn-6486819b\">Kontaktformular<\/h2>\n\n\n\n<p>Hinterlassen Sie uns hier gerne eine Nachricht. Wir melden uns schnellstm\u00f6glich.<\/p>\n\n\n\n\n<div class=\"wpcf7 no-js\" id=\"wpcf7-f6-o1\" lang=\"de-DE\" dir=\"ltr\" data-wpcf7-id=\"6\">\n<div class=\"screen-reader-response\"><p role=\"status\" aria-live=\"polite\" aria-atomic=\"true\"><\/p> <ul><\/ul><\/div>\n<form action=\"\/index.php\/wp-json\/wp\/v2\/pages\/73#wpcf7-f6-o1\" method=\"post\" class=\"wpcf7-form init\" aria-label=\"Kontaktformular\" novalidate=\"novalidate\" data-status=\"init\">\n<fieldset class=\"hidden-fields-container\"><input type=\"hidden\" name=\"_wpcf7\" value=\"6\" \/><input type=\"hidden\" name=\"_wpcf7_version\" value=\"6.1.5\" \/><input type=\"hidden\" name=\"_wpcf7_locale\" value=\"de_DE_formal\" \/><input type=\"hidden\" name=\"_wpcf7_unit_tag\" value=\"wpcf7-f6-o1\" \/><input type=\"hidden\" name=\"_wpcf7_container_post\" value=\"0\" \/><input type=\"hidden\" name=\"_wpcf7_posted_data_hash\" value=\"\" \/><input type=\"hidden\" name=\"_wpcf7_recaptcha_response\" value=\"\" \/>\n<\/fieldset>\n<p><label> Einheit <\/label><br \/>\n<span class=\"wpcf7-form-control-wrap\" data-name=\"Einheit\"><select class=\"wpcf7-form-control wpcf7-select wpcf7-validates-as-required\" aria-required=\"true\" aria-invalid=\"false\" name=\"Einheit\"><option value=\"Allgemein\">Allgemein<\/option><option value=\"B\u00fcchelberg\">B\u00fcchelberg<\/option><option value=\"Maximiliansau\">Maximiliansau<\/option><option value=\"Schaidt\">Schaidt<\/option><option value=\"W\u00f6rth\">W\u00f6rth<\/option><\/select><\/span>\n<\/p>\n<p><label> Name <\/label><br \/>\n<span class=\"wpcf7-form-control-wrap\" data-name=\"your-name\"><input size=\"40\" maxlength=\"400\" class=\"wpcf7-form-control wpcf7-text wpcf7-validates-as-required\" aria-required=\"true\" aria-invalid=\"false\" value=\"\" type=\"text\" name=\"your-name\" \/><\/span>\n<\/p>\n<p><label> E-Mail-Adresse <\/label><br \/>\n<span class=\"wpcf7-form-control-wrap\" data-name=\"your-email\"><input size=\"40\" maxlength=\"400\" class=\"wpcf7-form-control wpcf7-email wpcf7-validates-as-required wpcf7-text wpcf7-validates-as-email\" aria-required=\"true\" aria-invalid=\"false\" value=\"\" type=\"email\" name=\"your-email\" \/><\/span>\n<\/p>\n<p><label> Betreff <\/label><br \/>\n<span class=\"wpcf7-form-control-wrap\" data-name=\"your-subject\"><input size=\"40\" maxlength=\"400\" class=\"wpcf7-form-control wpcf7-text wpcf7-validates-as-required\" aria-required=\"true\" aria-invalid=\"false\" value=\"\" type=\"text\" name=\"your-subject\" \/><\/span>\n<\/p>\n<p><label> Nachricht <\/label><br \/>\n<span class=\"wpcf7-form-control-wrap\" data-name=\"your-message\"><textarea cols=\"40\" rows=\"10\" maxlength=\"2000\" class=\"wpcf7-form-control wpcf7-textarea wpcf7-validates-as-required\" aria-required=\"true\" aria-invalid=\"false\" name=\"your-message\"><\/textarea><\/span>\n<\/p>\n<p><a href=\"https:\/\/feuerwehrwoerth.de\/index.php\/datenschutzerklaerung\/\">Datenschutzerkl\u00e4rung<\/a><br \/>\n<span class=\"wpcf7-form-control-wrap\" data-name=\"Datenschutzbestimmungen\"><span class=\"wpcf7-form-control wpcf7-checkbox wpcf7-validates-as-required\"><span class=\"wpcf7-list-item first last\"><label><input type=\"checkbox\" name=\"Datenschutzbestimmungen[]\" value=\"Ich habe die Datenschutzbestimmungen gelesen und akzeptiere diese.\" \/><span class=\"wpcf7-list-item-label\">Ich habe die Datenschutzbestimmungen gelesen und akzeptiere diese.<\/span><\/label><\/span><\/span><\/span>\n<\/p>\n<p><input class=\"wpcf7-form-control wpcf7-submit has-spinner\" type=\"submit\" value=\"Senden\" \/>\n<\/p><div class=\"wpcf7-response-output\" aria-hidden=\"true\"><\/div>\n<\/form>\n<\/div>\n\n<style class=\"advgb-styles-renderer\">#advgb-infobox-dee11acb-8ef9-4465-93d0-030b3ab1c2d2, .advgb-infobox-dee11acb-8ef9-4465-93d0-030b3ab1c2d2 {background-color: #f5f5f5;padding: 20px 20px 20px 20px;border: 0px solid #e8e8e8 ;border-radius: 0px;}#advgb-infobox-dee11acb-8ef9-4465-93d0-030b3ab1c2d2 .advgb-infobox-icon-container, .advgb-infobox-dee11acb-8ef9-4465-93d0-030b3ab1c2d2 .advgb-infobox-icon-container {background-color: #f5f5f5;padding: 0;margin: 0;border: 0px solid #e8e8e8 ;border-radius: 0px;}#advgb-infobox-dee11acb-8ef9-4465-93d0-030b3ab1c2d2 .advgb-infobox-icon-container i, .advgb-infobox-dee11acb-8ef9-4465-93d0-030b3ab1c2d2 .advgb-infobox-icon-container i {color: #333;font-size: 70px;display: block;}#advgb-infobox-dee11acb-8ef9-4465-93d0-030b3ab1c2d2 .advgb-infobox-textcontent .advgb-infobox-title, .advgb-infobox-dee11acb-8ef9-4465-93d0-030b3ab1c2d2 .advgb-infobox-textcontent .advgb-infobox-title {color: #333;padding: 0;margin: 5px 0 10px 0;white-space: pre-wrap;}#advgb-infobox-dee11acb-8ef9-4465-93d0-030b3ab1c2d2 .advgb-infobox-textcontent .advgb-infobox-text, .advgb-infobox-dee11acb-8ef9-4465-93d0-030b3ab1c2d2 .advgb-infobox-textcontent .advgb-infobox-text {color: #333;padding: 0;margin: 0;white-space: pre-wrap;}<\/style>","protected":false},"excerpt":{"rendered":"<p>Kontaktformular Hinterlassen Sie uns hier gerne eine Nachricht. Wir melden uns schnellstm\u00f6glich.<\/p>\n","protected":false},"author":2,"featured_media":0,"parent":0,"menu_order":0,"comment_status":"closed","ping_status":"closed","template":"","meta":{"advgb_blocks_editor_width":"","advgb_blocks_columns_visual_guide":"","ngg_post_thumbnail":0,"footnotes":""},"class_list":["post-73","page","type-page","status-publish","hentry"],"coauthors":[],"author_meta":{"author_link":"https:\/\/feuerwehrwoerth.de\/index.php\/author\/tobias\/","display_name":"Tobias"},"relative_dates":{"created":"Posted 6\u00a0Jahren ago","modified":"Updated 2\u00a0Jahren ago"},"absolute_dates":{"created":"Posted on 26. Januar 2020","modified":"Updated on 31. Oktober 2023"},"absolute_dates_time":{"created":"Posted on 26. Januar 2020 23:33","modified":"Updated on 31. Oktober 2023 10:42"},"featured_img_caption":"","featured_img":false,"series_order":"","jetpack_sharing_enabled":true,"_links":{"self":[{"href":"https:\/\/feuerwehrwoerth.de\/index.php\/wp-json\/wp\/v2\/pages\/73","targetHints":{"allow":["GET"]}}],"collection":[{"href":"https:\/\/feuerwehrwoerth.de\/index.php\/wp-json\/wp\/v2\/pages"}],"about":[{"href":"https:\/\/feuerwehrwoerth.de\/index.php\/wp-json\/wp\/v2\/types\/page"}],"author":[{"embeddable":true,"href":"https:\/\/feuerwehrwoerth.de\/index.php\/wp-json\/wp\/v2\/users\/2"}],"replies":[{"embeddable":true,"href":"https:\/\/feuerwehrwoerth.de\/index.php\/wp-json\/wp\/v2\/comments?post=73"}],"version-history":[{"count":17,"href":"https:\/\/feuerwehrwoerth.de\/index.php\/wp-json\/wp\/v2\/pages\/73\/revisions"}],"predecessor-version":[{"id":5429,"href":"https:\/\/feuerwehrwoerth.de\/index.php\/wp-json\/wp\/v2\/pages\/73\/revisions\/5429"}],"wp:attachment":[{"href":"https:\/\/feuerwehrwoerth.de\/index.php\/wp-json\/wp\/v2\/media?parent=73"}],"curies":[{"name":"wp","href":"https:\/\/api.w.org\/{rel}","templated":true}]}}