{"id":761,"date":"2020-12-13T04:09:41","date_gmt":"2020-12-13T03:09:41","guid":{"rendered":"https:\/\/feuerwehrwoerth.de\/wordpress\/?page_id=761"},"modified":"2021-12-27T15:25:35","modified_gmt":"2021-12-27T14:25:35","slug":"notruf","status":"publish","type":"page","link":"https:\/\/feuerwehrwoerth.de\/index.php\/kontakt\/notruf\/","title":{"rendered":"Notruf"},"content":{"rendered":"\n<div class=\"wp-block-advgb-infobox advgb-infobox-wrapper has-text-align-center advgb-infobox-083cca00-a304-4d7e-b4b1-60cb3b6f0df1\"><div class=\"advgb-infobox-wrap\"><div class=\"advgb-infobox-icon-container\"><div class=\"advgb-infobox-icon-inner-container\"><i class=\"material-icons-outlined\">add_alert<\/i><\/div><\/div><div class=\"advgb-infobox-textcontent\"><h3 class=\"advgb-infobox-title\"><a href=\"tel:\/\/112\" class=\"ek-link\"><strong><span class=\"has-inline-color has-primary-color\">Notruf<\/span><\/strong> <span class=\"has-inline-color has-primary-color\">\u2706112<\/span><\/a><\/h3><p class=\"advgb-infobox-text\">Sie befinden sich in einer <a href=\"https:\/\/feuerwehrwoerth.de\/index.php\/kontakt\/notruf\/\" class=\"ek-link\"><strong>Notlage<\/strong><\/a> und ben\u00f6tigen die Hilfe Feuerwehr oder den Rettungsdienst? Sie erhalten Hilfe unter der Nummer <strong><a href=\"tel:\/\/112\">112<\/a><\/strong>. Die Nummer ist sowohl aus dem Festnetz als auch \u00fcber Mobilfunk kostenlos erreichbar und es wird keine Vorwahl ben\u00f6tigt. Die Notrufnummer darf nur bei Feuer, Unf\u00e4llen oder lebensbedrohlichen Erkrankungen\/Verletzungen gew\u00e4hlt werden.<\/p><\/div><\/div><\/div>\n\n\n\n<p><br><br><strong>F\u00fcr die schnelle Hilfe gibt es die 5 W-Fragen:<\/strong><br>1.\u00a0<strong>W<\/strong>o ist etwas passiert?<br>2.\u00a0<strong>W<\/strong>as ist passiert?<br>3.\u00a0<strong>W<\/strong>ie viele Verletzte gibt es?<br>4.\u00a0<strong>W<\/strong>elche Arten von Verletzungen\/Erkrankungen liegen vor ?<br>5.\u00a0<strong>W<\/strong>arten Sie auf m\u00f6gliche R\u00fcckfragen<br><br>Der Mitarbeiter der Leitstelle, ist auf diese Angaben angewiesen um die richtigen Rettungsmittel zu Ihnen zu schicken. Nach dem Telefonat ist Hilfe innerhalb weniger Minuten bei Ihnen. Bei Bedarf gibt der Mitarbeiter der Leitstelle weitere Anweisungen per Telefon, z.B. Erste Hilfe.<\/p>\n\n\n\n<p>Weitere Informationen zum Thema Notruf und der f\u00fcr uns zust\u00e4ndigen Integrierten Leitstelle\u00a0Landau finden Sie bei auf der Webseite vom Deutschen Roten Kreuz:\u00a0<a aria-label=\" (opens in a new tab)\" href=\"https:\/\/www.rd-suedpfalz.drk.de\/integrierte-leitstelle\/leitstelle.html\" target=\"_blank\" rel=\"noreferrer noopener\" class=\"ek-link\">Integrierte Leitstelle Landau<\/a><br><br><strong>Weitere Notrufnummern<\/strong>:<br><br><strong><a href=\"tel:\/\/110\" class=\"ek-link\">110<\/a>:<\/strong><br>Polizei<br><br><strong><a href=\"tel:\/\/19222\" class=\"ek-link\">19222<\/a>:<\/strong><br>Krankentransporte, nicht lebensbedrohliche Erkrankungen, sonstige medizinische Hilfeersuchen<br><br><strong><a href=\"tel:\/\/116117\" class=\"ek-link\">116117<\/a>:<\/strong><br>\u00c4rztlicher Bereitschaftsdienst au\u00dferhalb der Sprechzeiten. Hilft bei Erkrankungen, f\u00fcr die normalerweise der Hausarzt zust\u00e4ndig ist.<\/p>\n<style class=\"advgb-styles-renderer\">#advgb-infobox-083cca00-a304-4d7e-b4b1-60cb3b6f0df1, .advgb-infobox-083cca00-a304-4d7e-b4b1-60cb3b6f0df1 {background-color: #f5f5f5;padding: 20px 20px 20px 20px;border: 0px solid #e8e8e8 ;border-radius: 0px;}#advgb-infobox-083cca00-a304-4d7e-b4b1-60cb3b6f0df1 .advgb-infobox-icon-container, .advgb-infobox-083cca00-a304-4d7e-b4b1-60cb3b6f0df1 .advgb-infobox-icon-container {background-color: #f5f5f5;padding: 0;margin: 0;border: 0px solid #e8e8e8 ;border-radius: 0px;}#advgb-infobox-083cca00-a304-4d7e-b4b1-60cb3b6f0df1 .advgb-infobox-icon-container i, .advgb-infobox-083cca00-a304-4d7e-b4b1-60cb3b6f0df1 .advgb-infobox-icon-container i {color: #333;font-size: 70px;display: block;}#advgb-infobox-083cca00-a304-4d7e-b4b1-60cb3b6f0df1 .advgb-infobox-textcontent .advgb-infobox-title, .advgb-infobox-083cca00-a304-4d7e-b4b1-60cb3b6f0df1 .advgb-infobox-textcontent .advgb-infobox-title {color: #333;padding: 0;margin: 5px 0 10px 0;white-space: pre-wrap;}#advgb-infobox-083cca00-a304-4d7e-b4b1-60cb3b6f0df1 .advgb-infobox-textcontent .advgb-infobox-text, .advgb-infobox-083cca00-a304-4d7e-b4b1-60cb3b6f0df1 .advgb-infobox-textcontent .advgb-infobox-text {color: #333;padding: 0;margin: 0;white-space: pre-wrap;}<\/style>","protected":false},"excerpt":{"rendered":"<p>F\u00fcr die schnelle Hilfe gibt es die 5 W-Fragen:1.\u00a0Wo ist etwas passiert?2.\u00a0Was ist passiert?3.\u00a0Wie viele Verletzte gibt es?4.\u00a0Welche Arten von Verletzungen\/Erkrankungen liegen vor ?5.\u00a0Warten Sie auf m\u00f6gliche R\u00fcckfragen Der Mitarbeiter der Leitstelle, ist auf diese Angaben angewiesen um die richtigen Rettungsmittel zu Ihnen zu schicken. Nach dem Telefonat ist Hilfe innerhalb weniger Minuten bei Ihnen. [&hellip;]<\/p>\n","protected":false},"author":1,"featured_media":0,"parent":73,"menu_order":0,"comment_status":"closed","ping_status":"closed","template":"","meta":{"advgb_blocks_editor_width":"","advgb_blocks_columns_visual_guide":"","ngg_post_thumbnail":0,"footnotes":""},"class_list":["post-761","page","type-page","status-publish","hentry"],"coauthors":[],"author_meta":{"author_link":"https:\/\/feuerwehrwoerth.de\/index.php\/author\/chris\/","display_name":"Christian"},"relative_dates":{"created":"Posted 5\u00a0Jahren ago","modified":"Updated 4\u00a0Jahren ago"},"absolute_dates":{"created":"Posted on 13. Dezember 2020","modified":"Updated on 27. Dezember 2021"},"absolute_dates_time":{"created":"Posted on 13. Dezember 2020 4:09","modified":"Updated on 27. Dezember 2021 15:25"},"featured_img_caption":"","featured_img":false,"series_order":"","jetpack_sharing_enabled":true,"_links":{"self":[{"href":"https:\/\/feuerwehrwoerth.de\/index.php\/wp-json\/wp\/v2\/pages\/761","targetHints":{"allow":["GET"]}}],"collection":[{"href":"https:\/\/feuerwehrwoerth.de\/index.php\/wp-json\/wp\/v2\/pages"}],"about":[{"href":"https:\/\/feuerwehrwoerth.de\/index.php\/wp-json\/wp\/v2\/types\/page"}],"author":[{"embeddable":true,"href":"https:\/\/feuerwehrwoerth.de\/index.php\/wp-json\/wp\/v2\/users\/1"}],"replies":[{"embeddable":true,"href":"https:\/\/feuerwehrwoerth.de\/index.php\/wp-json\/wp\/v2\/comments?post=761"}],"version-history":[{"count":11,"href":"https:\/\/feuerwehrwoerth.de\/index.php\/wp-json\/wp\/v2\/pages\/761\/revisions"}],"predecessor-version":[{"id":2671,"href":"https:\/\/feuerwehrwoerth.de\/index.php\/wp-json\/wp\/v2\/pages\/761\/revisions\/2671"}],"up":[{"embeddable":true,"href":"https:\/\/feuerwehrwoerth.de\/index.php\/wp-json\/wp\/v2\/pages\/73"}],"wp:attachment":[{"href":"https:\/\/feuerwehrwoerth.de\/index.php\/wp-json\/wp\/v2\/media?parent=761"}],"curies":[{"name":"wp","href":"https:\/\/api.w.org\/{rel}","templated":true}]}}