{"id":8158,"date":"2026-03-26T18:30:11","date_gmt":"2026-03-26T17:30:11","guid":{"rendered":"https:\/\/feuerwehrwoerth.de\/?page_id=8158"},"modified":"2026-04-01T12:50:31","modified_gmt":"2026-04-01T10:50:31","slug":"maximiliansau","status":"publish","type":"page","link":"https:\/\/feuerwehrwoerth.de\/index.php\/ueber-uns\/maximiliansau\/","title":{"rendered":"Einheit Maximiliansau"},"content":{"rendered":"\n<figure class=\"wp-block-image size-large\"><img decoding=\"async\" src=\"https:\/\/dev.feuerwehrwoerth.de\/wp-content\/uploads\/2026\/02\/Bild_2026-02-22_175753563-1024x420.png\" alt=\"\" class=\"wp-image-7978\" \/><\/figure>\n\n\n\n<div style=\"height:41px\" aria-hidden=\"true\" class=\"wp-block-spacer\"><\/div>\n\n\n\n<p>Die Einheit <strong>Maximiliansau<\/strong> der Freiwilligen Feuerwehr W\u00f6rth am Rhein wurde am 6. September 1952 gegr\u00fcndet und blickt damit auf \u00fcber sieben Jahrzehnte ehrenamtlichen Dienst am N\u00e4chsten zur\u00fcck. Seitdem engagieren sich die Kameradinnen und Kameraden unerm\u00fcdlich f\u00fcr die Sicherheit der B\u00fcrgerinnen und B\u00fcrger in Maximiliansau und der gesamten Stadt W\u00f6rth am Rhein.<\/p>\n\n\n\n<p>Ein besonderes Augenmerk liegt auf der Nachwuchsarbeit: Bereits am 16. Juni 1973 wurde die <strong><a href=\"https:\/\/feuerwehrwoerth.de\/index.php\/mitmachen\/unter-16-jahren\/\" data-type=\"page\" data-id=\"111\">Jugendfeuerwehr Maximiliansau<\/a><\/strong> ins Leben gerufen. Sie bietet Jugendlichen die M\u00f6glichkeit, fr\u00fchzeitig Verantwortung zu \u00fcbernehmen und sich auf den aktiven Feuerwehrdienst vorzubereiten. Viele der heutigen Einsatzkr\u00e4fte stammen aus den Reihen der Jugendfeuerwehr.<\/p>\n\n\n\n<p>Aktuell z\u00e4hlt die Einheit 47 aktive Kameradinnen und Kamerade<strong>n<\/strong>. Im Durchschnitt r\u00fccken sie zu rund 105 Eins\u00e4tzen pro Jahr aus \u2013 von Brandeins\u00e4tzen \u00fcber technische Hilfeleistungen bis hin zu Gefahrstoff- oder Unwettereins\u00e4tzen.<br>Die Einsatzvielfalt spiegelt sich auch in der breiten fachlichen Aufstellung der Einheit wider. Die Kameradinnen und Kameraden sind in allen Facheinheiten der Feuerwehr W\u00f6rth am Rhein vertreten, darunter Atemschutz, Gefahrgut, Drohne, Absturzsicherung, Drehleiter, Technische Hilfe, Waldbrand, Wasser sowie selbstverst\u00e4ndlich die <strong><a href=\"https:\/\/feuerwehrwoerth.de\/index.php\/mitmachen\/unter-16-jahren\/\" data-type=\"page\" data-id=\"111\">Jugendfeuerwehr<\/a><\/strong>.<\/p>\n\n\n\n<p>Durch regelm\u00e4\u00dfige \u00dcbungen und gemeinsame Aktivit\u00e4ten pflegt die Einheit Maximiliansau nicht nur ihre Einsatzbereitschaft, sondern auch den kameradschaftlichen Zusammenhalt \u2013 ein zentraler Bestandteil des Feuerwehrwesens.<\/p>\n\n\n\n<p>Weitere Informationen zur Geschichte und Entwicklung der Einheit finden sich auf der <strong><a href=\"https:\/\/feuerwehrwoerth.de\/index.php\/ueber-uns\/maximiliansau\/chronik-einheit-maximiliansau\/\" data-type=\"page\" data-id=\"8223\">Chronik-Seite<\/a><\/strong>.<\/p>\n\n\n\n<p><\/p>\n","protected":false},"excerpt":{"rendered":"<p>Die Einheit Maximiliansau der Freiwilligen Feuerwehr W\u00f6rth am Rhein wurde am 6. September 1952 gegr\u00fcndet und blickt damit auf \u00fcber sieben Jahrzehnte ehrenamtlichen Dienst am N\u00e4chsten zur\u00fcck. Seitdem engagieren sich die Kameradinnen und Kameraden unerm\u00fcdlich f\u00fcr die Sicherheit der B\u00fcrgerinnen und B\u00fcrger in Maximiliansau und der gesamten Stadt W\u00f6rth am Rhein. Ein besonderes Augenmerk liegt [&hellip;]<\/p>\n","protected":false},"author":6,"featured_media":0,"parent":34,"menu_order":0,"comment_status":"closed","ping_status":"closed","template":"","meta":{"advgb_blocks_editor_width":"","advgb_blocks_columns_visual_guide":"","ngg_post_thumbnail":0,"footnotes":""},"class_list":["post-8158","page","type-page","status-publish","hentry"],"coauthors":[],"author_meta":{"author_link":"https:\/\/feuerwehrwoerth.de\/index.php\/author\/woerth200\/","display_name":"Einheit Maximiliansau"},"relative_dates":{"created":"Posted 2\u00a0Monaten ago","modified":"Updated 1\u00a0Monat ago"},"absolute_dates":{"created":"Posted on 26. M\u00e4rz 2026","modified":"Updated on 1. April 2026"},"absolute_dates_time":{"created":"Posted on 26. M\u00e4rz 2026 18:30","modified":"Updated on 1. April 2026 12:50"},"featured_img_caption":"","featured_img":false,"series_order":"","jetpack_sharing_enabled":true,"_links":{"self":[{"href":"https:\/\/feuerwehrwoerth.de\/index.php\/wp-json\/wp\/v2\/pages\/8158","targetHints":{"allow":["GET"]}}],"collection":[{"href":"https:\/\/feuerwehrwoerth.de\/index.php\/wp-json\/wp\/v2\/pages"}],"about":[{"href":"https:\/\/feuerwehrwoerth.de\/index.php\/wp-json\/wp\/v2\/types\/page"}],"author":[{"embeddable":true,"href":"https:\/\/feuerwehrwoerth.de\/index.php\/wp-json\/wp\/v2\/users\/6"}],"replies":[{"embeddable":true,"href":"https:\/\/feuerwehrwoerth.de\/index.php\/wp-json\/wp\/v2\/comments?post=8158"}],"version-history":[{"count":6,"href":"https:\/\/feuerwehrwoerth.de\/index.php\/wp-json\/wp\/v2\/pages\/8158\/revisions"}],"predecessor-version":[{"id":9022,"href":"https:\/\/feuerwehrwoerth.de\/index.php\/wp-json\/wp\/v2\/pages\/8158\/revisions\/9022"}],"up":[{"embeddable":true,"href":"https:\/\/feuerwehrwoerth.de\/index.php\/wp-json\/wp\/v2\/pages\/34"}],"wp:attachment":[{"href":"https:\/\/feuerwehrwoerth.de\/index.php\/wp-json\/wp\/v2\/media?parent=8158"}],"curies":[{"name":"wp","href":"https:\/\/api.w.org\/{rel}","templated":true}]}}