{"id":8167,"date":"2026-03-26T18:36:48","date_gmt":"2026-03-26T17:36:48","guid":{"rendered":"https:\/\/feuerwehrwoerth.de\/?page_id=8167"},"modified":"2026-04-03T16:12:17","modified_gmt":"2026-04-03T14:12:17","slug":"geraetehaus","status":"publish","type":"page","link":"https:\/\/feuerwehrwoerth.de\/index.php\/ueber-uns\/maximiliansau\/geraetehaus\/","title":{"rendered":"Ger\u00e4tehaus Maximiliansau"},"content":{"rendered":"\n<p>Das im Jahr 1990 errichtete Feuerwehrhaus konnte nach rund zweij\u00e4hriger Bauzeit von den Kameradinnen und Kameraden bezogen werden. Seitdem dient es als St\u00fctzpunkt f\u00fcr die Eins\u00e4tze und Aktivit\u00e4ten unserer Feuerwehr.<\/p>\n\n\n\n<p>Das Geb\u00e4ude verf\u00fcgt \u00fcber eine Fahrzeughalle, in der die Einsatzfahrzeuge untergebracht sind, sowie \u00fcber zwei Werkst\u00e4tten, die f\u00fcr kleinere Reparaturen und Wartungsarbeiten genutzt werden. Au\u00dferdem befindet sich im Haus eine Funkeinsatzzentrale und ein B\u00fcro f\u00fcr organisatorische Aufgaben.<\/p>\n\n\n\n<p>F\u00fcr die Einsatzkr\u00e4fte stehen getrennte Umkleider\u00e4ume f\u00fcr Frauen und M\u00e4nner zur Verf\u00fcgung. Ein gr\u00f6\u00dferer Aufenthaltsraum bietet unserer Jugendfeuerwehr Platz f\u00fcr ihre Treffen und gemeinsamen Aktivit\u00e4ten.<\/p>\n\n\n\n<p>Dar\u00fcber hinaus gibt es einen teilbaren Aufenthalts- und Unterrichtsraum, der je nach Bedarf f\u00fcr Schulungen, Besprechungen oder Veranstaltungen genutzt werden kann. Zwei K\u00fcchen sowie sanit\u00e4re Anlagen runden die Ausstattung des Feuerwehrhauses ab.<\/p>\n\n\n\n<div class=\"wp-block-advgb-images-slider advgb-images-slider-block advg-images-slider-e87e8e99-48c8-4ede-96c8-4025586b4812\"><div class=\"advgb-images-slider\" dir=\"ltr\"><div class=\"advgb-image-slider-item\"><img decoding=\"async\" src=\"https:\/\/feuerwehrwoerth.de\/wp-content\/uploads\/2026\/04\/haus1.jpg\" class=\"advgb-image-slider-img\" alt=\"\" style=\"width:100%;height:auto\" \/><div class=\"advgb-image-slider-item-info\" style=\"justify-content:center;align-items:center\"><\/div><\/div><div class=\"advgb-image-slider-item\"><img decoding=\"async\" src=\"https:\/\/feuerwehrwoerth.de\/wp-content\/uploads\/2026\/04\/haus2.jpg\" class=\"advgb-image-slider-img\" alt=\"\" style=\"width:100%;height:auto\" \/><div class=\"advgb-image-slider-item-info\" style=\"justify-content:center;align-items:center\"><\/div><\/div><div class=\"advgb-image-slider-item\"><img decoding=\"async\" src=\"https:\/\/feuerwehrwoerth.de\/wp-content\/uploads\/2026\/04\/haus3.jpg\" class=\"advgb-image-slider-img\" alt=\"\" style=\"width:100%;height:auto\" \/><div class=\"advgb-image-slider-item-info\" style=\"justify-content:center;align-items:center\"><\/div><\/div><div class=\"advgb-image-slider-item\"><img decoding=\"async\" src=\"https:\/\/feuerwehrwoerth.de\/wp-content\/uploads\/2026\/04\/haus4.jpg\" class=\"advgb-image-slider-img\" alt=\"\" style=\"width:100%;height:auto\" \/><div class=\"advgb-image-slider-item-info\" style=\"justify-content:center;align-items:center\"><\/div><\/div><div class=\"advgb-image-slider-item\"><img decoding=\"async\" src=\"https:\/\/feuerwehrwoerth.de\/wp-content\/uploads\/2026\/04\/haus5.jpg\" class=\"advgb-image-slider-img\" alt=\"\" style=\"width:100%;height:auto\" \/><div class=\"advgb-image-slider-item-info\" style=\"justify-content:center;align-items:center\"><\/div><\/div><div class=\"advgb-image-slider-item\"><img decoding=\"async\" src=\"https:\/\/feuerwehrwoerth.de\/wp-content\/uploads\/2026\/04\/haus6.jpg\" class=\"advgb-image-slider-img\" alt=\"\" style=\"width:100%;height:auto\" \/><div class=\"advgb-image-slider-item-info\" style=\"justify-content:center;align-items:center\"><\/div><\/div><div class=\"advgb-image-slider-item\"><img decoding=\"async\" src=\"https:\/\/feuerwehrwoerth.de\/wp-content\/uploads\/2026\/04\/haus7.jpg\" class=\"advgb-image-slider-img\" alt=\"\" style=\"width:100%;height:auto\" \/><div class=\"advgb-image-slider-item-info\" style=\"justify-content:center;align-items:center\"><\/div><\/div><div class=\"advgb-image-slider-item\"><img decoding=\"async\" src=\"https:\/\/feuerwehrwoerth.de\/wp-content\/uploads\/2026\/04\/haus8.jpg\" class=\"advgb-image-slider-img\" alt=\"\" style=\"width:100%;height:auto\" \/><div class=\"advgb-image-slider-item-info\" style=\"justify-content:center;align-items:center\"><\/div><\/div><div class=\"advgb-image-slider-item\"><img decoding=\"async\" src=\"https:\/\/feuerwehrwoerth.de\/wp-content\/uploads\/2026\/04\/haus9.jpg\" class=\"advgb-image-slider-img\" alt=\"\" style=\"width:100%;height:auto\" \/><div class=\"advgb-image-slider-item-info\" style=\"justify-content:center;align-items:center\"><\/div><\/div><div class=\"advgb-image-slider-item\"><img decoding=\"async\" src=\"https:\/\/feuerwehrwoerth.de\/wp-content\/uploads\/2026\/04\/haus10.jpg\" class=\"advgb-image-slider-img\" alt=\"\" style=\"width:100%;height:auto\" \/><div class=\"advgb-image-slider-item-info\" style=\"justify-content:center;align-items:center\"><\/div><\/div><div class=\"advgb-image-slider-item\"><img decoding=\"async\" src=\"https:\/\/feuerwehrwoerth.de\/wp-content\/uploads\/2026\/04\/haus11.jpg\" class=\"advgb-image-slider-img\" alt=\"\" style=\"width:100%;height:auto\" \/><div class=\"advgb-image-slider-item-info\" style=\"justify-content:center;align-items:center\"><\/div><\/div><div class=\"advgb-image-slider-item\"><img decoding=\"async\" src=\"https:\/\/feuerwehrwoerth.de\/wp-content\/uploads\/2026\/04\/haus12-1.jpg\" class=\"advgb-image-slider-img\" alt=\"\" style=\"width:100%;height:auto\" \/><div class=\"advgb-image-slider-item-info\" style=\"justify-content:center;align-items:center\"><\/div><\/div><div class=\"advgb-image-slider-item\"><img decoding=\"async\" src=\"https:\/\/feuerwehrwoerth.de\/wp-content\/uploads\/2026\/04\/haus13.jpg\" class=\"advgb-image-slider-img\" alt=\"\" style=\"width:100%;height:auto\" \/><div class=\"advgb-image-slider-item-info\" style=\"justify-content:center;align-items:center\"><\/div><\/div><div class=\"advgb-image-slider-item\"><img decoding=\"async\" src=\"https:\/\/feuerwehrwoerth.de\/wp-content\/uploads\/2026\/04\/haus00.jpg\" class=\"advgb-image-slider-img\" alt=\"\" style=\"width:100%;height:auto\" \/><div class=\"advgb-image-slider-item-info\" style=\"justify-content:center;align-items:center\"><\/div><\/div><\/div><\/div>\n","protected":false},"excerpt":{"rendered":"<p>Das im Jahr 1990 errichtete Feuerwehrhaus konnte nach rund zweij\u00e4hriger Bauzeit von den Kameradinnen und Kameraden bezogen werden. Seitdem dient es als St\u00fctzpunkt f\u00fcr die Eins\u00e4tze und Aktivit\u00e4ten unserer Feuerwehr. Das Geb\u00e4ude verf\u00fcgt \u00fcber eine Fahrzeughalle, in der die Einsatzfahrzeuge untergebracht sind, sowie \u00fcber zwei Werkst\u00e4tten, die f\u00fcr kleinere Reparaturen und Wartungsarbeiten genutzt werden. Au\u00dferdem [&hellip;]<\/p>\n","protected":false},"author":6,"featured_media":9075,"parent":8158,"menu_order":0,"comment_status":"closed","ping_status":"closed","template":"","meta":{"advgb_blocks_editor_width":"","advgb_blocks_columns_visual_guide":"","ngg_post_thumbnail":0,"footnotes":""},"class_list":["post-8167","page","type-page","status-publish","has-post-thumbnail","hentry"],"coauthors":[],"author_meta":{"author_link":"https:\/\/feuerwehrwoerth.de\/index.php\/author\/woerth200\/","display_name":"Einheit Maximiliansau"},"relative_dates":{"created":"Posted 2\u00a0Monaten ago","modified":"Updated 1\u00a0Monat ago"},"absolute_dates":{"created":"Posted on 26. M\u00e4rz 2026","modified":"Updated on 3. April 2026"},"absolute_dates_time":{"created":"Posted on 26. M\u00e4rz 2026 18:36","modified":"Updated on 3. April 2026 16:12"},"featured_img_caption":"","featured_img":"https:\/\/feuerwehrwoerth.de\/wp-content\/uploads\/2026\/04\/haus00_kurz-e1775225530426.webp","series_order":"","jetpack_sharing_enabled":true,"_links":{"self":[{"href":"https:\/\/feuerwehrwoerth.de\/index.php\/wp-json\/wp\/v2\/pages\/8167","targetHints":{"allow":["GET"]}}],"collection":[{"href":"https:\/\/feuerwehrwoerth.de\/index.php\/wp-json\/wp\/v2\/pages"}],"about":[{"href":"https:\/\/feuerwehrwoerth.de\/index.php\/wp-json\/wp\/v2\/types\/page"}],"author":[{"embeddable":true,"href":"https:\/\/feuerwehrwoerth.de\/index.php\/wp-json\/wp\/v2\/users\/6"}],"replies":[{"embeddable":true,"href":"https:\/\/feuerwehrwoerth.de\/index.php\/wp-json\/wp\/v2\/comments?post=8167"}],"version-history":[{"count":6,"href":"https:\/\/feuerwehrwoerth.de\/index.php\/wp-json\/wp\/v2\/pages\/8167\/revisions"}],"predecessor-version":[{"id":9074,"href":"https:\/\/feuerwehrwoerth.de\/index.php\/wp-json\/wp\/v2\/pages\/8167\/revisions\/9074"}],"up":[{"embeddable":true,"href":"https:\/\/feuerwehrwoerth.de\/index.php\/wp-json\/wp\/v2\/pages\/8158"}],"wp:featuredmedia":[{"embeddable":true,"href":"https:\/\/feuerwehrwoerth.de\/index.php\/wp-json\/wp\/v2\/media\/9075"}],"wp:attachment":[{"href":"https:\/\/feuerwehrwoerth.de\/index.php\/wp-json\/wp\/v2\/media?parent=8167"}],"curies":[{"name":"wp","href":"https:\/\/api.w.org\/{rel}","templated":true}]}}