{"id":8177,"date":"2026-03-26T18:39:59","date_gmt":"2026-03-26T17:39:59","guid":{"rendered":"https:\/\/feuerwehrwoerth.de\/?page_id=8177"},"modified":"2026-03-31T18:57:40","modified_gmt":"2026-03-31T16:57:40","slug":"2-19-1-mtf-2008","status":"publish","type":"page","link":"https:\/\/feuerwehrwoerth.de\/index.php\/ueber-uns\/maximiliansau\/fahrzeuge-maximiliansau\/2-19-1-mtf-2008\/","title":{"rendered":"Florian W\u00f6rth 2\/19\/1 &#8211; MTF (2008)"},"content":{"rendered":"\n<figure class=\"wp-block-image size-large\"><img loading=\"lazy\" decoding=\"async\" width=\"1024\" height=\"682\" src=\"https:\/\/feuerwehrwoerth.de\/wp-content\/uploads\/2026\/03\/MTW_2-19_01-1024x682.webp\" alt=\"\" class=\"wp-image-8238\" srcset=\"https:\/\/feuerwehrwoerth.de\/wp-content\/uploads\/2026\/03\/MTW_2-19_01-1024x682.webp 1024w, https:\/\/feuerwehrwoerth.de\/wp-content\/uploads\/2026\/03\/MTW_2-19_01-300x200.webp 300w, https:\/\/feuerwehrwoerth.de\/wp-content\/uploads\/2026\/03\/MTW_2-19_01-768x512.webp 768w, https:\/\/feuerwehrwoerth.de\/wp-content\/uploads\/2026\/03\/MTW_2-19_01-1536x1024.webp 1536w, https:\/\/feuerwehrwoerth.de\/wp-content\/uploads\/2026\/03\/MTW_2-19_01-500x333.webp 500w, https:\/\/feuerwehrwoerth.de\/wp-content\/uploads\/2026\/03\/MTW_2-19_01-800x533.webp 800w, https:\/\/feuerwehrwoerth.de\/wp-content\/uploads\/2026\/03\/MTW_2-19_01-1280x853.webp 1280w, https:\/\/feuerwehrwoerth.de\/wp-content\/uploads\/2026\/03\/MTW_2-19_01-1920x1280.webp 1920w, https:\/\/feuerwehrwoerth.de\/wp-content\/uploads\/2026\/03\/MTW_2-19_01.webp 2000w\" sizes=\"auto, (max-width: 1024px) 100vw, 1024px\" \/><\/figure>\n\n\n\n<h2 class=\"wp-block-heading\">Fahrzeug-Steckbrief<\/h2>\n\n\n\n<div class=\"wp-block-group\"><div class=\"wp-block-group__inner-container is-layout-flow wp-block-group-is-layout-flow\">\n<div class=\"wp-block-columns is-layout-flex wp-container-core-columns-is-layout-9d6595d7 wp-block-columns-is-layout-flex\">\n<div class=\"wp-block-column is-layout-flow wp-block-column-is-layout-flow\" style=\"flex-basis:100%\">\n<div class=\"wp-block-group\"><div class=\"wp-block-group__inner-container is-layout-flow wp-block-group-is-layout-flow\">\n<figure class=\"wp-block-table is-style-stripes\"><table  class=\" table table-hover\" ><tbody><tr><td>Fahrzeugtyp<\/td><td>Mannschaftstransportfahrzeuge (MTF)<\/td><\/tr><tr><td>Fahrzeughersteller<\/td><td>Mercedes-Benz<\/td><\/tr><tr><td>Modell<\/td><td>Sprinter 315 CDI<\/td><\/tr><tr><td>Leistung<\/td><td>110 kW<\/td><\/tr><tr><td>Hubraum<\/td><td>2.148 ccm<\/td><\/tr><tr><td>Ma\u00dfe (LxBxH)<\/td><td>5.910 x 1.993 x 2.520 mm<\/td><\/tr><tr><td>Gewicht (zGG)<\/td><td>3.500 kg<\/td><\/tr><tr><td>Aufbau<\/td><td>Sch\u00e4fer<\/td><\/tr><tr><td>Baujahr<\/td><td>2008<\/td><\/tr><tr><td>Funkrufname<\/td><td>Florian W\u00f6rth 2\/19<\/td><\/tr><tr><td>Besatzung<\/td><td>Gruppe (0\/1\/8\/<u>9<\/u>)<\/td><\/tr><tr><td>Einsatzgebiet<\/td><td>Mannschaftstransport, Transport kleinerer Materialien<\/td><\/tr><\/tbody><\/table><\/figure>\n<\/div><\/div>\n<\/div>\n<\/div>\n<\/div><\/div>\n\n\n\nngg_shortcode_0_placeholder\n","protected":false},"excerpt":{"rendered":"<p>Fahrzeug-Steckbrief Fahrzeugtyp Mannschaftstransportfahrzeuge (MTF) Fahrzeughersteller Mercedes-Benz Modell Sprinter 315 CDI Leistung 110 kW Hubraum 2.148 ccm Ma\u00dfe (LxBxH) 5.910 x 1.993 x 2.520 mm Gewicht (zGG) 3.500 kg Aufbau Sch\u00e4fer Baujahr 2008 Funkrufname Florian W\u00f6rth 2\/19 Besatzung Gruppe (0\/1\/8\/9) Einsatzgebiet Mannschaftstransport, Transport kleinerer Materialien<\/p>\n","protected":false},"author":6,"featured_media":0,"parent":8216,"menu_order":0,"comment_status":"closed","ping_status":"closed","template":"","meta":{"advgb_blocks_editor_width":"","advgb_blocks_columns_visual_guide":"","ngg_post_thumbnail":0,"footnotes":""},"class_list":["post-8177","page","type-page","status-publish","hentry"],"coauthors":[],"author_meta":{"author_link":"https:\/\/feuerwehrwoerth.de\/index.php\/author\/woerth200\/","display_name":"Einheit Maximiliansau"},"relative_dates":{"created":"Posted 2\u00a0Monaten ago","modified":"Updated 2\u00a0Monaten ago"},"absolute_dates":{"created":"Posted on 26. M\u00e4rz 2026","modified":"Updated on 31. M\u00e4rz 2026"},"absolute_dates_time":{"created":"Posted on 26. M\u00e4rz 2026 18:39","modified":"Updated on 31. M\u00e4rz 2026 18:57"},"featured_img_caption":"","featured_img":false,"series_order":"","jetpack_sharing_enabled":true,"_links":{"self":[{"href":"https:\/\/feuerwehrwoerth.de\/index.php\/wp-json\/wp\/v2\/pages\/8177","targetHints":{"allow":["GET"]}}],"collection":[{"href":"https:\/\/feuerwehrwoerth.de\/index.php\/wp-json\/wp\/v2\/pages"}],"about":[{"href":"https:\/\/feuerwehrwoerth.de\/index.php\/wp-json\/wp\/v2\/types\/page"}],"author":[{"embeddable":true,"href":"https:\/\/feuerwehrwoerth.de\/index.php\/wp-json\/wp\/v2\/users\/6"}],"replies":[{"embeddable":true,"href":"https:\/\/feuerwehrwoerth.de\/index.php\/wp-json\/wp\/v2\/comments?post=8177"}],"version-history":[{"count":5,"href":"https:\/\/feuerwehrwoerth.de\/index.php\/wp-json\/wp\/v2\/pages\/8177\/revisions"}],"predecessor-version":[{"id":8554,"href":"https:\/\/feuerwehrwoerth.de\/index.php\/wp-json\/wp\/v2\/pages\/8177\/revisions\/8554"}],"up":[{"embeddable":true,"href":"https:\/\/feuerwehrwoerth.de\/index.php\/wp-json\/wp\/v2\/pages\/8216"}],"wp:attachment":[{"href":"https:\/\/feuerwehrwoerth.de\/index.php\/wp-json\/wp\/v2\/media?parent=8177"}],"curies":[{"name":"wp","href":"https:\/\/api.w.org\/{rel}","templated":true}]}}