{"id":8178,"date":"2026-03-26T18:39:38","date_gmt":"2026-03-26T17:39:38","guid":{"rendered":"https:\/\/feuerwehrwoerth.de\/?page_id=8178"},"modified":"2026-03-31T23:37:34","modified_gmt":"2026-03-31T21:37:34","slug":"florian-woerth-3-23-1-tlf-16-25","status":"publish","type":"page","link":"https:\/\/feuerwehrwoerth.de\/index.php\/ueber-uns\/einheit-schaidt\/fahrzeuge-schaidt\/florian-woerth-3-23-1-tlf-16-25\/","title":{"rendered":"Florian W\u00f6rth 3\/23\/1 \u2013 TLF 16\/25"},"content":{"rendered":"\n<h2 class=\"wp-block-heading\">Fahrzeug-Steckbrief<\/h2>\n\n\n\n<div class=\"wp-block-group\"><div class=\"wp-block-group__inner-container is-layout-flow wp-block-group-is-layout-flow\">\n<div class=\"wp-block-columns is-layout-flex wp-container-core-columns-is-layout-9d6595d7 wp-block-columns-is-layout-flex\">\n<div class=\"wp-block-column is-layout-flow wp-block-column-is-layout-flow\" style=\"flex-basis:100%\">\n<div class=\"wp-block-group\"><div class=\"wp-block-group__inner-container is-layout-flow wp-block-group-is-layout-flow\">\n<figure class=\"wp-block-table is-style-stripes\"><table  class=\" table table-hover\" ><tbody><tr><td>Fahrzeugtyp<\/td><td>Tankl\u00f6schfahrzeug 16\/25<\/td><\/tr><tr><td>Fahrzeughersteller<\/td><td>Mercedes-Benz<\/td><\/tr><tr><td>Modell<\/td><td>Atego 1225 F<\/td><\/tr><tr><td>Leistung<\/td><td><\/td><\/tr><tr><td>Hubraum<\/td><td><\/td><\/tr><tr><td>Ma\u00dfe (LxBxH)<\/td><td><\/td><\/tr><tr><td>Gewicht (zGG)<\/td><td><\/td><\/tr><tr><td>Aufbau<\/td><td>Metz<\/td><\/tr><tr><td>Baujahr<\/td><td>2000<\/td><\/tr><tr><td>Funkrufname<\/td><td>Florian W\u00f6rth 3\/23\/1<\/td><\/tr><tr><td>Besatzung<\/td><td>Gruppe (0\/1\/5\/6)<\/td><\/tr><tr><td>Einsatzgebiet<\/td><td>Brandbek\u00e4mpfung und technische Hilfeleistung<\/td><\/tr><\/tbody><\/table><\/figure>\n<\/div><\/div>\n<\/div>\n<\/div>\n<\/div><\/div>\n","protected":false},"excerpt":{"rendered":"<p>Fahrzeug-Steckbrief Fahrzeugtyp Tankl\u00f6schfahrzeug 16\/25 Fahrzeughersteller Mercedes-Benz Modell Atego 1225 F Leistung Hubraum Ma\u00dfe (LxBxH) Gewicht (zGG) Aufbau Metz Baujahr 2000 Funkrufname Florian W\u00f6rth 3\/23\/1 Besatzung Gruppe (0\/1\/5\/6) Einsatzgebiet Brandbek\u00e4mpfung und technische Hilfeleistung<\/p>\n","protected":false},"author":7,"featured_media":0,"parent":8165,"menu_order":0,"comment_status":"closed","ping_status":"closed","template":"","meta":{"advgb_blocks_editor_width":"","advgb_blocks_columns_visual_guide":"","ngg_post_thumbnail":0,"footnotes":""},"class_list":["post-8178","page","type-page","status-publish","hentry"],"coauthors":[],"author_meta":{"author_link":"https:\/\/feuerwehrwoerth.de\/index.php\/author\/woerth300\/","display_name":"Einheit Schaidt"},"relative_dates":{"created":"Posted 2\u00a0Monaten ago","modified":"Updated 2\u00a0Monaten ago"},"absolute_dates":{"created":"Posted on 26. M\u00e4rz 2026","modified":"Updated on 31. M\u00e4rz 2026"},"absolute_dates_time":{"created":"Posted on 26. M\u00e4rz 2026 18:39","modified":"Updated on 31. M\u00e4rz 2026 23:37"},"featured_img_caption":"","featured_img":false,"series_order":"","jetpack_sharing_enabled":true,"_links":{"self":[{"href":"https:\/\/feuerwehrwoerth.de\/index.php\/wp-json\/wp\/v2\/pages\/8178","targetHints":{"allow":["GET"]}}],"collection":[{"href":"https:\/\/feuerwehrwoerth.de\/index.php\/wp-json\/wp\/v2\/pages"}],"about":[{"href":"https:\/\/feuerwehrwoerth.de\/index.php\/wp-json\/wp\/v2\/types\/page"}],"author":[{"embeddable":true,"href":"https:\/\/feuerwehrwoerth.de\/index.php\/wp-json\/wp\/v2\/users\/7"}],"replies":[{"embeddable":true,"href":"https:\/\/feuerwehrwoerth.de\/index.php\/wp-json\/wp\/v2\/comments?post=8178"}],"version-history":[{"count":5,"href":"https:\/\/feuerwehrwoerth.de\/index.php\/wp-json\/wp\/v2\/pages\/8178\/revisions"}],"predecessor-version":[{"id":8959,"href":"https:\/\/feuerwehrwoerth.de\/index.php\/wp-json\/wp\/v2\/pages\/8178\/revisions\/8959"}],"up":[{"embeddable":true,"href":"https:\/\/feuerwehrwoerth.de\/index.php\/wp-json\/wp\/v2\/pages\/8165"}],"wp:attachment":[{"href":"https:\/\/feuerwehrwoerth.de\/index.php\/wp-json\/wp\/v2\/media?parent=8178"}],"curies":[{"name":"wp","href":"https:\/\/api.w.org\/{rel}","templated":true}]}}