{"id":8191,"date":"2026-03-26T18:46:08","date_gmt":"2026-03-26T17:46:08","guid":{"rendered":"https:\/\/feuerwehrwoerth.de\/?page_id=8191"},"modified":"2026-03-31T16:06:32","modified_gmt":"2026-03-31T14:06:32","slug":"neuigkeiten-aus-buechelberg","status":"publish","type":"page","link":"https:\/\/feuerwehrwoerth.de\/index.php\/ueber-uns\/einheit-buechelberg\/neuigkeiten-aus-buechelberg\/","title":{"rendered":"Neuigkeiten aus B\u00fcchelberg"},"content":{"rendered":"\n\t\t\t<div class=\"display-post-types\">\n\n\t\t\t\t\t\t\t\n\t\t\t\t\t\t\n\t\t\t\t<div id=\"dpt-wrapper-159\" class=\"dpt-wrapper dpt-grid1 multi-col dpt-mason-wrap\" >\n\n\t\t\t\t\t\t\t\t\t\t\t<div class=\"dpt-entry has-thumbnail\" data-title=\"test news aus b\u00fcchelberg\" data-id=\"8531\"  data-category=\"einheit b\u00fcchelberg\">\n\t\t\t\t\t\t\t<div class=\"dpt-entry-wrapper\"><div class=\" dpt-featured-content\"><div class=\" dpt-permalink\"><a href=\"https:\/\/feuerwehrwoerth.de\/index.php\/2020\/01\/02\/test-news-aus-buechelberg\/\" class=\"dpt-permalink\"><span class=\"screen-reader-text\">Test News aus B\u00fcchelberg<\/span><\/a><\/div><div class=\" dpt-thumbnail\"><div class=\"dpt-thumbnail-inner\"><img width=\"750\" height=\"410\" class=\"attachment-full size-full\" alt=\"\" context=\"dpt\" data-dpt-src=\"https:\/\/feuerwehrwoerth.de\/wp-content\/uploads\/2024\/03\/presse_Artikelbild.png\" data-dpt-sizes=\"(max-width: 750px) 100vw, 750px\" data-dpt-srcset=\"https:\/\/feuerwehrwoerth.de\/wp-content\/uploads\/2024\/03\/presse_Artikelbild.png 750w, https:\/\/feuerwehrwoerth.de\/wp-content\/uploads\/2024\/03\/presse_Artikelbild-300x164.png 300w, https:\/\/feuerwehrwoerth.de\/wp-content\/uploads\/2024\/03\/presse_Artikelbild-500x273.png 500w\" \/><\/div><span class=\"dpt-thumbnail-aspect-ratio\" style=\"padding-top: 55%\"><\/span><\/div><\/div><div class=\" sub-entry\"><h3 class=\" dpt-title\"><a class=\"dpt-title-link\" href=\"https:\/\/feuerwehrwoerth.de\/index.php\/2020\/01\/02\/test-news-aus-buechelberg\/\" rel=\"bookmark\">Test News aus B\u00fcchelberg<\/a><\/h3><\/div><\/div>\n\t\t\t\t\t\t<\/div><!-- .dpt-entry -->\n\t\t\t\t\t\t\n\t\t\t\t<\/div>\n\t\t\t<div class=\"dp-pagination\"><\/div>\t\t\t<\/div>\n\t\t\t<style class=\"advgb-styles-renderer\">\n\t\t\t#dpt-wrapper-159 { --dpt-text-align: left;--dpt-image-crop: center;--dpt-border-radius: 5px;--dpt-small-grid-column: 33.33%;--dpt-large-grid-column: 33.333333333333%;--dpt-h-gutter: 10px;--dpt-v-gutter: 10px; }\t\t\t#dpt-wrapper-159 { --dpt-title-font-style:normal;--dpt-title-font-weight:600;--dpt-title-line-height:1.5;--dpt-title-text-decoration:none;--dpt-title-text-transform:none;--dpt-excerpt-font-style:normal;--dpt-excerpt-font-weight:400;--dpt-excerpt-line-height:1.5;--dpt-excerpt-text-decoration:none;--dpt-excerpt-text-transform:none;--dpt-meta1-font-style:normal;--dpt-meta1-font-weight:400;--dpt-meta1-line-height:1.9;--dpt-meta1-text-decoration:none;--dpt-meta1-text-transform:none;--dpt-meta2-font-style:normal;--dpt-meta2-font-weight:400;--dpt-meta2-line-height:1.9;--dpt-meta2-text-decoration:none;--dpt-meta2-text-transform:none; }<\/style>","protected":false},"excerpt":{"rendered":"","protected":false},"author":8,"featured_media":0,"parent":8189,"menu_order":0,"comment_status":"closed","ping_status":"closed","template":"","meta":{"advgb_blocks_editor_width":"","advgb_blocks_columns_visual_guide":"","ngg_post_thumbnail":0,"footnotes":""},"class_list":["post-8191","page","type-page","status-publish","hentry"],"coauthors":[],"author_meta":{"author_link":"https:\/\/feuerwehrwoerth.de\/index.php\/author\/woerth400\/","display_name":"Einheit B\u00fcchelberg"},"relative_dates":{"created":"Posted 2\u00a0Monaten ago","modified":"Updated 2\u00a0Monaten ago"},"absolute_dates":{"created":"Posted on 26. M\u00e4rz 2026","modified":"Updated on 31. M\u00e4rz 2026"},"absolute_dates_time":{"created":"Posted on 26. M\u00e4rz 2026 18:46","modified":"Updated on 31. M\u00e4rz 2026 16:06"},"featured_img_caption":"","featured_img":false,"series_order":"","jetpack_sharing_enabled":true,"_links":{"self":[{"href":"https:\/\/feuerwehrwoerth.de\/index.php\/wp-json\/wp\/v2\/pages\/8191","targetHints":{"allow":["GET"]}}],"collection":[{"href":"https:\/\/feuerwehrwoerth.de\/index.php\/wp-json\/wp\/v2\/pages"}],"about":[{"href":"https:\/\/feuerwehrwoerth.de\/index.php\/wp-json\/wp\/v2\/types\/page"}],"author":[{"embeddable":true,"href":"https:\/\/feuerwehrwoerth.de\/index.php\/wp-json\/wp\/v2\/users\/8"}],"replies":[{"embeddable":true,"href":"https:\/\/feuerwehrwoerth.de\/index.php\/wp-json\/wp\/v2\/comments?post=8191"}],"version-history":[{"count":3,"href":"https:\/\/feuerwehrwoerth.de\/index.php\/wp-json\/wp\/v2\/pages\/8191\/revisions"}],"predecessor-version":[{"id":8535,"href":"https:\/\/feuerwehrwoerth.de\/index.php\/wp-json\/wp\/v2\/pages\/8191\/revisions\/8535"}],"up":[{"embeddable":true,"href":"https:\/\/feuerwehrwoerth.de\/index.php\/wp-json\/wp\/v2\/pages\/8189"}],"wp:attachment":[{"href":"https:\/\/feuerwehrwoerth.de\/index.php\/wp-json\/wp\/v2\/media?parent=8191"}],"curies":[{"name":"wp","href":"https:\/\/api.w.org\/{rel}","templated":true}]}}