{"id":8205,"date":"2026-03-26T18:49:41","date_gmt":"2026-03-26T17:49:41","guid":{"rendered":"https:\/\/feuerwehrwoerth.de\/?page_id=8205"},"modified":"2026-03-31T21:46:59","modified_gmt":"2026-03-31T19:46:59","slug":"florian-woerth-4-19-1-mtf-2008","status":"publish","type":"page","link":"https:\/\/feuerwehrwoerth.de\/index.php\/ueber-uns\/einheit-buechelberg\/fahrzeuge-buechelberg\/florian-woerth-4-19-1-mtf-2008\/","title":{"rendered":"Florian W\u00f6rth 4\/19\/1 \u2013 MTF (2008)"},"content":{"rendered":"\n<h2 class=\"wp-block-heading\">Fahrzeug-Steckbrief<\/h2>\n\n\n\n<figure class=\"wp-block-table is-style-stripes\"><table  class=\" table table-hover\" ><tbody><tr><td>Fahrzeugtyp<\/td><td>Mannschaftstransportfahrzeug (MTF)<\/td><\/tr><tr><td>Fahrzeughersteller<\/td><td>Mercedes-Benz<\/td><\/tr><tr><td>Modell<\/td><td>Sprinter 315 CDI<\/td><\/tr><tr><td>Leistung<\/td><td>110 kW<\/td><\/tr><tr><td>Hubraum<\/td><td>2.148 ccm<\/td><\/tr><tr><td>Ma\u00dfe (LxBxH)<\/td><td>5.910 x 1.993 x 2.520 mm<\/td><\/tr><tr><td>Gewicht (zGG)<\/td><td>3.500 kg<\/td><\/tr><tr><td>Aufbau<\/td><td>Sch\u00e4fer<\/td><\/tr><tr><td>Baujahr<\/td><td>2008<\/td><\/tr><tr><td>Funkrufname<\/td><td>Florian W\u00f6rth 4\/19\/1<\/td><\/tr><tr><td>Besatzung<\/td><td>Gruppe (0\/1\/8\/9)<\/td><\/tr><tr><td>Einsatzgebiet<\/td><td>Mannschaftstransport, Transport kleinerer Materialien<\/td><\/tr><\/tbody><\/table><\/figure>\n\n\n\n<div class=\"wp-block-group\"><div class=\"wp-block-group__inner-container is-layout-flow wp-block-group-is-layout-flow\">\n<div class=\"wp-block-columns is-layout-flex wp-container-core-columns-is-layout-9d6595d7 wp-block-columns-is-layout-flex\">\n<div class=\"wp-block-column is-layout-flow wp-block-column-is-layout-flow\"><\/div>\n\n\n\n<div class=\"wp-block-column is-layout-flow wp-block-column-is-layout-flow\"><\/div>\n<\/div>\n<\/div><\/div>\n\n\n","protected":false},"excerpt":{"rendered":"<p>Fahrzeug-Steckbrief Fahrzeugtyp Mannschaftstransportfahrzeug (MTF) Fahrzeughersteller Mercedes-Benz Modell Sprinter 315 CDI Leistung 110 kW Hubraum 2.148 ccm Ma\u00dfe (LxBxH) 5.910 x 1.993 x 2.520 mm Gewicht (zGG) 3.500 kg Aufbau Sch\u00e4fer Baujahr 2008 Funkrufname Florian W\u00f6rth 4\/19\/1 Besatzung Gruppe (0\/1\/8\/9) Einsatzgebiet Mannschaftstransport, Transport kleinerer Materialien<\/p>\n","protected":false},"author":8,"featured_media":8592,"parent":8199,"menu_order":0,"comment_status":"closed","ping_status":"closed","template":"","meta":{"advgb_blocks_editor_width":"","advgb_blocks_columns_visual_guide":"","ngg_post_thumbnail":0,"footnotes":""},"class_list":["post-8205","page","type-page","status-publish","has-post-thumbnail","hentry"],"coauthors":[],"author_meta":{"author_link":"https:\/\/feuerwehrwoerth.de\/index.php\/author\/woerth400\/","display_name":"Einheit B\u00fcchelberg"},"relative_dates":{"created":"Posted 2\u00a0Monaten ago","modified":"Updated 2\u00a0Monaten ago"},"absolute_dates":{"created":"Posted on 26. M\u00e4rz 2026","modified":"Updated on 31. M\u00e4rz 2026"},"absolute_dates_time":{"created":"Posted on 26. M\u00e4rz 2026 18:49","modified":"Updated on 31. M\u00e4rz 2026 21:46"},"featured_img_caption":"","featured_img":"https:\/\/feuerwehrwoerth.de\/wp-content\/uploads\/2026\/03\/WhatsApp-Image-2026-03-31-at-19.56.52-copy.jpeg","series_order":"","jetpack_sharing_enabled":true,"_links":{"self":[{"href":"https:\/\/feuerwehrwoerth.de\/index.php\/wp-json\/wp\/v2\/pages\/8205","targetHints":{"allow":["GET"]}}],"collection":[{"href":"https:\/\/feuerwehrwoerth.de\/index.php\/wp-json\/wp\/v2\/pages"}],"about":[{"href":"https:\/\/feuerwehrwoerth.de\/index.php\/wp-json\/wp\/v2\/types\/page"}],"author":[{"embeddable":true,"href":"https:\/\/feuerwehrwoerth.de\/index.php\/wp-json\/wp\/v2\/users\/8"}],"replies":[{"embeddable":true,"href":"https:\/\/feuerwehrwoerth.de\/index.php\/wp-json\/wp\/v2\/comments?post=8205"}],"version-history":[{"count":7,"href":"https:\/\/feuerwehrwoerth.de\/index.php\/wp-json\/wp\/v2\/pages\/8205\/revisions"}],"predecessor-version":[{"id":8598,"href":"https:\/\/feuerwehrwoerth.de\/index.php\/wp-json\/wp\/v2\/pages\/8205\/revisions\/8598"}],"up":[{"embeddable":true,"href":"https:\/\/feuerwehrwoerth.de\/index.php\/wp-json\/wp\/v2\/pages\/8199"}],"wp:featuredmedia":[{"embeddable":true,"href":"https:\/\/feuerwehrwoerth.de\/index.php\/wp-json\/wp\/v2\/media\/8592"}],"wp:attachment":[{"href":"https:\/\/feuerwehrwoerth.de\/index.php\/wp-json\/wp\/v2\/media?parent=8205"}],"curies":[{"name":"wp","href":"https:\/\/api.w.org\/{rel}","templated":true}]}}