{"id":8207,"date":"2026-03-26T18:50:17","date_gmt":"2026-03-26T17:50:17","guid":{"rendered":"https:\/\/feuerwehrwoerth.de\/?page_id=8207"},"modified":"2026-03-31T21:43:55","modified_gmt":"2026-03-31T19:43:55","slug":"florian-woerth-4-45-1-hlf-10-2024","status":"publish","type":"page","link":"https:\/\/feuerwehrwoerth.de\/index.php\/ueber-uns\/einheit-buechelberg\/fahrzeuge-buechelberg\/florian-woerth-4-45-1-hlf-10-2024\/","title":{"rendered":"Florian W\u00f6rth 4\/45\/1 \u2013 HLF 10 (2023)"},"content":{"rendered":"\n<h2 class=\"wp-block-heading\">Fahrzeug-Steckbrief<\/h2>\n\n\n\n<div class=\"wp-block-group\"><div class=\"wp-block-group__inner-container is-layout-flow wp-block-group-is-layout-flow\">\n<div class=\"wp-block-columns is-layout-flex wp-container-core-columns-is-layout-9d6595d7 wp-block-columns-is-layout-flex\">\n<div class=\"wp-block-column is-layout-flow wp-block-column-is-layout-flow\" style=\"flex-basis:100%\">\n<div class=\"wp-block-group\"><div class=\"wp-block-group__inner-container is-layout-flow wp-block-group-is-layout-flow\">\n<figure class=\"wp-block-table is-style-stripes\"><table  class=\" table table-hover\" ><tbody><tr><td>Fahrzeugtyp<\/td><td>Hilfeleistungsl\u00f6schgruppenfahrzeug (HLF) 10<\/td><\/tr><tr><td>Fahrzeughersteller<\/td><td>Mercedes-Benz<\/td><\/tr><tr><td>Modell<\/td><td>Atego 1530<\/td><\/tr><tr><td>Leistung<\/td><td><\/td><\/tr><tr><td>Hubraum<\/td><td><\/td><\/tr><tr><td>Ma\u00dfe (LxBxH)<\/td><td><\/td><\/tr><tr><td>Gewicht (zGG)<\/td><td><\/td><\/tr><tr><td>Aufbau<\/td><td>Rosenbauer<\/td><\/tr><tr><td>Baujahr<\/td><td>2023<\/td><\/tr><tr><td>Funkrufname<\/td><td>Florian W\u00f6rth 4\/45-1<\/td><\/tr><tr><td>Besatzung<\/td><td>Gruppe (0\/1\/8\/<u>9<\/u>)<\/td><\/tr><tr><td>Einsatzgebiet<\/td><td>Brandbek\u00e4mpfung und Technische Hilfeleistung<\/td><\/tr><tr><td>Tank<\/td><td>2000 Liter Wasser<\/td><\/tr><tr><td>Pumpe<\/td><td><\/td><\/tr><\/tbody><\/table><\/figure>\n<\/div><\/div>\n<\/div>\n<\/div>\n<\/div><\/div>\n\n\n\nngg_shortcode_0_placeholder\n","protected":false},"excerpt":{"rendered":"<p>Fahrzeug-Steckbrief Fahrzeugtyp Hilfeleistungsl\u00f6schgruppenfahrzeug (HLF) 10 Fahrzeughersteller Mercedes-Benz Modell Atego 1530 Leistung Hubraum Ma\u00dfe (LxBxH) Gewicht (zGG) Aufbau Rosenbauer Baujahr 2023 Funkrufname Florian W\u00f6rth 4\/45-1 Besatzung Gruppe (0\/1\/8\/9) Einsatzgebiet Brandbek\u00e4mpfung und Technische Hilfeleistung Tank 2000 Liter Wasser Pumpe<\/p>\n","protected":false},"author":8,"featured_media":8596,"parent":8199,"menu_order":0,"comment_status":"closed","ping_status":"closed","template":"","meta":{"advgb_blocks_editor_width":"","advgb_blocks_columns_visual_guide":"","ngg_post_thumbnail":0,"footnotes":""},"class_list":["post-8207","page","type-page","status-publish","has-post-thumbnail","hentry"],"coauthors":[],"author_meta":{"author_link":"https:\/\/feuerwehrwoerth.de\/index.php\/author\/woerth400\/","display_name":"Einheit B\u00fcchelberg"},"relative_dates":{"created":"Posted 2\u00a0Monaten ago","modified":"Updated 1\u00a0Monat ago"},"absolute_dates":{"created":"Posted on 26. M\u00e4rz 2026","modified":"Updated on 31. M\u00e4rz 2026"},"absolute_dates_time":{"created":"Posted on 26. M\u00e4rz 2026 18:50","modified":"Updated on 31. M\u00e4rz 2026 21:43"},"featured_img_caption":"","featured_img":"https:\/\/feuerwehrwoerth.de\/wp-content\/uploads\/2026\/03\/WhatsApp-Image-2026-03-31-at-19.59.40-copy.jpeg","series_order":"","jetpack_sharing_enabled":true,"_links":{"self":[{"href":"https:\/\/feuerwehrwoerth.de\/index.php\/wp-json\/wp\/v2\/pages\/8207","targetHints":{"allow":["GET"]}}],"collection":[{"href":"https:\/\/feuerwehrwoerth.de\/index.php\/wp-json\/wp\/v2\/pages"}],"about":[{"href":"https:\/\/feuerwehrwoerth.de\/index.php\/wp-json\/wp\/v2\/types\/page"}],"author":[{"embeddable":true,"href":"https:\/\/feuerwehrwoerth.de\/index.php\/wp-json\/wp\/v2\/users\/8"}],"replies":[{"embeddable":true,"href":"https:\/\/feuerwehrwoerth.de\/index.php\/wp-json\/wp\/v2\/comments?post=8207"}],"version-history":[{"count":3,"href":"https:\/\/feuerwehrwoerth.de\/index.php\/wp-json\/wp\/v2\/pages\/8207\/revisions"}],"predecessor-version":[{"id":8591,"href":"https:\/\/feuerwehrwoerth.de\/index.php\/wp-json\/wp\/v2\/pages\/8207\/revisions\/8591"}],"up":[{"embeddable":true,"href":"https:\/\/feuerwehrwoerth.de\/index.php\/wp-json\/wp\/v2\/pages\/8199"}],"wp:featuredmedia":[{"embeddable":true,"href":"https:\/\/feuerwehrwoerth.de\/index.php\/wp-json\/wp\/v2\/media\/8596"}],"wp:attachment":[{"href":"https:\/\/feuerwehrwoerth.de\/index.php\/wp-json\/wp\/v2\/media?parent=8207"}],"curies":[{"name":"wp","href":"https:\/\/api.w.org\/{rel}","templated":true}]}}