{"id":8208,"date":"2026-03-26T18:50:38","date_gmt":"2026-03-26T17:50:38","guid":{"rendered":"https:\/\/feuerwehrwoerth.de\/?page_id=8208"},"modified":"2026-03-31T16:07:11","modified_gmt":"2026-03-31T14:07:11","slug":"neuigkeiten","status":"publish","type":"page","link":"https:\/\/feuerwehrwoerth.de\/index.php\/ueber-uns\/maximiliansau\/neuigkeiten\/","title":{"rendered":"Neuigkeiten aus Maximiliansau"},"content":{"rendered":"\n\t\t\t<div class=\"display-post-types\">\n\n\t\t\t\t\t\t\t\n\t\t\t\t\t\t\n\t\t\t\t<div id=\"dpt-wrapper-588\" class=\"dpt-wrapper dpt-grid1 multi-col dpt-mason-wrap\" >\n\n\t\t\t\t\t\t\t\t\t\t\t<div class=\"dpt-entry has-thumbnail\" data-title=\"gemeinschaft, engagement und ein herzliches dankesch\u00f6n\" data-id=\"9195\"  data-category=\"allgemein maximiliansau\">\n\t\t\t\t\t\t\t<div class=\"dpt-entry-wrapper\"><div class=\" dpt-featured-content\"><div class=\" dpt-permalink\"><a href=\"https:\/\/feuerwehrwoerth.de\/index.php\/2026\/04\/15\/gemeinschaft-engagement-und-ein-herzliches-dankeschoen-foerderverein-uebergibt-feuerwehrautos-an-kindergaerten\/\" class=\"dpt-permalink\"><span class=\"screen-reader-text\">Gemeinschaft, Engagement und ein herzliches Dankesch\u00f6n<\/span><\/a><\/div><div class=\" dpt-thumbnail\"><div class=\"dpt-thumbnail-inner\"><img width=\"2560\" height=\"1920\" class=\"attachment-full size-full\" alt=\"\" context=\"dpt\" data-dpt-src=\"https:\/\/feuerwehrwoerth.de\/wp-content\/uploads\/2026\/04\/efc88f0e-1c2f-4fe4-b25c-5cc0d081041d-scaled.jpeg\" data-dpt-sizes=\"(max-width: 2560px) 100vw, 2560px\" data-dpt-srcset=\"https:\/\/feuerwehrwoerth.de\/wp-content\/uploads\/2026\/04\/efc88f0e-1c2f-4fe4-b25c-5cc0d081041d-scaled.jpeg 2560w, https:\/\/feuerwehrwoerth.de\/wp-content\/uploads\/2026\/04\/efc88f0e-1c2f-4fe4-b25c-5cc0d081041d-300x225.jpeg 300w, https:\/\/feuerwehrwoerth.de\/wp-content\/uploads\/2026\/04\/efc88f0e-1c2f-4fe4-b25c-5cc0d081041d-1024x768.jpeg 1024w, https:\/\/feuerwehrwoerth.de\/wp-content\/uploads\/2026\/04\/efc88f0e-1c2f-4fe4-b25c-5cc0d081041d-768x576.jpeg 768w, https:\/\/feuerwehrwoerth.de\/wp-content\/uploads\/2026\/04\/efc88f0e-1c2f-4fe4-b25c-5cc0d081041d-1536x1152.jpeg 1536w, https:\/\/feuerwehrwoerth.de\/wp-content\/uploads\/2026\/04\/efc88f0e-1c2f-4fe4-b25c-5cc0d081041d-2048x1536.jpeg 2048w, https:\/\/feuerwehrwoerth.de\/wp-content\/uploads\/2026\/04\/efc88f0e-1c2f-4fe4-b25c-5cc0d081041d-500x375.jpeg 500w, https:\/\/feuerwehrwoerth.de\/wp-content\/uploads\/2026\/04\/efc88f0e-1c2f-4fe4-b25c-5cc0d081041d-800x600.jpeg 800w, https:\/\/feuerwehrwoerth.de\/wp-content\/uploads\/2026\/04\/efc88f0e-1c2f-4fe4-b25c-5cc0d081041d-1280x960.jpeg 1280w, https:\/\/feuerwehrwoerth.de\/wp-content\/uploads\/2026\/04\/efc88f0e-1c2f-4fe4-b25c-5cc0d081041d-1920x1440.jpeg 1920w\" \/><\/div><span class=\"dpt-thumbnail-aspect-ratio\" style=\"padding-top: 75%\"><\/span><\/div><\/div><div class=\" sub-entry\"><h3 class=\" dpt-title\"><a class=\"dpt-title-link\" href=\"https:\/\/feuerwehrwoerth.de\/index.php\/2026\/04\/15\/gemeinschaft-engagement-und-ein-herzliches-dankeschoen-foerderverein-uebergibt-feuerwehrautos-an-kindergaerten\/\" rel=\"bookmark\">Gemeinschaft, Engagement und ein herzliches Dankesch\u00f6n<\/a><\/h3><\/div><\/div>\n\t\t\t\t\t\t<\/div><!-- .dpt-entry -->\n\t\t\t\t\t\t\t\t\t\t\t\t<div class=\"dpt-entry has-thumbnail\" data-title=\"test news aus maximiliansau\" data-id=\"8533\"  data-category=\"einheit maximiliansau\">\n\t\t\t\t\t\t\t<div class=\"dpt-entry-wrapper\"><div class=\" dpt-featured-content\"><div class=\" dpt-permalink\"><a href=\"https:\/\/feuerwehrwoerth.de\/index.php\/2020\/01\/02\/test-news-aus-maximiliansau\/\" class=\"dpt-permalink\"><span class=\"screen-reader-text\">Test News aus Maximiliansau<\/span><\/a><\/div><div class=\" dpt-thumbnail\"><div class=\"dpt-thumbnail-inner\"><img width=\"750\" height=\"410\" class=\"attachment-full size-full\" alt=\"\" context=\"dpt\" data-dpt-src=\"https:\/\/feuerwehrwoerth.de\/wp-content\/uploads\/2024\/03\/presse_Artikelbild.png\" data-dpt-sizes=\"(max-width: 750px) 100vw, 750px\" data-dpt-srcset=\"https:\/\/feuerwehrwoerth.de\/wp-content\/uploads\/2024\/03\/presse_Artikelbild.png 750w, https:\/\/feuerwehrwoerth.de\/wp-content\/uploads\/2024\/03\/presse_Artikelbild-300x164.png 300w, https:\/\/feuerwehrwoerth.de\/wp-content\/uploads\/2024\/03\/presse_Artikelbild-500x273.png 500w\" \/><\/div><span class=\"dpt-thumbnail-aspect-ratio\" style=\"padding-top: 55%\"><\/span><\/div><\/div><div class=\" sub-entry\"><h3 class=\" dpt-title\"><a class=\"dpt-title-link\" href=\"https:\/\/feuerwehrwoerth.de\/index.php\/2020\/01\/02\/test-news-aus-maximiliansau\/\" rel=\"bookmark\">Test News aus Maximiliansau<\/a><\/h3><\/div><\/div>\n\t\t\t\t\t\t<\/div><!-- .dpt-entry -->\n\t\t\t\t\t\t\n\t\t\t\t<\/div>\n\t\t\t<div class=\"dp-pagination\"><\/div>\t\t\t<\/div>\n\t\t\t<style class=\"advgb-styles-renderer\">\n\t\t\t#dpt-wrapper-588 { --dpt-text-align: left;--dpt-image-crop: center;--dpt-border-radius: 5px;--dpt-small-grid-column: 33.33%;--dpt-large-grid-column: 33.333333333333%;--dpt-h-gutter: 10px;--dpt-v-gutter: 10px; }\t\t\t#dpt-wrapper-588 { --dpt-title-font-style:normal;--dpt-title-font-weight:600;--dpt-title-line-height:1.5;--dpt-title-text-decoration:none;--dpt-title-text-transform:none;--dpt-excerpt-font-style:normal;--dpt-excerpt-font-weight:400;--dpt-excerpt-line-height:1.5;--dpt-excerpt-text-decoration:none;--dpt-excerpt-text-transform:none;--dpt-meta1-font-style:normal;--dpt-meta1-font-weight:400;--dpt-meta1-line-height:1.9;--dpt-meta1-text-decoration:none;--dpt-meta1-text-transform:none;--dpt-meta2-font-style:normal;--dpt-meta2-font-weight:400;--dpt-meta2-line-height:1.9;--dpt-meta2-text-decoration:none;--dpt-meta2-text-transform:none; }<\/style>","protected":false},"excerpt":{"rendered":"","protected":false},"author":6,"featured_media":0,"parent":8158,"menu_order":0,"comment_status":"closed","ping_status":"closed","template":"","meta":{"advgb_blocks_editor_width":"","advgb_blocks_columns_visual_guide":"","ngg_post_thumbnail":0,"footnotes":""},"class_list":["post-8208","page","type-page","status-publish","hentry"],"coauthors":[],"author_meta":{"author_link":"https:\/\/feuerwehrwoerth.de\/index.php\/author\/woerth200\/","display_name":"Einheit Maximiliansau"},"relative_dates":{"created":"Posted 2\u00a0Monaten ago","modified":"Updated 2\u00a0Monaten ago"},"absolute_dates":{"created":"Posted on 26. M\u00e4rz 2026","modified":"Updated on 31. M\u00e4rz 2026"},"absolute_dates_time":{"created":"Posted on 26. M\u00e4rz 2026 18:50","modified":"Updated on 31. M\u00e4rz 2026 16:07"},"featured_img_caption":"","featured_img":false,"series_order":"","jetpack_sharing_enabled":true,"_links":{"self":[{"href":"https:\/\/feuerwehrwoerth.de\/index.php\/wp-json\/wp\/v2\/pages\/8208","targetHints":{"allow":["GET"]}}],"collection":[{"href":"https:\/\/feuerwehrwoerth.de\/index.php\/wp-json\/wp\/v2\/pages"}],"about":[{"href":"https:\/\/feuerwehrwoerth.de\/index.php\/wp-json\/wp\/v2\/types\/page"}],"author":[{"embeddable":true,"href":"https:\/\/feuerwehrwoerth.de\/index.php\/wp-json\/wp\/v2\/users\/6"}],"replies":[{"embeddable":true,"href":"https:\/\/feuerwehrwoerth.de\/index.php\/wp-json\/wp\/v2\/comments?post=8208"}],"version-history":[{"count":3,"href":"https:\/\/feuerwehrwoerth.de\/index.php\/wp-json\/wp\/v2\/pages\/8208\/revisions"}],"predecessor-version":[{"id":8536,"href":"https:\/\/feuerwehrwoerth.de\/index.php\/wp-json\/wp\/v2\/pages\/8208\/revisions\/8536"}],"up":[{"embeddable":true,"href":"https:\/\/feuerwehrwoerth.de\/index.php\/wp-json\/wp\/v2\/pages\/8158"}],"wp:attachment":[{"href":"https:\/\/feuerwehrwoerth.de\/index.php\/wp-json\/wp\/v2\/media?parent=8208"}],"curies":[{"name":"wp","href":"https:\/\/api.w.org\/{rel}","templated":true}]}}