{"id":8211,"date":"2026-03-26T18:54:40","date_gmt":"2026-03-26T17:54:40","guid":{"rendered":"https:\/\/feuerwehrwoerth.de\/?page_id=8211"},"modified":"2026-03-31T18:57:46","modified_gmt":"2026-03-31T16:57:46","slug":"2-44-1-lf-10-6-2005","status":"publish","type":"page","link":"https:\/\/feuerwehrwoerth.de\/index.php\/ueber-uns\/maximiliansau\/fahrzeuge-maximiliansau\/2-44-1-lf-10-6-2005\/","title":{"rendered":"Florian W\u00f6rth 2\/44\/1 &#8211; LF 10\/6 (2005)"},"content":{"rendered":"\n<figure class=\"wp-block-image size-large\"><img loading=\"lazy\" decoding=\"async\" width=\"1024\" height=\"682\" src=\"https:\/\/feuerwehrwoerth.de\/wp-content\/uploads\/2026\/03\/Bild_2025-10-31_173203479-1024x682.png\" alt=\"\" class=\"wp-image-8462\" srcset=\"https:\/\/feuerwehrwoerth.de\/wp-content\/uploads\/2026\/03\/Bild_2025-10-31_173203479-1024x682.png 1024w, https:\/\/feuerwehrwoerth.de\/wp-content\/uploads\/2026\/03\/Bild_2025-10-31_173203479-300x200.png 300w, https:\/\/feuerwehrwoerth.de\/wp-content\/uploads\/2026\/03\/Bild_2025-10-31_173203479-768x512.png 768w, https:\/\/feuerwehrwoerth.de\/wp-content\/uploads\/2026\/03\/Bild_2025-10-31_173203479-1536x1024.png 1536w, https:\/\/feuerwehrwoerth.de\/wp-content\/uploads\/2026\/03\/Bild_2025-10-31_173203479-500x333.png 500w, https:\/\/feuerwehrwoerth.de\/wp-content\/uploads\/2026\/03\/Bild_2025-10-31_173203479-800x533.png 800w, https:\/\/feuerwehrwoerth.de\/wp-content\/uploads\/2026\/03\/Bild_2025-10-31_173203479-1280x853.png 1280w, https:\/\/feuerwehrwoerth.de\/wp-content\/uploads\/2026\/03\/Bild_2025-10-31_173203479-1920x1280.png 1920w, https:\/\/feuerwehrwoerth.de\/wp-content\/uploads\/2026\/03\/Bild_2025-10-31_173203479.png 2000w\" sizes=\"auto, (max-width: 1024px) 100vw, 1024px\" \/><\/figure>\n\n\n\n<h2 class=\"wp-block-heading\">Fahrzeug-Steckbrief<\/h2>\n\n\n\n<div class=\"wp-block-group\"><div class=\"wp-block-group__inner-container is-layout-flow wp-block-group-is-layout-flow\">\n<div class=\"wp-block-columns is-layout-flex wp-container-core-columns-is-layout-9d6595d7 wp-block-columns-is-layout-flex\">\n<div class=\"wp-block-column is-layout-flow wp-block-column-is-layout-flow\" style=\"flex-basis:100%\">\n<div class=\"wp-block-group\"><div class=\"wp-block-group__inner-container is-layout-flow wp-block-group-is-layout-flow\">\n<figure class=\"wp-block-table is-style-stripes\"><table  class=\" table table-hover\" ><tbody><tr><td>Fahrzeugtyp<\/td><td>L\u00f6schgruppenfahrzeug (LF) 10\/6<\/td><\/tr><tr><td>Fahrzeughersteller<\/td><td>Mercedes-Benz<\/td><\/tr><tr><td>Modell<\/td><td>Atego 1329<\/td><\/tr><tr><td>Leistung<\/td><td>130 kW<\/td><\/tr><tr><td>Hubraum<\/td><td>4.249 ccm<\/td><\/tr><tr><td>Ma\u00dfe (LxBxH)<\/td><td>6.800 x 2.400 x 2.900 mm<\/td><\/tr><tr><td>Gewicht (zGG)<\/td><td>8.600 kg<\/td><\/tr><tr><td>Aufbau<\/td><td>Rosenbauer<\/td><\/tr><tr><td>Baujahr<\/td><td>2005<\/td><\/tr><tr><td>Funkrufname<\/td><td>Florian W\u00f6rth 2\/44-1<\/td><\/tr><tr><td>Besatzung<\/td><td>Gruppe (0\/1\/8\/<u>9<\/u>)<\/td><\/tr><tr><td>Einsatzgebiet<\/td><td>Brandbek\u00e4mpfung und Technische Hilfeleistung<\/td><\/tr><tr><td>Tank<\/td><td>600 Liter Wasser<\/td><\/tr><tr><td>Pumpe<\/td><td>FPN 10-1000\u00a0(<a href=\"https:\/\/de.wikipedia.org\/wiki\/Feuerl%C3%B6schpumpe#Klassifizierung_von_Feuerl%C3%B6schpumpen\" target=\"_blank\" rel=\"noreferrer noopener\">Feuerl\u00f6schkreiselpumpe<\/a> f\u00fcr Normaldruck mit einem Nennf\u00f6rderstrom von 1.000\u00a0l\/min bei einem Nennf\u00f6rderdruck von 10\u00a0bar) <\/td><\/tr><\/tbody><\/table><\/figure>\n<\/div><\/div>\n<\/div>\n<\/div>\n<\/div><\/div>\n\n\n\nngg_shortcode_0_placeholder\n\n\n\n<div class=\"wp-block-group\"><div class=\"wp-block-group__inner-container is-layout-flow wp-block-group-is-layout-flow\">\n<div class=\"wp-block-columns is-layout-flex wp-container-core-columns-is-layout-9d6595d7 wp-block-columns-is-layout-flex\">\n<div class=\"wp-block-column is-layout-flow wp-block-column-is-layout-flow\" style=\"flex-basis:100%\"><\/div>\n<\/div>\n<\/div><\/div>\n","protected":false},"excerpt":{"rendered":"<p>Fahrzeug-Steckbrief Fahrzeugtyp L\u00f6schgruppenfahrzeug (LF) 10\/6 Fahrzeughersteller Mercedes-Benz Modell Atego 1329 Leistung 130 kW Hubraum 4.249 ccm Ma\u00dfe (LxBxH) 6.800 x 2.400 x 2.900 mm Gewicht (zGG) 8.600 kg Aufbau Rosenbauer Baujahr 2005 Funkrufname Florian W\u00f6rth 2\/44-1 Besatzung Gruppe (0\/1\/8\/9) Einsatzgebiet Brandbek\u00e4mpfung und Technische Hilfeleistung Tank 600 Liter Wasser Pumpe FPN 10-1000\u00a0(Feuerl\u00f6schkreiselpumpe f\u00fcr Normaldruck mit einem [&hellip;]<\/p>\n","protected":false},"author":6,"featured_media":0,"parent":8216,"menu_order":0,"comment_status":"closed","ping_status":"closed","template":"","meta":{"advgb_blocks_editor_width":"","advgb_blocks_columns_visual_guide":"","ngg_post_thumbnail":0,"footnotes":""},"class_list":["post-8211","page","type-page","status-publish","hentry"],"coauthors":[],"author_meta":{"author_link":"https:\/\/feuerwehrwoerth.de\/index.php\/author\/woerth200\/","display_name":"Einheit Maximiliansau"},"relative_dates":{"created":"Posted 2\u00a0Monaten ago","modified":"Updated 2\u00a0Monaten ago"},"absolute_dates":{"created":"Posted on 26. M\u00e4rz 2026","modified":"Updated on 31. M\u00e4rz 2026"},"absolute_dates_time":{"created":"Posted on 26. M\u00e4rz 2026 18:54","modified":"Updated on 31. M\u00e4rz 2026 18:57"},"featured_img_caption":"","featured_img":false,"series_order":"","jetpack_sharing_enabled":true,"_links":{"self":[{"href":"https:\/\/feuerwehrwoerth.de\/index.php\/wp-json\/wp\/v2\/pages\/8211","targetHints":{"allow":["GET"]}}],"collection":[{"href":"https:\/\/feuerwehrwoerth.de\/index.php\/wp-json\/wp\/v2\/pages"}],"about":[{"href":"https:\/\/feuerwehrwoerth.de\/index.php\/wp-json\/wp\/v2\/types\/page"}],"author":[{"embeddable":true,"href":"https:\/\/feuerwehrwoerth.de\/index.php\/wp-json\/wp\/v2\/users\/6"}],"replies":[{"embeddable":true,"href":"https:\/\/feuerwehrwoerth.de\/index.php\/wp-json\/wp\/v2\/comments?post=8211"}],"version-history":[{"count":7,"href":"https:\/\/feuerwehrwoerth.de\/index.php\/wp-json\/wp\/v2\/pages\/8211\/revisions"}],"predecessor-version":[{"id":8555,"href":"https:\/\/feuerwehrwoerth.de\/index.php\/wp-json\/wp\/v2\/pages\/8211\/revisions\/8555"}],"up":[{"embeddable":true,"href":"https:\/\/feuerwehrwoerth.de\/index.php\/wp-json\/wp\/v2\/pages\/8216"}],"wp:attachment":[{"href":"https:\/\/feuerwehrwoerth.de\/index.php\/wp-json\/wp\/v2\/media?parent=8211"}],"curies":[{"name":"wp","href":"https:\/\/api.w.org\/{rel}","templated":true}]}}