{"id":8218,"date":"2026-03-26T19:01:19","date_gmt":"2026-03-26T18:01:19","guid":{"rendered":"https:\/\/feuerwehrwoerth.de\/?page_id=8218"},"modified":"2026-03-31T18:57:58","modified_gmt":"2026-03-31T16:57:58","slug":"2-48-1-lf-kats-2011","status":"publish","type":"page","link":"https:\/\/feuerwehrwoerth.de\/index.php\/ueber-uns\/maximiliansau\/fahrzeuge-maximiliansau\/2-48-1-lf-kats-2011\/","title":{"rendered":"Florian W\u00f6rth 2\/48\/1 &#8211; LF KatS (2011)"},"content":{"rendered":"\n<figure class=\"wp-block-image size-large\"><img loading=\"lazy\" decoding=\"async\" width=\"1024\" height=\"700\" src=\"https:\/\/feuerwehrwoerth.de\/wp-content\/uploads\/2026\/03\/IMG_9301-1024x700.jpg\" alt=\"\" class=\"wp-image-8501\" srcset=\"https:\/\/feuerwehrwoerth.de\/wp-content\/uploads\/2026\/03\/IMG_9301-1024x700.jpg 1024w, https:\/\/feuerwehrwoerth.de\/wp-content\/uploads\/2026\/03\/IMG_9301-300x205.jpg 300w, https:\/\/feuerwehrwoerth.de\/wp-content\/uploads\/2026\/03\/IMG_9301-768x525.jpg 768w, https:\/\/feuerwehrwoerth.de\/wp-content\/uploads\/2026\/03\/IMG_9301-1536x1049.jpg 1536w, https:\/\/feuerwehrwoerth.de\/wp-content\/uploads\/2026\/03\/IMG_9301-500x342.jpg 500w, https:\/\/feuerwehrwoerth.de\/wp-content\/uploads\/2026\/03\/IMG_9301-800x547.jpg 800w, https:\/\/feuerwehrwoerth.de\/wp-content\/uploads\/2026\/03\/IMG_9301-1280x875.jpg 1280w, https:\/\/feuerwehrwoerth.de\/wp-content\/uploads\/2026\/03\/IMG_9301-1920x1312.jpg 1920w, https:\/\/feuerwehrwoerth.de\/wp-content\/uploads\/2026\/03\/IMG_9301.jpg 1951w\" sizes=\"auto, (max-width: 1024px) 100vw, 1024px\" \/><\/figure>\n\n\n\n<h2 class=\"wp-block-heading\">Fahrzeug-Steckbrief<\/h2>\n\n\n\n<div class=\"wp-block-group\"><div class=\"wp-block-group__inner-container is-layout-flow wp-block-group-is-layout-flow\">\n<div class=\"wp-block-columns is-layout-flex wp-container-core-columns-is-layout-9d6595d7 wp-block-columns-is-layout-flex\">\n<div class=\"wp-block-column is-layout-flow wp-block-column-is-layout-flow\" style=\"flex-basis:100%\">\n<div class=\"wp-block-group\"><div class=\"wp-block-group__inner-container is-layout-flow wp-block-group-is-layout-flow\">\n<figure class=\"wp-block-table is-style-stripes\"><table  class=\" table table-hover\" ><tbody><tr><td>Fahrzeugtyp<\/td><td>L\u00f6schgruppenfahrzeug Katastrophenschutz (LF KatS)<\/td><\/tr><tr><td>Fahrzeughersteller<\/td><td>MAN<\/td><\/tr><tr><td>Modell<\/td><td>TGM 13.250 4\u00d74 BL<\/td><\/tr><tr><td>Leistung<\/td><td>184 kW<\/td><\/tr><tr><td>Hubraum<\/td><td>6.871 ccm<\/td><\/tr><tr><td>Ma\u00dfe (LxBxH)<\/td><td>7.360 x 2.520 x 3.280 mm<\/td><\/tr><tr><td>Gewicht (zGG)<\/td><td>14.000 kg<\/td><\/tr><tr><td>Aufbau<\/td><td>Lentner<\/td><\/tr><tr><td>Baujahr<\/td><td>2011<\/td><\/tr><tr><td>Funkrufname<\/td><td>Florian W\u00f6rth 2\/48<\/td><\/tr><tr><td>Besatzung<\/td><td>Gruppe (0\/1\/8\/<u>9<\/u>)<\/td><\/tr><tr><td>Einsatzgebiet<\/td><td>Brandbek\u00e4mpfung und Wasserf\u00f6rderung \/ -transport<\/td><\/tr><tr><td>Tank<\/td><td>1.000 Liter Wasser<\/td><\/tr><tr><td>Pumpe<\/td><td>FPN 10-2000\u00a0(<a href=\"https:\/\/de.wikipedia.org\/wiki\/Feuerl%C3%B6schpumpe#Klassifizierung_von_Feuerl%C3%B6schpumpen\" target=\"_blank\" rel=\"noreferrer noopener\">Feuerl\u00f6schkreiselpumpe<\/a> f\u00fcr Normaldruck mit einem Nennf\u00f6rderstrom von 2.000\u00a0l\/min bei einem Nennf\u00f6rderdruck von 10\u00a0bar)<\/td><\/tr><\/tbody><\/table><\/figure>\n<\/div><\/div>\n<\/div>\n<\/div>\n<\/div><\/div>\n\n\n\nngg_shortcode_0_placeholder\n","protected":false},"excerpt":{"rendered":"<p>Fahrzeug-Steckbrief Fahrzeugtyp L\u00f6schgruppenfahrzeug Katastrophenschutz (LF KatS) Fahrzeughersteller MAN Modell TGM 13.250 4\u00d74 BL Leistung 184 kW Hubraum 6.871 ccm Ma\u00dfe (LxBxH) 7.360 x 2.520 x 3.280 mm Gewicht (zGG) 14.000 kg Aufbau Lentner Baujahr 2011 Funkrufname Florian W\u00f6rth 2\/48 Besatzung Gruppe (0\/1\/8\/9) Einsatzgebiet Brandbek\u00e4mpfung und Wasserf\u00f6rderung \/ -transport Tank 1.000 Liter Wasser Pumpe FPN 10-2000\u00a0(Feuerl\u00f6schkreiselpumpe [&hellip;]<\/p>\n","protected":false},"author":6,"featured_media":0,"parent":8216,"menu_order":0,"comment_status":"closed","ping_status":"closed","template":"","meta":{"advgb_blocks_editor_width":"","advgb_blocks_columns_visual_guide":"","ngg_post_thumbnail":0,"footnotes":""},"class_list":["post-8218","page","type-page","status-publish","hentry"],"coauthors":[],"author_meta":{"author_link":"https:\/\/feuerwehrwoerth.de\/index.php\/author\/woerth200\/","display_name":"Einheit Maximiliansau"},"relative_dates":{"created":"Posted 2\u00a0Monaten ago","modified":"Updated 2\u00a0Monaten ago"},"absolute_dates":{"created":"Posted on 26. M\u00e4rz 2026","modified":"Updated on 31. M\u00e4rz 2026"},"absolute_dates_time":{"created":"Posted on 26. M\u00e4rz 2026 19:01","modified":"Updated on 31. M\u00e4rz 2026 18:57"},"featured_img_caption":"","featured_img":false,"series_order":"","jetpack_sharing_enabled":true,"_links":{"self":[{"href":"https:\/\/feuerwehrwoerth.de\/index.php\/wp-json\/wp\/v2\/pages\/8218","targetHints":{"allow":["GET"]}}],"collection":[{"href":"https:\/\/feuerwehrwoerth.de\/index.php\/wp-json\/wp\/v2\/pages"}],"about":[{"href":"https:\/\/feuerwehrwoerth.de\/index.php\/wp-json\/wp\/v2\/types\/page"}],"author":[{"embeddable":true,"href":"https:\/\/feuerwehrwoerth.de\/index.php\/wp-json\/wp\/v2\/users\/6"}],"replies":[{"embeddable":true,"href":"https:\/\/feuerwehrwoerth.de\/index.php\/wp-json\/wp\/v2\/comments?post=8218"}],"version-history":[{"count":4,"href":"https:\/\/feuerwehrwoerth.de\/index.php\/wp-json\/wp\/v2\/pages\/8218\/revisions"}],"predecessor-version":[{"id":8557,"href":"https:\/\/feuerwehrwoerth.de\/index.php\/wp-json\/wp\/v2\/pages\/8218\/revisions\/8557"}],"up":[{"embeddable":true,"href":"https:\/\/feuerwehrwoerth.de\/index.php\/wp-json\/wp\/v2\/pages\/8216"}],"wp:attachment":[{"href":"https:\/\/feuerwehrwoerth.de\/index.php\/wp-json\/wp\/v2\/media?parent=8218"}],"curies":[{"name":"wp","href":"https:\/\/api.w.org\/{rel}","templated":true}]}}