{"id":8221,"date":"2026-03-26T19:02:01","date_gmt":"2026-03-26T18:02:01","guid":{"rendered":"https:\/\/feuerwehrwoerth.de\/?page_id=8221"},"modified":"2026-03-31T18:58:02","modified_gmt":"2026-03-31T16:58:02","slug":"2-77-1-rtb-3-1993","status":"publish","type":"page","link":"https:\/\/feuerwehrwoerth.de\/index.php\/ueber-uns\/maximiliansau\/fahrzeuge-maximiliansau\/2-77-1-rtb-3-1993\/","title":{"rendered":"Florian W\u00f6rth 2\/77\/1 &#8211; RTB 3 (1993)"},"content":{"rendered":"\n<figure class=\"wp-block-image size-full\"><img loading=\"lazy\" decoding=\"async\" width=\"650\" height=\"480\" src=\"https:\/\/feuerwehrwoerth.de\/wp-content\/uploads\/2026\/03\/rtb3.jpg\" alt=\"\" class=\"wp-image-8512\" srcset=\"https:\/\/feuerwehrwoerth.de\/wp-content\/uploads\/2026\/03\/rtb3.jpg 650w, https:\/\/feuerwehrwoerth.de\/wp-content\/uploads\/2026\/03\/rtb3-300x222.jpg 300w, https:\/\/feuerwehrwoerth.de\/wp-content\/uploads\/2026\/03\/rtb3-500x369.jpg 500w\" sizes=\"auto, (max-width: 650px) 100vw, 650px\" \/><\/figure>\n\n\n\n<h2 class=\"wp-block-heading\">Fahrzeug-Steckbrief<\/h2>\n\n\n\n<div class=\"wp-block-group\"><div class=\"wp-block-group__inner-container is-layout-flow wp-block-group-is-layout-flow\">\n<div class=\"wp-block-columns is-layout-flex wp-container-core-columns-is-layout-9d6595d7 wp-block-columns-is-layout-flex\">\n<div class=\"wp-block-column is-layout-flow wp-block-column-is-layout-flow\" style=\"flex-basis:100%\">\n<div class=\"wp-block-group\"><div class=\"wp-block-group__inner-container is-layout-flow wp-block-group-is-layout-flow\">\n<figure class=\"wp-block-table is-style-stripes\"><table  class=\" table table-hover\" ><tbody><tr><td>Fahrzeugtyp<\/td><td>Rettungsboot (RTB) 3<\/td><\/tr><tr><td>Fahrzeughersteller<\/td><td>H. Barro<\/td><\/tr><tr><td>Baujahr<\/td><td>1993<\/td><\/tr><tr><td>Funkrufname<\/td><td>Florian W\u00f6rth 2\/77<\/td><\/tr><tr><td>Besatzung<\/td><td>1 Bootsf\u00fchrer, min. 2 Bootsm\u00e4nner<\/td><\/tr><tr><td>Einsatzgebiet<\/td><td>Wasserrettung<\/td><\/tr><\/tbody><\/table><\/figure>\n<\/div><\/div>\n<\/div>\n<\/div>\n<\/div><\/div>\n\n\n","protected":false},"excerpt":{"rendered":"<p>Fahrzeug-Steckbrief Fahrzeugtyp Rettungsboot (RTB) 3 Fahrzeughersteller H. Barro Baujahr 1993 Funkrufname Florian W\u00f6rth 2\/77 Besatzung 1 Bootsf\u00fchrer, min. 2 Bootsm\u00e4nner Einsatzgebiet Wasserrettung<\/p>\n","protected":false},"author":6,"featured_media":0,"parent":8216,"menu_order":0,"comment_status":"closed","ping_status":"closed","template":"","meta":{"advgb_blocks_editor_width":"","advgb_blocks_columns_visual_guide":"","ngg_post_thumbnail":0,"footnotes":""},"class_list":["post-8221","page","type-page","status-publish","hentry"],"coauthors":[],"author_meta":{"author_link":"https:\/\/feuerwehrwoerth.de\/index.php\/author\/woerth200\/","display_name":"Einheit Maximiliansau"},"relative_dates":{"created":"Posted 2\u00a0Monaten ago","modified":"Updated 2\u00a0Monaten ago"},"absolute_dates":{"created":"Posted on 26. M\u00e4rz 2026","modified":"Updated on 31. M\u00e4rz 2026"},"absolute_dates_time":{"created":"Posted on 26. M\u00e4rz 2026 19:02","modified":"Updated on 31. M\u00e4rz 2026 18:58"},"featured_img_caption":"","featured_img":false,"series_order":"","jetpack_sharing_enabled":true,"_links":{"self":[{"href":"https:\/\/feuerwehrwoerth.de\/index.php\/wp-json\/wp\/v2\/pages\/8221","targetHints":{"allow":["GET"]}}],"collection":[{"href":"https:\/\/feuerwehrwoerth.de\/index.php\/wp-json\/wp\/v2\/pages"}],"about":[{"href":"https:\/\/feuerwehrwoerth.de\/index.php\/wp-json\/wp\/v2\/types\/page"}],"author":[{"embeddable":true,"href":"https:\/\/feuerwehrwoerth.de\/index.php\/wp-json\/wp\/v2\/users\/6"}],"replies":[{"embeddable":true,"href":"https:\/\/feuerwehrwoerth.de\/index.php\/wp-json\/wp\/v2\/comments?post=8221"}],"version-history":[{"count":4,"href":"https:\/\/feuerwehrwoerth.de\/index.php\/wp-json\/wp\/v2\/pages\/8221\/revisions"}],"predecessor-version":[{"id":8558,"href":"https:\/\/feuerwehrwoerth.de\/index.php\/wp-json\/wp\/v2\/pages\/8221\/revisions\/8558"}],"up":[{"embeddable":true,"href":"https:\/\/feuerwehrwoerth.de\/index.php\/wp-json\/wp\/v2\/pages\/8216"}],"wp:attachment":[{"href":"https:\/\/feuerwehrwoerth.de\/index.php\/wp-json\/wp\/v2\/media?parent=8221"}],"curies":[{"name":"wp","href":"https:\/\/api.w.org\/{rel}","templated":true}]}}