{"id":8443,"date":"2026-03-30T23:05:43","date_gmt":"2026-03-30T21:05:43","guid":{"rendered":"https:\/\/feuerwehrwoerth.de\/?page_id=8443"},"modified":"2026-03-30T23:13:57","modified_gmt":"2026-03-30T21:13:57","slug":"termine-schaidt","status":"publish","type":"page","link":"https:\/\/feuerwehrwoerth.de\/index.php\/ueber-uns\/einheit-schaidt\/termine-schaidt\/","title":{"rendered":"Termine Schaidt"},"content":{"rendered":"\n<div class=\"r34ics-ajax-container loading\" data-args=\"ff39c502d8c7afba3c9a1b8b6175128b35dc1d74\" data-js-args=\"{&quot;debug&quot;:null}\" data-r34icsym=\"202605\" data-view-is-list-long=\"0\" data-view-is-list-style=\"0\" data-view=\"month\" id=\"r6a08d4544124e44\">\u00a0<\/div>\n","protected":false},"excerpt":{"rendered":"","protected":false},"author":7,"featured_media":0,"parent":8161,"menu_order":0,"comment_status":"closed","ping_status":"closed","template":"","meta":{"advgb_blocks_editor_width":"","advgb_blocks_columns_visual_guide":"","ngg_post_thumbnail":0,"footnotes":""},"class_list":["post-8443","page","type-page","status-publish","hentry"],"coauthors":[],"author_meta":{"author_link":"https:\/\/feuerwehrwoerth.de\/index.php\/author\/woerth300\/","display_name":"Einheit Schaidt"},"relative_dates":{"created":"Posted 2\u00a0Monaten ago","modified":"Updated 2\u00a0Monaten ago"},"absolute_dates":{"created":"Posted on 30. M\u00e4rz 2026","modified":"Updated on 30. M\u00e4rz 2026"},"absolute_dates_time":{"created":"Posted on 30. M\u00e4rz 2026 23:05","modified":"Updated on 30. M\u00e4rz 2026 23:13"},"featured_img_caption":"","featured_img":false,"series_order":"","jetpack_sharing_enabled":true,"_links":{"self":[{"href":"https:\/\/feuerwehrwoerth.de\/index.php\/wp-json\/wp\/v2\/pages\/8443","targetHints":{"allow":["GET"]}}],"collection":[{"href":"https:\/\/feuerwehrwoerth.de\/index.php\/wp-json\/wp\/v2\/pages"}],"about":[{"href":"https:\/\/feuerwehrwoerth.de\/index.php\/wp-json\/wp\/v2\/types\/page"}],"author":[{"embeddable":true,"href":"https:\/\/feuerwehrwoerth.de\/index.php\/wp-json\/wp\/v2\/users\/7"}],"replies":[{"embeddable":true,"href":"https:\/\/feuerwehrwoerth.de\/index.php\/wp-json\/wp\/v2\/comments?post=8443"}],"version-history":[{"count":1,"href":"https:\/\/feuerwehrwoerth.de\/index.php\/wp-json\/wp\/v2\/pages\/8443\/revisions"}],"predecessor-version":[{"id":8444,"href":"https:\/\/feuerwehrwoerth.de\/index.php\/wp-json\/wp\/v2\/pages\/8443\/revisions\/8444"}],"up":[{"embeddable":true,"href":"https:\/\/feuerwehrwoerth.de\/index.php\/wp-json\/wp\/v2\/pages\/8161"}],"wp:attachment":[{"href":"https:\/\/feuerwehrwoerth.de\/index.php\/wp-json\/wp\/v2\/media?parent=8443"}],"curies":[{"name":"wp","href":"https:\/\/api.w.org\/{rel}","templated":true}]}}