{"id":8537,"date":"2026-03-31T16:08:24","date_gmt":"2026-03-31T14:08:24","guid":{"rendered":"https:\/\/feuerwehrwoerth.de\/?page_id=8537"},"modified":"2026-03-31T16:09:35","modified_gmt":"2026-03-31T14:09:35","slug":"neuigkeiten-aus-woerth","status":"publish","type":"page","link":"https:\/\/feuerwehrwoerth.de\/index.php\/neuigkeiten-aus-woerth\/","title":{"rendered":"Neuigkeiten aus W\u00f6rth"},"content":{"rendered":"\n\t\t\t<div class=\"display-post-types\">\n\n\t\t\t\t\t\t\t\n\t\t\t\t\t\t\n\t\t\t\t<div id=\"dpt-wrapper-152\" class=\"dpt-wrapper dpt-grid1 multi-col dpt-mason-wrap\" >\n\n\t\t\t\t\t\t\t\t\t\t\t<div class=\"dpt-entry has-thumbnail\" data-title=\"w\u00f6rth: einladung tanz in den mai und feuerwehrfest\" data-id=\"9296\"  data-category=\"einheit w\u00f6rth\">\n\t\t\t\t\t\t\t<div class=\"dpt-entry-wrapper\"><div class=\" dpt-featured-content\"><div class=\" dpt-permalink\"><a href=\"https:\/\/feuerwehrwoerth.de\/index.php\/2026\/04\/02\/woerth-einladung-tanz-in-den-mai-und-feuerwehrfest\/\" class=\"dpt-permalink\"><span class=\"screen-reader-text\">W\u00f6rth: Einladung Tanz in den Mai und Feuerwehrfest<\/span><\/a><\/div><div class=\" dpt-thumbnail\"><div class=\"dpt-thumbnail-inner\"><img width=\"1600\" height=\"900\" class=\"attachment-full size-full\" alt=\"\" context=\"dpt\" data-dpt-src=\"https:\/\/feuerwehrwoerth.de\/wp-content\/uploads\/2026\/04\/c7734a59-a3c8-45b7-8ecc-5d91a28aa3a9.jpeg\" data-dpt-sizes=\"(max-width: 1600px) 100vw, 1600px\" data-dpt-srcset=\"https:\/\/feuerwehrwoerth.de\/wp-content\/uploads\/2026\/04\/c7734a59-a3c8-45b7-8ecc-5d91a28aa3a9.jpeg 1600w, https:\/\/feuerwehrwoerth.de\/wp-content\/uploads\/2026\/04\/c7734a59-a3c8-45b7-8ecc-5d91a28aa3a9-300x169.jpeg 300w, https:\/\/feuerwehrwoerth.de\/wp-content\/uploads\/2026\/04\/c7734a59-a3c8-45b7-8ecc-5d91a28aa3a9-1024x576.jpeg 1024w, https:\/\/feuerwehrwoerth.de\/wp-content\/uploads\/2026\/04\/c7734a59-a3c8-45b7-8ecc-5d91a28aa3a9-768x432.jpeg 768w, https:\/\/feuerwehrwoerth.de\/wp-content\/uploads\/2026\/04\/c7734a59-a3c8-45b7-8ecc-5d91a28aa3a9-1536x864.jpeg 1536w, https:\/\/feuerwehrwoerth.de\/wp-content\/uploads\/2026\/04\/c7734a59-a3c8-45b7-8ecc-5d91a28aa3a9-500x281.jpeg 500w, https:\/\/feuerwehrwoerth.de\/wp-content\/uploads\/2026\/04\/c7734a59-a3c8-45b7-8ecc-5d91a28aa3a9-800x450.jpeg 800w, https:\/\/feuerwehrwoerth.de\/wp-content\/uploads\/2026\/04\/c7734a59-a3c8-45b7-8ecc-5d91a28aa3a9-1280x720.jpeg 1280w\" \/><\/div><span class=\"dpt-thumbnail-aspect-ratio\" style=\"padding-top: 56%\"><\/span><\/div><\/div><div class=\" sub-entry\"><h3 class=\" dpt-title\"><a class=\"dpt-title-link\" href=\"https:\/\/feuerwehrwoerth.de\/index.php\/2026\/04\/02\/woerth-einladung-tanz-in-den-mai-und-feuerwehrfest\/\" rel=\"bookmark\">W\u00f6rth: Einladung Tanz in den Mai und Feuerwehrfest<\/a><\/h3><\/div><\/div>\n\t\t\t\t\t\t<\/div><!-- .dpt-entry -->\n\t\t\t\t\t\t\t\t\t\t\t\t<div class=\"dpt-entry has-thumbnail\" data-title=\"jahreshauptversammlung berichtsjahr 2025\" data-id=\"8061\"  data-category=\"allgemein einheit w\u00f6rth\">\n\t\t\t\t\t\t\t<div class=\"dpt-entry-wrapper\"><div class=\" dpt-featured-content\"><div class=\" dpt-permalink\"><a href=\"https:\/\/feuerwehrwoerth.de\/index.php\/2026\/01\/25\/jahreshauptversammlung-berichtsjahr-2025\/\" class=\"dpt-permalink\"><span class=\"screen-reader-text\">Jahreshauptversammlung Berichtsjahr 2025<\/span><\/a><\/div><div class=\" dpt-thumbnail\"><div class=\"dpt-thumbnail-inner\"><img width=\"750\" height=\"410\" class=\"attachment-full size-full\" alt=\"\" context=\"dpt\" data-dpt-src=\"https:\/\/feuerwehrwoerth.de\/wp-content\/uploads\/2026\/02\/jhv2025_artikelbild.jpg\" data-dpt-sizes=\"(max-width: 750px) 100vw, 750px\" data-dpt-srcset=\"https:\/\/feuerwehrwoerth.de\/wp-content\/uploads\/2026\/02\/jhv2025_artikelbild.jpg 750w, https:\/\/feuerwehrwoerth.de\/wp-content\/uploads\/2026\/02\/jhv2025_artikelbild-300x164.jpg 300w, https:\/\/feuerwehrwoerth.de\/wp-content\/uploads\/2026\/02\/jhv2025_artikelbild-500x273.jpg 500w\" \/><\/div><span class=\"dpt-thumbnail-aspect-ratio\" style=\"padding-top: 55%\"><\/span><\/div><\/div><div class=\" sub-entry\"><h3 class=\" dpt-title\"><a class=\"dpt-title-link\" href=\"https:\/\/feuerwehrwoerth.de\/index.php\/2026\/01\/25\/jahreshauptversammlung-berichtsjahr-2025\/\" rel=\"bookmark\">Jahreshauptversammlung Berichtsjahr 2025<\/a><\/h3><\/div><\/div>\n\t\t\t\t\t\t<\/div><!-- .dpt-entry -->\n\t\t\t\t\t\t\t\t\t\t\t\t<div class=\"dpt-entry has-thumbnail\" data-title=\"kameradschaftsabend 2025\" data-id=\"7770\"  data-category=\"allgemein einheit w\u00f6rth\">\n\t\t\t\t\t\t\t<div class=\"dpt-entry-wrapper\"><div class=\" dpt-featured-content\"><div class=\" dpt-permalink\"><a href=\"https:\/\/feuerwehrwoerth.de\/index.php\/2025\/10\/21\/kameradschaftsabend-2025\/\" class=\"dpt-permalink\"><span class=\"screen-reader-text\">Kameradschaftsabend 2025<\/span><\/a><\/div><div class=\" dpt-thumbnail\"><div class=\"dpt-thumbnail-inner\"><img width=\"750\" height=\"410\" class=\"attachment-full size-full\" alt=\"\" context=\"dpt\" data-dpt-src=\"https:\/\/feuerwehrwoerth.de\/wp-content\/uploads\/2025\/10\/WhatsApp-Image-2025-10-20-at-10.23.14.jpeg\" data-dpt-sizes=\"(max-width: 750px) 100vw, 750px\" data-dpt-srcset=\"https:\/\/feuerwehrwoerth.de\/wp-content\/uploads\/2025\/10\/WhatsApp-Image-2025-10-20-at-10.23.14.jpeg 750w, https:\/\/feuerwehrwoerth.de\/wp-content\/uploads\/2025\/10\/WhatsApp-Image-2025-10-20-at-10.23.14-300x164.jpeg 300w, https:\/\/feuerwehrwoerth.de\/wp-content\/uploads\/2025\/10\/WhatsApp-Image-2025-10-20-at-10.23.14-500x273.jpeg 500w\" \/><\/div><span class=\"dpt-thumbnail-aspect-ratio\" style=\"padding-top: 55%\"><\/span><\/div><\/div><div class=\" sub-entry\"><h3 class=\" dpt-title\"><a class=\"dpt-title-link\" href=\"https:\/\/feuerwehrwoerth.de\/index.php\/2025\/10\/21\/kameradschaftsabend-2025\/\" rel=\"bookmark\">Kameradschaftsabend 2025<\/a><\/h3><\/div><\/div>\n\t\t\t\t\t\t<\/div><!-- .dpt-entry -->\n\t\t\t\t\t\t\t\t\t\t\t\t<div class=\"dpt-entry has-thumbnail\" data-title=\"besuch der berufsmesse\" data-id=\"7408\"  data-category=\"allgemein einheit w\u00f6rth\">\n\t\t\t\t\t\t\t<div class=\"dpt-entry-wrapper\"><div class=\" dpt-featured-content\"><div class=\" dpt-permalink\"><a href=\"https:\/\/feuerwehrwoerth.de\/index.php\/2025\/06\/14\/besuch-der-berufsmesse\/\" class=\"dpt-permalink\"><span class=\"screen-reader-text\">Besuch der Berufsmesse<\/span><\/a><\/div><div class=\" dpt-thumbnail\"><div class=\"dpt-thumbnail-inner\"><img width=\"750\" height=\"410\" class=\"attachment-full size-full\" alt=\"\" context=\"dpt\" data-dpt-src=\"https:\/\/feuerwehrwoerth.de\/wp-content\/uploads\/2025\/06\/titelbild_WhatsApp-Image-2025-06-14-at-16.18.51-copy.jpeg\" data-dpt-sizes=\"(max-width: 750px) 100vw, 750px\" data-dpt-srcset=\"https:\/\/feuerwehrwoerth.de\/wp-content\/uploads\/2025\/06\/titelbild_WhatsApp-Image-2025-06-14-at-16.18.51-copy.jpeg 750w, https:\/\/feuerwehrwoerth.de\/wp-content\/uploads\/2025\/06\/titelbild_WhatsApp-Image-2025-06-14-at-16.18.51-copy-300x164.jpeg 300w, https:\/\/feuerwehrwoerth.de\/wp-content\/uploads\/2025\/06\/titelbild_WhatsApp-Image-2025-06-14-at-16.18.51-copy-500x273.jpeg 500w\" \/><\/div><span class=\"dpt-thumbnail-aspect-ratio\" style=\"padding-top: 55%\"><\/span><\/div><\/div><div class=\" sub-entry\"><h3 class=\" dpt-title\"><a class=\"dpt-title-link\" href=\"https:\/\/feuerwehrwoerth.de\/index.php\/2025\/06\/14\/besuch-der-berufsmesse\/\" rel=\"bookmark\">Besuch der Berufsmesse<\/a><\/h3><\/div><\/div>\n\t\t\t\t\t\t<\/div><!-- .dpt-entry -->\n\t\t\t\t\t\t\t\t\t\t\t\t<div class=\"dpt-entry has-thumbnail\" data-title=\"bericht: feuerwehrfest in zwei akten \u2013 tanz, tradition und ein kleiner einsatz\" data-id=\"7263\"  data-category=\"allgemein einheit w\u00f6rth\" data-post_tag=\"feuerwehrfest 1. mai\">\n\t\t\t\t\t\t\t<div class=\"dpt-entry-wrapper\"><div class=\" dpt-featured-content\"><div class=\" dpt-permalink\"><a href=\"https:\/\/feuerwehrwoerth.de\/index.php\/2025\/05\/04\/bericht-feuerwehrfest-in-zwei-akten-tanz-tradition-und-ein-kleiner-einsatz\/\" class=\"dpt-permalink\"><span class=\"screen-reader-text\">Bericht: Feuerwehrfest in zwei Akten \u2013 Tanz, Tradition und ein kleiner Einsatz<\/span><\/a><\/div><div class=\" dpt-thumbnail\"><div class=\"dpt-thumbnail-inner\"><img width=\"750\" height=\"410\" class=\"attachment-full size-full\" alt=\"\" context=\"dpt\" data-dpt-src=\"https:\/\/feuerwehrwoerth.de\/wp-content\/uploads\/2025\/05\/titelWhatsApp-Image-2025-05-04-at-10.34.32.jpeg\" data-dpt-sizes=\"(max-width: 750px) 100vw, 750px\" data-dpt-srcset=\"https:\/\/feuerwehrwoerth.de\/wp-content\/uploads\/2025\/05\/titelWhatsApp-Image-2025-05-04-at-10.34.32.jpeg 750w, https:\/\/feuerwehrwoerth.de\/wp-content\/uploads\/2025\/05\/titelWhatsApp-Image-2025-05-04-at-10.34.32-300x164.jpeg 300w, https:\/\/feuerwehrwoerth.de\/wp-content\/uploads\/2025\/05\/titelWhatsApp-Image-2025-05-04-at-10.34.32-500x273.jpeg 500w\" \/><\/div><span class=\"dpt-thumbnail-aspect-ratio\" style=\"padding-top: 55%\"><\/span><\/div><\/div><div class=\" sub-entry\"><h3 class=\" dpt-title\"><a class=\"dpt-title-link\" href=\"https:\/\/feuerwehrwoerth.de\/index.php\/2025\/05\/04\/bericht-feuerwehrfest-in-zwei-akten-tanz-tradition-und-ein-kleiner-einsatz\/\" rel=\"bookmark\">Bericht: Feuerwehrfest in zwei Akten \u2013 Tanz, Tradition und ein kleiner Einsatz<\/a><\/h3><\/div><\/div>\n\t\t\t\t\t\t<\/div><!-- .dpt-entry -->\n\t\t\t\t\t\t\n\t\t\t\t<\/div>\n\t\t\t<div class=\"dp-pagination\"><\/div>\t\t\t<\/div>\n\t\t\t<style class=\"advgb-styles-renderer\">\n\t\t\t#dpt-wrapper-152 { --dpt-text-align: left;--dpt-image-crop: center;--dpt-border-radius: 5px;--dpt-small-grid-column: 33.33%;--dpt-large-grid-column: 33.333333333333%;--dpt-h-gutter: 10px;--dpt-v-gutter: 10px; }\t\t\t#dpt-wrapper-152 { --dpt-title-font-style:normal;--dpt-title-font-weight:600;--dpt-title-line-height:1.5;--dpt-title-text-decoration:none;--dpt-title-text-transform:none;--dpt-excerpt-font-style:normal;--dpt-excerpt-font-weight:400;--dpt-excerpt-line-height:1.5;--dpt-excerpt-text-decoration:none;--dpt-excerpt-text-transform:none;--dpt-meta1-font-style:normal;--dpt-meta1-font-weight:400;--dpt-meta1-line-height:1.9;--dpt-meta1-text-decoration:none;--dpt-meta1-text-transform:none;--dpt-meta2-font-style:normal;--dpt-meta2-font-weight:400;--dpt-meta2-line-height:1.9;--dpt-meta2-text-decoration:none;--dpt-meta2-text-transform:none; }<\/style>","protected":false},"excerpt":{"rendered":"","protected":false},"author":1,"featured_media":0,"parent":0,"menu_order":0,"comment_status":"closed","ping_status":"closed","template":"","meta":{"advgb_blocks_editor_width":"","advgb_blocks_columns_visual_guide":"","ngg_post_thumbnail":0,"footnotes":""},"class_list":["post-8537","page","type-page","status-publish","hentry"],"coauthors":[],"author_meta":{"author_link":"https:\/\/feuerwehrwoerth.de\/index.php\/author\/chris\/","display_name":"Christian"},"relative_dates":{"created":"Posted 2\u00a0Monaten ago","modified":"Updated 2\u00a0Monaten ago"},"absolute_dates":{"created":"Posted on 31. M\u00e4rz 2026","modified":"Updated on 31. M\u00e4rz 2026"},"absolute_dates_time":{"created":"Posted on 31. M\u00e4rz 2026 16:08","modified":"Updated on 31. M\u00e4rz 2026 16:09"},"featured_img_caption":"","featured_img":false,"series_order":"","jetpack_sharing_enabled":true,"_links":{"self":[{"href":"https:\/\/feuerwehrwoerth.de\/index.php\/wp-json\/wp\/v2\/pages\/8537","targetHints":{"allow":["GET"]}}],"collection":[{"href":"https:\/\/feuerwehrwoerth.de\/index.php\/wp-json\/wp\/v2\/pages"}],"about":[{"href":"https:\/\/feuerwehrwoerth.de\/index.php\/wp-json\/wp\/v2\/types\/page"}],"author":[{"embeddable":true,"href":"https:\/\/feuerwehrwoerth.de\/index.php\/wp-json\/wp\/v2\/users\/1"}],"replies":[{"embeddable":true,"href":"https:\/\/feuerwehrwoerth.de\/index.php\/wp-json\/wp\/v2\/comments?post=8537"}],"version-history":[{"count":2,"href":"https:\/\/feuerwehrwoerth.de\/index.php\/wp-json\/wp\/v2\/pages\/8537\/revisions"}],"predecessor-version":[{"id":8540,"href":"https:\/\/feuerwehrwoerth.de\/index.php\/wp-json\/wp\/v2\/pages\/8537\/revisions\/8540"}],"wp:attachment":[{"href":"https:\/\/feuerwehrwoerth.de\/index.php\/wp-json\/wp\/v2\/media?parent=8537"}],"curies":[{"name":"wp","href":"https:\/\/api.w.org\/{rel}","templated":true}]}}