{"id":8599,"date":"2026-03-31T21:57:58","date_gmt":"2026-03-31T19:57:58","guid":{"rendered":"https:\/\/feuerwehrwoerth.de\/?page_id=8599"},"modified":"2026-04-07T18:42:05","modified_gmt":"2026-04-07T16:42:05","slug":"einheiten","status":"publish","type":"page","link":"https:\/\/feuerwehrwoerth.de\/index.php\/einheiten\/","title":{"rendered":"Einheiten"},"content":{"rendered":"\n<p>Die Stadt W\u00f6rth am Rhein liegt im S\u00fcden von Rheinland\u2011Pfalz, eingebettet in den Rand des Bienwaldes und direkt am Rhein. Mit 18.387 Einwohnern (Stand 2024) geh\u00f6rt die Kommune zu den bedeutenden St\u00e4dten der S\u00fcdpfalz. Die Bev\u00f6lkerung verteilt sich auf vier Ortsteile, wobei der Ortsteil W\u00f6rth mit \u00fcber 9.000 Einwohnern der gr\u00f6\u00dfte ist.<\/p>\n\n\n\n<p>W\u00f6rth am Rhein ist ein wichtiger Industrie- und Wirtschaftsstandort. Hier befinden sich unter anderem<\/p>\n\n\n\n<ul class=\"wp-block-list\">\n<li>Das weltweit gr\u00f6\u00dfte LKW\u2011Montagewerk,<\/li>\n\n\n\n<li>Eine der modernsten Papierfabriken Europas,<\/li>\n\n\n\n<li>Ein Betrieb mit der gr\u00f6\u00dften Getr\u00e4nkeabf\u00fcllanlage Europas,<\/li>\n\n\n\n<li>Sowie ein Rheinhafen mit Containerumschlag und ein G\u00fcterverkehrszentrum.<\/li>\n<\/ul>\n\n\n\n<p>Auch verkehrstechnisch ist die Stadt hervorragend angebunden: Eine Bundesautobahn, zwei Bundesstra\u00dfen, ein Bahnknotenpunkt sowie die Stadtbahn sorgen f\u00fcr schnelle Wege in alle Richtungen. Zwei Rheinbr\u00fccken \u2013 jeweils f\u00fcr Stra\u00dfe und Schiene \u2013 verbinden W\u00f6rth zuverl\u00e4ssig mit Baden\u2011W\u00fcrttemberg.<\/p>\n\n\n\n<p>Mit ihrer fast 750\u2011j\u00e4hrigen Geschichte, ihrer starken Wirtschaft und ihrer strategisch g\u00fcnstigen Lage bildet die Stadt W\u00f6rth am Rhein einen lebendigen und zukunftsorientierten Mittelpunkt der Region.<\/p>\n\n\n\n<p>Doch nun zur Feuerwehr\u2026<\/p>\n\n\n\n<div class=\"wp-block-media-text has-media-on-the-right is-stacked-on-mobile\" style=\"grid-template-columns:auto 51%\"><div class=\"wp-block-media-text__content\">\n<p>Die Freiwillige Feuerwehr der Stadt W\u00f6rth am Rhein verteilt sich auf die vier Einheiten W\u00f6rth, Maximiliansau, Schaidt und B\u00fcchelberg. In ihrer gesamten Historie basiert die Einsatzabteilung der Kommune auch heute vollst\u00e4ndig auf ehrenamtlichem Engagement. Unterst\u00fctzt wird sie durch zwei hauptamtliche Ger\u00e4tewarte, die zugleich aktive Mitglieder der Einsatzabteilung sind.<\/p>\n<\/div><figure class=\"wp-block-media-text__media\"><img loading=\"lazy\" decoding=\"async\" width=\"750\" height=\"410\" src=\"https:\/\/feuerwehrwoerth.de\/wp-content\/uploads\/2026\/04\/Copilot_20260401_104636-copy.png\" alt=\"\" class=\"wp-image-9018 size-full\" srcset=\"https:\/\/feuerwehrwoerth.de\/wp-content\/uploads\/2026\/04\/Copilot_20260401_104636-copy.png 750w, https:\/\/feuerwehrwoerth.de\/wp-content\/uploads\/2026\/04\/Copilot_20260401_104636-copy-300x164.png 300w, https:\/\/feuerwehrwoerth.de\/wp-content\/uploads\/2026\/04\/Copilot_20260401_104636-copy-500x273.png 500w\" sizes=\"auto, (max-width: 750px) 100vw, 750px\" \/><\/figure><\/div>\n\n\n\n<p>Die Feuerwehr \u00fcbernimmt ein breites Spektrum an Aufgaben im Brand\u2011 und Katastrophenschutz. Sie ist in mehrere Facheinheiten des Landkreises eingebunden \u2013 darunter der Gefahrstoffzug und die Technische Einsatzleitung \u2013 sowie in landesweite Strukturen des Hochwasserschutzes. Zudem befindet sich in W\u00f6rth die Ausweichstelle des Katastrophenschutzstabes des Landkreises Germersheim.<\/p>\n\n\n\n<p>Besonderen Wert legt die Feuerwehr traditionell auf eine umfassende und praxisnahe Ausbildung. In zahlreichen \u00dcbungs\u2011 und Ausbildungsstunden werden neben den klassischen Aufgaben wie Brandbek\u00e4mpfung und Technischer Hilfeleistung auch Spezialthemen vermittelt \u2013 darunter der Umgang mit Chemikalienschutzanz\u00fcgen, das Vorgehen bei Unf\u00e4llen mit der Stadtbahn sowie die Arbeit in der Absturzsicherung.<\/p>\n\n\n\n<p>Mit ihren vier Einheiten, vielf\u00e4ltigen Fachaufgaben und einer modernen Infrastruktur bildet die Feuerwehr W\u00f6rth am Rhein einen zentralen Pfeiler der Gefahrenabwehr in der gesamten S\u00fcdpfalz.<\/p>\n\n\n\n<iframe src=\"https:\/\/www.google.com\/maps\/embed?pb=!1m18!1m12!1m3!1d97214.77235768996!2d8.125870019534721!3d49.036374195331696!2m3!1f0!2f0!3f0!3m2!1i1024!2i768!4f13.1!3m3!1m2!1s0x4796ffb389ecdd41%3A0x422d4d510db5f30!2s76744%20W%C3%B6rth%20am%20Rhein%2C%20Deutschland!5e1!3m2!1sde!2sus!4v1775579813655!5m2!1sde!2sus\" width=\"600\" height=\"450\" style=\"border:0;\" allowfullscreen=\"\" loading=\"lazy\" referrerpolicy=\"no-referrer-when-downgrade\"><\/iframe>\n","protected":false},"excerpt":{"rendered":"<p>Die Stadt W\u00f6rth am Rhein liegt im S\u00fcden von Rheinland\u2011Pfalz, eingebettet in den Rand des Bienwaldes und direkt am Rhein. Mit 18.387 Einwohnern (Stand 2024) geh\u00f6rt die Kommune zu den bedeutenden St\u00e4dten der S\u00fcdpfalz. Die Bev\u00f6lkerung verteilt sich auf vier Ortsteile, wobei der Ortsteil W\u00f6rth mit \u00fcber 9.000 Einwohnern der gr\u00f6\u00dfte ist. W\u00f6rth am Rhein [&hellip;]<\/p>\n","protected":false},"author":2,"featured_media":0,"parent":0,"menu_order":0,"comment_status":"closed","ping_status":"closed","template":"","meta":{"advgb_blocks_editor_width":"","advgb_blocks_columns_visual_guide":"","ngg_post_thumbnail":0,"footnotes":""},"class_list":["post-8599","page","type-page","status-publish","hentry"],"coauthors":[],"author_meta":{"author_link":"https:\/\/feuerwehrwoerth.de\/index.php\/author\/tobias\/","display_name":"Tobias"},"relative_dates":{"created":"Posted 2\u00a0Monaten ago","modified":"Updated 1\u00a0Monat ago"},"absolute_dates":{"created":"Posted on 31. M\u00e4rz 2026","modified":"Updated on 7. April 2026"},"absolute_dates_time":{"created":"Posted on 31. M\u00e4rz 2026 21:57","modified":"Updated on 7. April 2026 18:42"},"featured_img_caption":"","featured_img":false,"series_order":"","jetpack_sharing_enabled":true,"_links":{"self":[{"href":"https:\/\/feuerwehrwoerth.de\/index.php\/wp-json\/wp\/v2\/pages\/8599","targetHints":{"allow":["GET"]}}],"collection":[{"href":"https:\/\/feuerwehrwoerth.de\/index.php\/wp-json\/wp\/v2\/pages"}],"about":[{"href":"https:\/\/feuerwehrwoerth.de\/index.php\/wp-json\/wp\/v2\/types\/page"}],"author":[{"embeddable":true,"href":"https:\/\/feuerwehrwoerth.de\/index.php\/wp-json\/wp\/v2\/users\/2"}],"replies":[{"embeddable":true,"href":"https:\/\/feuerwehrwoerth.de\/index.php\/wp-json\/wp\/v2\/comments?post=8599"}],"version-history":[{"count":13,"href":"https:\/\/feuerwehrwoerth.de\/index.php\/wp-json\/wp\/v2\/pages\/8599\/revisions"}],"predecessor-version":[{"id":9151,"href":"https:\/\/feuerwehrwoerth.de\/index.php\/wp-json\/wp\/v2\/pages\/8599\/revisions\/9151"}],"wp:attachment":[{"href":"https:\/\/feuerwehrwoerth.de\/index.php\/wp-json\/wp\/v2\/media?parent=8599"}],"curies":[{"name":"wp","href":"https:\/\/api.w.org\/{rel}","templated":true}]}}